{"id":961,"date":"2025-08-07T11:32:59","date_gmt":"2025-08-07T09:32:59","guid":{"rendered":"https:\/\/twp.starinux.org\/?page_id=961"},"modified":"2026-01-15T17:26:50","modified_gmt":"2026-01-15T16:26:50","slug":"recrutement","status":"publish","type":"page","link":"https:\/\/www.starinux.org\/?page_id=961","title":{"rendered":"Recrutement"},"content":{"rendered":"\n<div class=\"wp-block-columns is-layout-flex wp-container-core-columns-is-layout-8f761849 wp-block-columns-is-layout-flex\">\n<div class=\"wp-block-column is-layout-flow wp-block-column-is-layout-flow\" style=\"flex-basis:100%\">\n<figure class=\"wp-block-table\"><table class=\"has-vivid-purple-color has-text-color has-link-color has-fixed-layout\"><tbody><tr><td><strong>METTRE LES TALENTS DE<br><br>Si vous ne savez pas, apprenez &nbsp;<\/strong><\/td><td class=\"has-text-align-center\" data-align=\"center\"><img loading=\"lazy\" decoding=\"async\" width=\"145\" height=\"114\" class=\"wp-image-909\" style=\"width: 145px;\" src=\"https:\/\/www.starinux.org\/wp-content\/uploads\/2025\/08\/logo-sx-cravate.jpg\" alt=\"\"><\/td><td>&nbsp;<strong>CHACUN AU SERVICE DE TOUS<br><br>&nbsp; Si vous savez, partagez<\/strong><\/td><\/tr><\/tbody><\/table><\/figure>\n<\/div>\n<\/div>\n\n\n\n<p class=\"wp-block-paragraph\">StarinuX, ce n&rsquo;est pas que des cotisations, elle recherche un.e &nbsp;&nbsp;(clic sur une fonction)<\/p>\n\n\n\n<p class=\"has-vivid-cyan-blue-color has-text-color has-link-color wp-elements-e86f172d51810b6937e07b0c5200e6af wp-block-paragraph\">&nbsp;.<a href=\"https:\/\/www.starinux.org\/wp-content\/uploads\/2025\/08\/Fonction-Webmaster.pdf\" target=\"_blank\" rel=\"noreferrer noopener\"><strong>WEBMASTER adjoint(e)<\/strong><\/a>&nbsp;(pour son site Web),<\/p>\n\n\n\n<p class=\"has-vivid-cyan-blue-color has-text-color has-link-color wp-elements-ae16b50ba968315a498b5c74beb85dbf wp-block-paragraph\">. <a href=\"https:\/\/www.starinux.org\/wp-content\/uploads\/2025\/08\/Fonction-Webdesigner.pdf\" target=\"_blank\" rel=\"noreferrer noopener\"><strong>WEBDESIGNER<\/strong><\/a>&nbsp;(esth\u00e9tique site Web, flyers, kak\u00e9mono, b\u00e2che),<\/p>\n\n\n\n<p class=\"has-vivid-cyan-blue-color has-text-color has-link-color wp-elements-fd6a92d69bb4d3180b69b63c158781b3 wp-block-paragraph\">. <a href=\"https:\/\/www.starinux.org\/ag-23-2024\/charge-communication-sx.pdf\" target=\"_blank\" rel=\"noreferrer noopener\"><strong>CHARG\u00c9(e) DE COMMUNICATION<\/strong>&nbsp;(r\u00e9seaux sociaux)<\/a>,<\/p>\n\n\n\n<p class=\"has-vivid-cyan-blue-color has-text-color has-link-color wp-elements-05632029db11419b895fe2527d27a9af wp-block-paragraph\"><\/p>\n\n\n\n<p class=\"has-pale-pink-background-color has-background wp-block-paragraph\">Occuper une fonction technique est aussi une belle opportunit\u00e9 : apprendre, mieux vous pr\u00e9parer \u00e0 la vie active et augmenter vos chances de trouver un emploi qui vous convient (bon effet sur un CV).<\/p>\n","protected":false},"excerpt":{"rendered":"<p>METTRE LES TALENTS DE Si vous ne savez pas, apprenez &nbsp; &nbsp;CHACUN AU SERVICE DE TOUS &nbsp; Si vous savez, partagez StarinuX, ce n&rsquo;est pas que des cotisations, elle recherche un.e &nbsp;&nbsp;(clic sur une fonction) &nbsp;.WEBMASTER adjoint(e)&nbsp;(pour son site Web), . WEBDESIGNER&nbsp;(esth\u00e9tique site Web, flyers, kak\u00e9mono, b\u00e2che), . CHARG\u00c9(e) DE COMMUNICATION&nbsp;(r\u00e9seaux sociaux), Occuper une fonction &hellip; <\/p>\n<p><a class=\"more-link btn\" href=\"https:\/\/www.starinux.org\/?page_id=961\">Lire la suite<\/a><\/p>\n","protected":false},"author":2,"featured_media":0,"parent":0,"menu_order":0,"comment_status":"closed","ping_status":"closed","template":"","meta":{"_bbp_topic_count":0,"_bbp_reply_count":0,"_bbp_total_topic_count":0,"_bbp_total_reply_count":0,"_bbp_voice_count":0,"_bbp_anonymous_reply_count":0,"_bbp_topic_count_hidden":0,"_bbp_reply_count_hidden":0,"_bbp_forum_subforum_count":0,"_crdt_document":"","_piecal_is_event":false,"_piecal_start_date":"","_piecal_end_date":"","_piecal_is_allday":false,"footnotes":""},"class_list":["post-961","page","type-page","status-publish","hentry","nodate","item-wrap"],"publishpress_future_action":{"enabled":false,"date":"2026-04-23 01:21:16","action":"change-status","newStatus":"draft","terms":[],"taxonomy":"","extraData":[]},"publishpress_future_workflow_manual_trigger":{"enabledWorkflows":[]},"_links":{"self":[{"href":"https:\/\/www.starinux.org\/index.php?rest_route=\/wp\/v2\/pages\/961","targetHints":{"allow":["GET"]}}],"collection":[{"href":"https:\/\/www.starinux.org\/index.php?rest_route=\/wp\/v2\/pages"}],"about":[{"href":"https:\/\/www.starinux.org\/index.php?rest_route=\/wp\/v2\/types\/page"}],"author":[{"embeddable":true,"href":"https:\/\/www.starinux.org\/index.php?rest_route=\/wp\/v2\/users\/2"}],"replies":[{"embeddable":true,"href":"https:\/\/www.starinux.org\/index.php?rest_route=%2Fwp%2Fv2%2Fcomments&post=961"}],"version-history":[{"count":11,"href":"https:\/\/www.starinux.org\/index.php?rest_route=\/wp\/v2\/pages\/961\/revisions"}],"predecessor-version":[{"id":1667,"href":"https:\/\/www.starinux.org\/index.php?rest_route=\/wp\/v2\/pages\/961\/revisions\/1667"}],"wp:attachment":[{"href":"https:\/\/www.starinux.org\/index.php?rest_route=%2Fwp%2Fv2%2Fmedia&parent=961"}],"curies":[{"name":"wp","href":"https:\/\/api.w.org\/{rel}","templated":true}]}}