{"id":577,"date":"2025-07-11T15:08:53","date_gmt":"2025-07-11T15:08:53","guid":{"rendered":"https:\/\/twp.starinux.org\/?page_id=577"},"modified":"2025-10-29T13:32:14","modified_gmt":"2025-10-29T11:32:14","slug":"sugar-linux","status":"publish","type":"page","link":"https:\/\/www.starinux.org\/?page_id=577","title":{"rendered":"Sugar Linux"},"content":{"rendered":"\n<p class=\"wp-block-paragraph\">                                                                                                    <\/p>\n\n\n<div class=\"wp-block-image\">\n<figure class=\"aligncenter is-resized\"><img decoding=\"async\" src=\"https:\/\/www.starinux.org\/images\/sucre.jpg\" alt=\"\" style=\"width:240px;height:auto\"\/><\/figure>\n<\/div>\n\n\n<p class=\"wp-block-paragraph\"><\/p>\n\n\n\n<h1 class=\"wp-block-heading has-text-align-center has-vivid-purple-color has-text-color has-link-color has-larger-font-size wp-elements-1b61f2528ea8d9b2f24d09f3f35867b3\">La distribution GNU\/LINUX &#8211; SUGAR pour les enfants<\/h1>\n\n\n\n<p class=\"wp-block-paragraph\">Rien n&rsquo;arr\u00eate Linux &nbsp; (et en plus, \u00e7a fait pas mal aux dents) !<\/p>\n\n\n\n<p class=\"wp-block-paragraph\">L&rsquo;environnement GNU\/Linux Sugar est un projet collaboratif visant \u00e0 offrir \u00e0 chaque enfant les m\u00eames opportunit\u00e9s pour une \u00e9ducation de qualit\u00e9, au travers d&rsquo;un environnement d&rsquo;apprentissage ludique, simple et enti\u00e8rement repens\u00e9.<\/p>\n\n\n\n<p class=\"has-vivid-cyan-blue-color has-text-color has-link-color wp-elements-387eea8602ae6cd1a84989e4ddeae502 wp-block-paragraph\"><a href=\"http:\/\/www.bytecode.ch\/Sugar-GNU-Linux-aussi-pour-les-enfants-0430.html\" target=\"_blank\" rel=\"noreferrer noopener\">GNU\/Linux, c&rsquo;est aussi pour les enfants (clic)<\/a>.<\/p>\n\n\n\n<p class=\"has-vivid-cyan-blue-color has-text-color has-link-color wp-elements-3a3d0ce4d7062fe1cea45923702ce7b9 wp-block-paragraph\"><a href=\"http:\/\/www.sugarlabs.org\/index.php\" target=\"_blank\" rel=\"noreferrer noopener\">Voir le site du projet : www.sugarlabs.org\/<\/a>.<\/p>\n\n\n\n<p class=\"has-vivid-cyan-blue-color has-text-color has-link-color wp-elements-3d951524e32594bdabb864d28daabb7b wp-block-paragraph\"><a href=\"http:\/\/wiki.sugarlabs.org\/go\/Sugar_on_a_Stick\" target=\"_blank\" rel=\"noreferrer noopener\">T\u00e9l\u00e9charger Sugar-Linux sur une clef USB amor\u00e7able ou sur un Live-CD<\/a>.<\/p>\n\n\n\n<p class=\"wp-block-paragraph\"><br>GNU\/Linux, m\u00eame les enfants le demandent !<\/p>\n","protected":false},"excerpt":{"rendered":"<p>La distribution GNU\/LINUX &#8211; SUGAR pour les enfants Rien n&rsquo;arr\u00eate Linux &nbsp; (et en plus, \u00e7a fait pas mal aux dents) ! L&rsquo;environnement GNU\/Linux Sugar est un projet collaboratif visant \u00e0 offrir \u00e0 chaque enfant les m\u00eames opportunit\u00e9s pour une \u00e9ducation de qualit\u00e9, au travers d&rsquo;un environnement d&rsquo;apprentissage ludique, simple et enti\u00e8rement repens\u00e9. GNU\/Linux, c&rsquo;est &hellip; <\/p>\n<p><a class=\"more-link btn\" href=\"https:\/\/www.starinux.org\/?page_id=577\">Lire la suite<\/a><\/p>\n","protected":false},"author":2,"featured_media":0,"parent":42,"menu_order":0,"comment_status":"closed","ping_status":"closed","template":"","meta":{"_bbp_topic_count":0,"_bbp_reply_count":0,"_bbp_total_topic_count":0,"_bbp_total_reply_count":0,"_bbp_voice_count":0,"_bbp_anonymous_reply_count":0,"_bbp_topic_count_hidden":0,"_bbp_reply_count_hidden":0,"_bbp_forum_subforum_count":0,"_crdt_document":"","_piecal_is_event":false,"_piecal_start_date":"","_piecal_end_date":"","_piecal_is_allday":false,"footnotes":""},"class_list":["post-577","page","type-page","status-publish","hentry","nodate","item-wrap"],"publishpress_future_action":{"enabled":false,"date":"2026-04-15 12:26:52","action":"change-status","newStatus":"draft","terms":[],"taxonomy":"","extraData":[]},"publishpress_future_workflow_manual_trigger":{"enabledWorkflows":[]},"_links":{"self":[{"href":"https:\/\/www.starinux.org\/index.php?rest_route=\/wp\/v2\/pages\/577","targetHints":{"allow":["GET"]}}],"collection":[{"href":"https:\/\/www.starinux.org\/index.php?rest_route=\/wp\/v2\/pages"}],"about":[{"href":"https:\/\/www.starinux.org\/index.php?rest_route=\/wp\/v2\/types\/page"}],"author":[{"embeddable":true,"href":"https:\/\/www.starinux.org\/index.php?rest_route=\/wp\/v2\/users\/2"}],"replies":[{"embeddable":true,"href":"https:\/\/www.starinux.org\/index.php?rest_route=%2Fwp%2Fv2%2Fcomments&post=577"}],"version-history":[{"count":6,"href":"https:\/\/www.starinux.org\/index.php?rest_route=\/wp\/v2\/pages\/577\/revisions"}],"predecessor-version":[{"id":762,"href":"https:\/\/www.starinux.org\/index.php?rest_route=\/wp\/v2\/pages\/577\/revisions\/762"}],"up":[{"embeddable":true,"href":"https:\/\/www.starinux.org\/index.php?rest_route=\/wp\/v2\/pages\/42"}],"wp:attachment":[{"href":"https:\/\/www.starinux.org\/index.php?rest_route=%2Fwp%2Fv2%2Fmedia&parent=577"}],"curies":[{"name":"wp","href":"https:\/\/api.w.org\/{rel}","templated":true}]}}