{"id":558,"date":"2025-07-11T14:23:34","date_gmt":"2025-07-11T14:23:34","guid":{"rendered":"https:\/\/twp.starinux.org\/?page_id=558"},"modified":"2025-10-29T13:31:02","modified_gmt":"2025-10-29T11:31:02","slug":"boot-unix","status":"publish","type":"page","link":"https:\/\/www.starinux.org\/?page_id=558","title":{"rendered":"Boot-unix"},"content":{"rendered":"\n<p class=\"wp-block-paragraph\"><b>Quand Microsoft faisait &nbsp;&nbsp;<img decoding=\"async\" src=\"https:\/\/www.starinux.org\/images\/ms-xenix.png\" align=\"middle\">&nbsp;&nbsp; de L&rsquo;UNIX avec Xenix !<\/b><\/p>\n\n\n\n<h4 class=\"wp-block-heading has-text-align-left has-vivid-purple-color has-text-color has-link-color wp-elements-6ed46b0ac92c612aad602b5d54e2ec62\">Le d\u00e9marrage d&rsquo;UNIX et de LINUX pour les Micro-ordinateurs et les PC<\/h4>\n\n\n\n<hr class=\"wp-block-separator has-text-color has-cyan-bluish-gray-color has-alpha-channel-opacity has-cyan-bluish-gray-background-color has-background is-style-wide\"\/>\n\n\n\n<p class=\"wp-block-paragraph\">Des infos tr\u00e8s int\u00e9ressantes pour mieux comprendre toute la saga d&rsquo;Unix et de Linux.<\/p>\n\n\n\n<p class=\"has-vivid-cyan-blue-color has-text-color has-link-color wp-elements-5bf3afd61dccba1aad2f6bd591ef0e40 wp-block-paragraph\">.<a href=\"https:\/\/www.starinux.org\/?page_id=283\"><em>Voir aussi notre article sur l&rsquo;origine d&rsquo;Unix pour PC et de Linux &#8211; cliquer<\/em><\/a>.<\/p>\n\n\n\n<p class=\"wp-block-paragraph\">Microsoft a tent\u00e9 de faire entrer Unix dans le monde du PC, \u00e0 partir d&rsquo;une licence Unix achet\u00e9e en 1979 \u00e0 ATT, baptis\u00e9e XENIX, tenant sur une diskette. Cet Unix a \u00e9t\u00e9 abandonn\u00e9.<strong>Notez la ressemblance entre Unix-Xenix-SCO-Microsoft avec UNIX GPL et GNU\/LINUX !<\/strong>&nbsp;:<\/p>\n\n\n\n<figure class=\"wp-block-image\"><img decoding=\"async\" src=\"https:\/\/www.starinux.org\/images\/xenix-boot.png\" alt=\"\"\/><\/figure>\n\n\n\n<p class=\"wp-block-paragraph\">Il faut noter que c&rsquo;est seulement en 1987 que MS a c\u00e9d\u00e9 Xenix \u00e0 SCO, en \u00e9change d&rsquo;une entr\u00e9e dans le capital de SCO. Cette d\u00e9cision de quitter Unix a \u00e9t\u00e9 la cons\u00e9quence du lancement d&rsquo;OS\/2 avec IBM. On conna\u00eet aujourd&rsquo;hui l&rsquo;\u00e9normit\u00e9 des cons\u00e9quences de ce \u00ab\u00a0partenariat\u00a0\u00bb, qui a \u00e9t\u00e9 l&rsquo;occasion de l&rsquo;une des plus monumentales duperies des annales de l&rsquo;informatique. Le projet OS\/2 a permis \u00e0 Microsoft de d\u00e9velopper son propre syst\u00e8me (Windows NT) aux frais d&rsquo;IBM, IBM s&rsquo;est fait \u00e9jecter de ce march\u00e9 pour longtemps sinon pour toujours, et le micro-ordinateur, apr\u00e8s avoir \u00e9t\u00e9 une promesse de libert\u00e9, est pass\u00e9 sous le contr\u00f4le d&rsquo;un nouveau syst\u00e8me propri\u00e9taire \u00e9troitement li\u00e9 \u00e0 la suite bureautique et aux outils de d\u00e9veloppement du m\u00eame fournisseur. L&rsquo;histoire tient parfois \u00e0 peu de choses.<\/p>\n\n\n\n<p class=\"wp-block-paragraph\">* Santa Cruz Operation &#8211; Une soci\u00e9t\u00e9 cr\u00e9\u00e9e en 1979 en Californie, a vendu ses activit\u00e9s Unix et ses marques commerciales associ\u00e9es en 2001 puis, a \u00e9t\u00e9 renomm\u00e9e \u00ab\u00a0Tarantella\u00a0\u00bb.<\/p>\n\n\n\n<p class=\"wp-block-paragraph\">En juillet 2005, &#8211; La soci\u00e9t\u00e9 Tarantella est rachet\u00e9e par Sun, cherchant avec son produit Solaris \u00e0 rattraper ses parts de march\u00e9 que Linux commence \u00e0 menacer.<\/p>\n\n\n\n<p class=\"wp-block-paragraph\">* SCO Group &#8211; une soci\u00e9t\u00e9 cr\u00e9\u00e9e dans l&rsquo;Utah, sous le nom de \u00ab Caldera Systems \u00bb, a achet\u00e9 les activit\u00e9s Unix de Santa Cruz Operation en 2001. La transaction comprenait le transfert de deux divisions de l&rsquo;ancienne Santa Cruz Operation et de la marque d\u00e9pos\u00e9e \u00ab SCO \u00bb. Caldera a ensuite chang\u00e9 son nom en \u00ab SCO Group \u00bb<\/p>\n\n\n\n<p class=\"wp-block-paragraph\">* En 2001, Caldera Systems &#8211; un \u00e9diteur de distributions Linux, ach\u00e8te la division syst\u00e8mes pour serveurs et services professionnels, et devient Caldera International. Santa Cruz Operation se renomme en Tarantella, inc. CALDERA SYSTEMS, Inc se renomme en SCO Group en 2002 et se recentre sur ses produits UNIX au d\u00e9triment de Linux. Le changement de d\u00e9nomination final aura lieu apr\u00e8s le d\u00e9but du proc\u00e8s contre IBM.<\/p>\n\n\n\n<p class=\"wp-block-paragraph\"><strong>En mars 2003, the SCO Group a engag\u00e9 une action en justice contre IBM<\/strong>&nbsp;:<br>pr\u00e9tendant que celle-ci avait ill\u00e9galement int\u00e9gr\u00e9 des \u00e9l\u00e9ments brevet\u00e9s par SCO Group issus du code source d&rsquo;UNIX dans son OS Linux. Par ricochet, c&rsquo;est la communaut\u00e9 des \u00e9diteurs LINUX (qui utilise les codes sources Unix\/SCO) qui est \u00e9galement menac\u00e9e :&nbsp;<a href=\"https:\/\/www.starinux.org\/preambule.php\"><em>cf. SCO contre Linux &#8211; cliquer<\/em><\/a>.<\/p>\n\n\n\n<p class=\"wp-block-paragraph\">En 1985, SCO ach\u00e8te les droits de Xenix, l&rsquo;UNIX de Microsoft.<\/p>\n\n\n\n<p class=\"wp-block-paragraph\">En 1995, SCO ach\u00e8te les droits sur UNIX \u00e0 Novell.<\/p>\n\n\n\n<p class=\"wp-block-paragraph\">En 1998, un projet conjoint de SCO et d&rsquo;IBM, le projet Monterey, vise \u00e0 cr\u00e9er une nouvelle g\u00e9n\u00e9ration de syst\u00e8mes UNIX pour processeurs X86 et Itanium. Le projet est abandonn\u00e9 en 2000.<\/p>\n\n\n\n<p class=\"wp-block-paragraph\"><strong>La naissance d&rsquo;un UNIX libre pour PC et de LINUX<\/strong>&nbsp;:<br>Dans les ann\u00e9es 1980, Andrew TANENBAUM (professeur \u00e0 l&rsquo;Universit\u00e9 de Berkeley et maintenant aux Pays-Bas) a cr\u00e9\u00e9 Minix (un Unix pour PC) puis + ou &#8211; repris plus tard par le fameux Finlandais de Helsinki, Linus TORVALDS (\u00e0 l&rsquo;\u00e9poque \u00e9tudiant) :<br>Linus a commenc\u00e9 \u00e0 d\u00e9velopper Linux car il avait besoin d&rsquo;un \u00e9mulateur de terminal pour se connecter depuis chez lui \u00e0 la machine UNIX de son universit\u00e9. Et, comme il avait envie d&rsquo;apprendre le fonctionnement intime de son tout nouveau PC, il a d\u00e9velopp\u00e9 cet \u00e9mulateur de terminal avec pour qu&rsquo;il fonctionne non pas sous Minix (sur lequel il travaillait), mais directement sur son PC. C&rsquo;est cet \u00e9mulateur de terminal qui a fini par devenir LINUX (LINUs+uniX) ! (le noyau Linux et GNU\/Linux)<\/p>\n\n\n\n<p class=\"wp-block-paragraph\">Une \u00e9p\u00e9e de Damocl\u00e8s latente pend au dessus de la t\u00eate du monde Unix open\/libre et Linux : la soci\u00e9t\u00e9 SCO a gel\u00e9 son proc\u00e8s (mais ne l&rsquo;a pas abandonn\u00e9) contre les utilisateurs de ses codes Unix propri\u00e9taires. Et si un jour, elle d\u00e9cidait de le r\u00e9ouvrir &#8230; ?<\/p>\n","protected":false},"excerpt":{"rendered":"<p>Quand Microsoft faisait &nbsp;&nbsp;&nbsp;&nbsp; de L&rsquo;UNIX avec Xenix ! Le d\u00e9marrage d&rsquo;UNIX et de LINUX pour les Micro-ordinateurs et les PC Des infos tr\u00e8s int\u00e9ressantes pour mieux comprendre toute la saga d&rsquo;Unix et de Linux. .Voir aussi notre article sur l&rsquo;origine d&rsquo;Unix pour PC et de Linux &#8211; cliquer. Microsoft a tent\u00e9 de faire entrer &hellip; <\/p>\n<p><a class=\"more-link btn\" href=\"https:\/\/www.starinux.org\/?page_id=558\">Lire la suite<\/a><\/p>\n","protected":false},"author":2,"featured_media":0,"parent":42,"menu_order":0,"comment_status":"closed","ping_status":"closed","template":"","meta":{"_bbp_topic_count":0,"_bbp_reply_count":0,"_bbp_total_topic_count":0,"_bbp_total_reply_count":0,"_bbp_voice_count":0,"_bbp_anonymous_reply_count":0,"_bbp_topic_count_hidden":0,"_bbp_reply_count_hidden":0,"_bbp_forum_subforum_count":0,"_crdt_document":"","_piecal_is_event":false,"_piecal_start_date":"","_piecal_end_date":"","_piecal_is_allday":false,"footnotes":""},"class_list":["post-558","page","type-page","status-publish","hentry","nodate","item-wrap"],"publishpress_future_action":{"enabled":false,"date":"2026-04-15 11:20:25","action":"change-status","newStatus":"draft","terms":[],"taxonomy":"","extraData":[]},"publishpress_future_workflow_manual_trigger":{"enabledWorkflows":[]},"_links":{"self":[{"href":"https:\/\/www.starinux.org\/index.php?rest_route=\/wp\/v2\/pages\/558","targetHints":{"allow":["GET"]}}],"collection":[{"href":"https:\/\/www.starinux.org\/index.php?rest_route=\/wp\/v2\/pages"}],"about":[{"href":"https:\/\/www.starinux.org\/index.php?rest_route=\/wp\/v2\/types\/page"}],"author":[{"embeddable":true,"href":"https:\/\/www.starinux.org\/index.php?rest_route=\/wp\/v2\/users\/2"}],"replies":[{"embeddable":true,"href":"https:\/\/www.starinux.org\/index.php?rest_route=%2Fwp%2Fv2%2Fcomments&post=558"}],"version-history":[{"count":9,"href":"https:\/\/www.starinux.org\/index.php?rest_route=\/wp\/v2\/pages\/558\/revisions"}],"predecessor-version":[{"id":1001,"href":"https:\/\/www.starinux.org\/index.php?rest_route=\/wp\/v2\/pages\/558\/revisions\/1001"}],"up":[{"embeddable":true,"href":"https:\/\/www.starinux.org\/index.php?rest_route=\/wp\/v2\/pages\/42"}],"wp:attachment":[{"href":"https:\/\/www.starinux.org\/index.php?rest_route=%2Fwp%2Fv2%2Fmedia&parent=558"}],"curies":[{"name":"wp","href":"https:\/\/api.w.org\/{rel}","templated":true}]}}