{"id":549,"date":"2025-07-11T14:09:42","date_gmt":"2025-07-11T14:09:42","guid":{"rendered":"https:\/\/twp.starinux.org\/?page_id=549"},"modified":"2025-07-11T14:14:26","modified_gmt":"2025-07-11T14:14:26","slug":"richard-stallman","status":"publish","type":"page","link":"https:\/\/www.starinux.org\/?page_id=549","title":{"rendered":"Richard Stallman"},"content":{"rendered":"<h3 style=\"text-align: left;\"><span style=\"color: #800080;\"><b>Richard Matthews STALLMAN<\/b>, le \u00ab\u00a0gourou\u00a0\u00bb sympathique et comp\u00e9tent du Libre et de l&rsquo;Opensource<\/span><\/h3>\n<table border=\"0\" width=\"95%\" cellspacing=\"4\" cellpadding=\"1\" align=\"center\">\n<tbody>\n<tr>\n<td valign=\"top\" width=\"15%\"><img decoding=\"async\" src=\"images\/rms.jpg\" align=\"top\" \/><\/td>\n<td style=\"text-align: justify; font-size: 13px;\" valign=\"top\">Richard Matthews Stallman (n\u00e9 \u00e0 Manhattan, le 16 mars 1953), connu aussi sous les initiales RMS, est le fondateur du mouvement pour le logiciel libre. Il est \u00e0 l&rsquo;origine du projet GNU, de la licence publique g\u00e9n\u00e9rale GPL, qu&rsquo;il a r\u00e9dig\u00e9e avec l&rsquo;avocat Eben Moglen.<\/p>\n<p>L&rsquo;invention du terme anglais copyleft (\u00absans droit d&rsquo;auteur\u00bb, oppos\u00e9 \u00e0 copyright, \u00abdroit d&rsquo;auteur\u00bb en fran\u00e7ais) lui est attribu\u00e9e. Programmeur renomm\u00e9 de la communaut\u00e9 informatique am\u00e9ricaine et internationale, il a d\u00e9velopp\u00e9 l&rsquo;\u00e9diteur de texte GNU Emacs, le compilateur C de GNU et le d\u00e9bogueur GNU.<\/p>\n<p>Depuis le milieu des ann\u00e9es 1990, il consacre la majeure partie de son temps \u00e0 la promotion du logiciel libre aupr\u00e8s de divers publics un peu partout dans le monde. Depuis quelques ann\u00e9es, il fait campagne contre les brevets logiciels. Le temps qu&rsquo;il alloue encore \u00e0 la programmation est d\u00e9di\u00e9 \u00e0 GNU Emacs. Il gagne sa vie avec les cachets de conf\u00e9rencier qu&rsquo;on lui donne \u00e0 l&rsquo;occasion.<\/p>\n<p>Int\u00e8gre, sympathique, comp\u00e9tent, plein d&rsquo;humour, la communaut\u00e9 du Libre peut compter sur lui pour d\u00e9fendre au mieux le Logiciel Libre<br \/>\nface aux pi\u00e8ges, emb\u00fbches sem\u00e9s par des \u00ab\u00a0adversaires coriaces\u00a0\u00bb.<\/p>\n<p>Sur la photo de gauche, Richard Stallman se rend le 9 juin 2006 \u00e0 Matignon pour pr\u00e9senter les 165.000 signatures contre la loi DADVSI, sur un immense rouleau de papier.<br \/>\nMais il y sera refoul\u00e9, une d\u00e9cision \u00ab m\u00fbrement r\u00e9fl\u00e9chie \u00bb selon le chef de la s\u00e9curit\u00e9 de la r\u00e9sidence du Premier Ministre de l&rsquo;\u00e9poque, Dominique de Villepin (quelle erreur !).<\/p>\n<p>Quelques jours plus tard, il sera re\u00e7u par S\u00e9gol\u00e8ne Royale (mais &#8230; candidate \u00e0 l&rsquo;\u00e9lection pr\u00e9sidentielle de 2007).<\/td>\n<\/tr>\n<\/tbody>\n<\/table>\n<p>&nbsp;<\/p>\n<table border=\"0\" width=\"95%\" cellspacing=\"0\" cellpadding=\"0\" align=\"center\">\n<tbody>\n<tr>\n<td style=\"text-align: justify; font-size: 13px;\" valign=\"top\">\n<h5><span style=\"color: #800080;\"><u><b>Son portrait<\/b><\/u><\/span><\/h5>\n<p>RMS est anti-conventionnel, arborant cheveux longs, barbe + moustache, travailleur et voyageur infatiguable, am\u00e9ricain francophone et francophile, (il a v\u00e9cu en Belgique),<br \/>\nnon arrogant de la puissance am\u00e9ricaine, sp\u00e9cialiste non pr\u00e9tentieux de l&rsquo;informatique et du droit, int\u00e8gre,<br \/>\nRichard apporte la paix, simplicit\u00e9, humour et p\u00e9dagogie pour pr\u00e9senter partout ou il le peut, la fameuse licence GPL, OpenSource et GNU du Logiciel Libre.Il est venu \u00e0 Paris en juin 2006, afin de pr\u00e9senter les 165.000 signatures contre la loi DADVSI \u00e0 l&rsquo;Hotel Matignon, \u00e0 l&rsquo;\u00e9v\u00e8nement \u00ab\u00a0<i>Paris, Capitale du Libre<\/i>\u00a0\u00bb et bien d&rsquo;autres fois depuis, pour nous pr\u00e9senter et renforcer l&rsquo;image du Logiciel Libre mais aussi du nouveau droit d&rsquo;auteurs \u00ab\u00a0copyleft\u00a0\u00bb.<br \/>\nIl a pr\u00e9sent\u00e9 son dernier livre \u00e0 Paris en Janvier 2010 : \u00ab\u00a0<i>La r\u00e9volution du Logiciel Libre<\/i>\u00ab\u00a0.<br \/>\nAinsi, chacun est libre de le qualifier de \u00ab\u00a0gourou\u00a0\u00bb du Libre, mais nous voyons surtout en RMS un homme int\u00e8gre, actif, comp\u00e9tent et totalement impliqu\u00e9 dans la cause du Logiciel Libre.<img decoding=\"async\" src=\"images\/steve-ballmer.jpg\" align=\"middle\" \/> Steve Ballmer (ex-PDG de Microsoft), r\u00e9put\u00e9 pour son c\u00f4t\u00e9 butor et outrancier.<br \/>\nCertains qualifient RMS de \u00ab\u00a0<i>communiste<\/i>\u00a0\u00bb : pourtant, lors d&rsquo;un d\u00e9bat avec Steve Ballmer qui va le traiter sans grande diplomatie de \u00ab\u00a0<i>n\u00e9o-communiste<\/i>\u00ab\u00a0, il va r\u00e9pondre avec son flegme habituel : \u00ab\u00a0<i>c&rsquo;est vous qui \u00eates un communiste, vous avez monopolis\u00e9 l&rsquo;informatique avec une seule et m\u00eame entreprise, la v\u00f4tre, comme dans tout bon r\u00e9gime communiste et son unique entreprise d&rsquo;\u00c9tat !<\/i>\u00a0\u00bb<br \/>\n(pan, dans le mille, face \u00e0 un Steve Ballmer m\u00e9dus\u00e9 qui ne l&rsquo;a pas vol\u00e9 !).<\/p>\n<h5><span style=\"color: #800080;\"><b>Biographie<\/b><\/span><br \/>\nRichard Matthews Stallman na\u00eet \u00e0 Manhattan le 16 mars 1953. Il touche \u00e0 un ordinateur pour la premi\u00e8re fois durant ses ann\u00e9es de coll\u00e8ge en 1969. L&rsquo;\u00e9t\u00e9 m\u00eame de l&rsquo;obtention de son baccalaur\u00e9at, il est engag\u00e9 par le centre scientifique d&rsquo;IBM \u00e0 New York et s&rsquo;attaque \u00e0 l&rsquo;\u00e9criture de son premier programme, un pr\u00e9processeur pour le langage de programmation PL\/I destin\u00e9 aux ordinateurs IBM 360.<br \/>\nEn 1971, alors \u00e9tudiant en physique \u00e0 l&rsquo;Universit\u00e9 Harvard, il devient hacker au d\u00e9partement de recherche en intelligence artificielle du Massachusetts Institute of Technology.<\/h5>\n<h5><span style=\"color: #800080;\"><b>Le projet GNU<\/b><\/span><br \/>\nAu mois de septembre 1983, Richard Stallman annonce le d\u00e9veloppement d&rsquo;un syst\u00e8me d&rsquo;exploitation libre qu&rsquo;il nomme GNU. L&rsquo;acronyme r\u00e9cursif GNU signifie \u00ab\u00a0GNU is Not Unix\u00a0\u00bb (\u00ab\u00a0GNU n&rsquo;est pas UNIX\u00a0\u00bb). Le syst\u00e8me d&rsquo;exploitation GNU vise \u00e0 \u00eatre un \u00e9quivalent libre d&rsquo;Unix. Peu apr\u00e8s, il cr\u00e9e la Free Software Foundation (FSF), un organisme sans but lucratif qui permettra l&#8217;embauche de programmeurs et la mise sur pied d&rsquo;une infrastructure l\u00e9gale pour la communaut\u00e9 du logiciel libre. En janvier 1984, il quitte son emploi au MIT pour se consacrer \u00e0 temps plein au projet de GNU. En 1985, Stallman publie le manifeste GNU, dans lequel il fait conna\u00eetre les motivations et les objectifs du projet et fait appel \u00e0 l&rsquo;appui de la communaut\u00e9 informatique mondiale.<\/h5>\n<p>Afin de s&rsquo;assurer que tous les logiciels libres d\u00e9velopp\u00e9s pour le syst\u00e8me d&rsquo;exploitation GNU restent libres, Richard Stallman popularise le concept de copyleft (invent\u00e9 par Don Hopkins), une astucieuse utilisation du droit d&rsquo;auteur permettant d&rsquo;assurer la protection l\u00e9gale des quatre libert\u00e9s fondamentales des utilisateurs d&rsquo;ordinateurs telles que d\u00e9finies par la FSF.<\/p>\n<p>En 1989, la premi\u00e8re version de la licence publique g\u00e9n\u00e9rale GNU est publi\u00e9e. Cette licence sera utilis\u00e9e pour prot\u00e9ger la majeure partie du syst\u00e8me GNU qui est alors tr\u00e8s avanc\u00e9, mais encore incomplet. En effet, le syst\u00e8me \u00e9tait alors d\u00e9pourvu de noyau. En 1990, des membres du projet GNU commenc\u00e8rent un noyau nomm\u00e9 GNU Hurd, mais son d\u00e9veloppement s&rsquo;av\u00e8re tr\u00e8s lent.<\/p>\n<p>1991 voit la naissance du noyau Linux, g\u00e9n\u00e9ralement distribu\u00e9 avec les logiciels du projet GNU, d&rsquo;o\u00f9 l&rsquo;insistance de Richard Stallman pour que l&rsquo;ensemble soit appel\u00e9 GNU\/Linux.<\/p>\n<h5><span style=\"color: #800080;\"><b>Faits<\/b><\/span><br \/>\nEn 1999, Richard Stallman a lanc\u00e9 dans \u00ab\u00a0The Free Universal Encyclopedia and Learning Resource\u00a0\u00bb les id\u00e9es \u00e0 la base de l&rsquo;encyclop\u00e9die libre Wikimedia.<br \/>\nRichard Stallman a \u00e9crit \u00ab\u00a0la Free Software Song\u00a0\u00bb, un hymne des logiciels libres.<br \/>\nIl parle couramment l&rsquo;anglais et le fran\u00e7ais, assez couramment l&rsquo;espagnol et un peu l&rsquo;indon\u00e9sien.<\/h5>\n<h5><span style=\"color: #800080;\"><b>Prix et distinctions<\/b> (qui dit mieux ?) :<\/span><br \/>\nRichard Stallman a re\u00e7u de nombreux prix et distinctions, parmi lesquels :<br \/>\n1990 : Le MacArthur Fellowship<br \/>\n1991 : Le Grace Murray Hopper Award de l&rsquo;Association for Computing Machinery \u00abPour son travail de pionnier dans le d\u00e9veloppement de EMACS\u00bb<br \/>\n1996 : Un premier doctorat honorifique de l&rsquo;Institut royal des technologies de Su\u00e8de<br \/>\n1998 : Le Pioneer Award de l&rsquo;Electronic Frontier Foundation<br \/>\n1999 : Le Yuri Rubinsky Memorial Award<br \/>\n2001 : Un deuxi\u00e8me doctorat honorifique de l&rsquo;Universit\u00e9 de Glasgow<br \/>\n2001 : Le Prix Takeda de techno-entrepreneurship pour le bien-\u00eatre socio-\u00e9conomique<br \/>\n2002 : Le membership au National Academy of Engineering<br \/>\n2003 : Troisi\u00e8me doctorat honorifique de la Vrije Universiteit Brussel<br \/>\n2004 : Quatri\u00e8me doctorat honorifique de la Universidad Nacional de Salta.<br \/>\n2004 : Professorat honorifique de la Universidad Nacion\u00e1l de Ingenier\u00eda del Per<\/h5>\n<p>Richard Stallman \u00e0 \u00a0 <img decoding=\"async\" src=\"images\/wikimedia-rms.jpg\" align=\"middle\" \/> \u00a0 Wikimedia en 2005, \u00e0 Francfort<br \/>\nIl est et sera toujours l&rsquo;homme sur qui on peut compter pour d\u00e9fendre le Libre mais aussi la Libert\u00e9 !<\/p>\n<p>Richard Stallman a particip\u00e9 \u00e0 sa propre biographie en r\u00e9pondant aux nombreuses interviews de Sam Williams.<\/p>\n<p>Ce projet biographique version fran\u00e7aise a \u00e9t\u00e9 r\u00e9alis\u00e9 ensuite \u00e0 l&rsquo;initiative de Christophe Masutti de Framasoft, revu et enrichi par Richard STALLMAN, qui<br \/>\ndonne un \u00e9clairage nouveau sur ce personnage int\u00e8gre aux \u00ab\u00a0allures de proph\u00e8te\u00a0\u00bb :<br \/>\n\u00ab\u00a0<b>La r\u00e9volution des Logiciels Libres<\/b>\u00a0\u00bb (disponible en librairie &#8211; Editions Eyrolles).<\/td>\n<\/tr>\n<\/tbody>\n<\/table>\n<div id=\"main\" class=\"container\">\n<h1><\/h1>\n<\/div>\n","protected":false},"excerpt":{"rendered":"<p>Richard Matthews STALLMAN, le \u00ab\u00a0gourou\u00a0\u00bb sympathique et comp\u00e9tent du Libre et de l&rsquo;Opensource Richard Matthews Stallman (n\u00e9 \u00e0 Manhattan, le 16 mars 1953), connu aussi sous les initiales RMS, est le fondateur du mouvement pour le logiciel libre. Il est \u00e0 l&rsquo;origine du projet GNU, de la licence publique g\u00e9n\u00e9rale GPL, qu&rsquo;il a r\u00e9dig\u00e9e avec &hellip; <\/p>\n<p><a class=\"more-link btn\" href=\"https:\/\/www.starinux.org\/?page_id=549\">Lire la suite<\/a><\/p>\n","protected":false},"author":2,"featured_media":0,"parent":0,"menu_order":0,"comment_status":"closed","ping_status":"closed","template":"","meta":{"_bbp_topic_count":0,"_bbp_reply_count":0,"_bbp_total_topic_count":0,"_bbp_total_reply_count":0,"_bbp_voice_count":0,"_bbp_anonymous_reply_count":0,"_bbp_topic_count_hidden":0,"_bbp_reply_count_hidden":0,"_bbp_forum_subforum_count":0,"_crdt_document":"","_piecal_is_event":false,"_piecal_start_date":"","_piecal_end_date":"","_piecal_is_allday":false,"footnotes":""},"class_list":["post-549","page","type-page","status-publish","hentry","nodate","item-wrap"],"publishpress_future_action":{"enabled":false,"date":"2026-04-15 14:06:52","action":"change-status","newStatus":"draft","terms":[],"taxonomy":"","extraData":[]},"publishpress_future_workflow_manual_trigger":{"enabledWorkflows":[]},"_links":{"self":[{"href":"https:\/\/www.starinux.org\/index.php?rest_route=\/wp\/v2\/pages\/549","targetHints":{"allow":["GET"]}}],"collection":[{"href":"https:\/\/www.starinux.org\/index.php?rest_route=\/wp\/v2\/pages"}],"about":[{"href":"https:\/\/www.starinux.org\/index.php?rest_route=\/wp\/v2\/types\/page"}],"author":[{"embeddable":true,"href":"https:\/\/www.starinux.org\/index.php?rest_route=\/wp\/v2\/users\/2"}],"replies":[{"embeddable":true,"href":"https:\/\/www.starinux.org\/index.php?rest_route=%2Fwp%2Fv2%2Fcomments&post=549"}],"version-history":[{"count":6,"href":"https:\/\/www.starinux.org\/index.php?rest_route=\/wp\/v2\/pages\/549\/revisions"}],"predecessor-version":[{"id":556,"href":"https:\/\/www.starinux.org\/index.php?rest_route=\/wp\/v2\/pages\/549\/revisions\/556"}],"wp:attachment":[{"href":"https:\/\/www.starinux.org\/index.php?rest_route=%2Fwp%2Fv2%2Fmedia&parent=549"}],"curies":[{"name":"wp","href":"https:\/\/api.w.org\/{rel}","templated":true}]}}