{"id":534,"date":"2025-07-11T13:57:03","date_gmt":"2025-07-11T13:57:03","guid":{"rendered":"https:\/\/twp.starinux.org\/?page_id=534"},"modified":"2025-07-11T14:03:17","modified_gmt":"2025-07-11T14:03:17","slug":"linux-monte","status":"publish","type":"page","link":"https:\/\/www.starinux.org\/?page_id=534","title":{"rendered":"Linux monte"},"content":{"rendered":"<div id=\"main\" class=\"container\" style=\"border-bottom: 12px;\">\n<h5 style=\"text-align: left;\"><span style=\"color: #800080;\">INTERVIEW : LINUS TORVALDS, L&rsquo;INVENTEUR DU NOYAU LINUX POUR PC, JUGE GNU \/ LINUX<\/span><\/h5>\n<p>Linus Torvalds, le cr\u00e9ateur du noyau Linux, estime que GNU\/Linux \u00ab\u00a0<i>n&rsquo;est pas une alternative \u00e0 Windows<\/i>\u00ab\u00a0.<br \/>\nIl n&rsquo;a pas r\u00e9ussi \u00e0 s&rsquo;implanter dans les PC des particuliers, mais s&rsquo;est impos\u00e9 dans de multiples applications :tablettes, smartphones, serveurs d&rsquo;entreprises, informatique embarqu\u00e9e &#8230;<\/p>\n<p>Selon lui, la raison du succ\u00e8s de Windows et Mac-OS\/X dans les micro-ordinateurs est qu&rsquo;ils y sont le plus souvent pr\u00e9-install\u00e9s.<br \/>\nCette loi s&rsquo;applique \u00e9galement aux tablettes et smartphones, le syst\u00e8me Andro\u00efd (d\u00e9riv\u00e9 de Linux) a perc\u00e9 car il y est pr\u00e9-install\u00e9 et personne ne se plaint d&rsquo;une difficult\u00e9 \u00e0 l&rsquo;utiliser, tels<br \/>\nles smartphones SAMSUNG Galaxy qui ont grand succ\u00e8s, aujourd&rsquo;hui \u00e0 quasi-\u00e9galit\u00e9 avec APPLE.<\/p>\n<p><center><br \/>\nLisez son interview tir\u00e9 de l&rsquo;Express de Juillet 2012 :<br \/>\n<img decoding=\"async\" src=\"images\/Linux-l-os-qui-monte.jpg\" alt=\"Linux-l-os-qui-monte\" align=\"middle\" \/><\/center><\/div>\n<p>&nbsp;<\/p>\n<p>&nbsp;<\/p>\n","protected":false},"excerpt":{"rendered":"<p>INTERVIEW : LINUS TORVALDS, L&rsquo;INVENTEUR DU NOYAU LINUX POUR PC, JUGE GNU \/ LINUX Linus Torvalds, le cr\u00e9ateur du noyau Linux, estime que GNU\/Linux \u00ab\u00a0n&rsquo;est pas une alternative \u00e0 Windows\u00ab\u00a0. Il n&rsquo;a pas r\u00e9ussi \u00e0 s&rsquo;implanter dans les PC des particuliers, mais s&rsquo;est impos\u00e9 dans de multiples applications :tablettes, smartphones, serveurs d&rsquo;entreprises, informatique embarqu\u00e9e &#8230; &hellip; <\/p>\n<p><a class=\"more-link btn\" href=\"https:\/\/www.starinux.org\/?page_id=534\">Lire la suite<\/a><\/p>\n","protected":false},"author":2,"featured_media":0,"parent":0,"menu_order":0,"comment_status":"closed","ping_status":"closed","template":"","meta":{"_bbp_topic_count":0,"_bbp_reply_count":0,"_bbp_total_topic_count":0,"_bbp_total_reply_count":0,"_bbp_voice_count":0,"_bbp_anonymous_reply_count":0,"_bbp_topic_count_hidden":0,"_bbp_reply_count_hidden":0,"_bbp_forum_subforum_count":0,"_crdt_document":"","_piecal_is_event":false,"_piecal_start_date":"","_piecal_end_date":"","_piecal_is_allday":false,"footnotes":""},"class_list":["post-534","page","type-page","status-publish","hentry","nodate","item-wrap"],"publishpress_future_action":{"enabled":false,"date":"2026-04-15 15:35:10","action":"change-status","newStatus":"draft","terms":[],"taxonomy":"","extraData":[]},"publishpress_future_workflow_manual_trigger":{"enabledWorkflows":[]},"_links":{"self":[{"href":"https:\/\/www.starinux.org\/index.php?rest_route=\/wp\/v2\/pages\/534","targetHints":{"allow":["GET"]}}],"collection":[{"href":"https:\/\/www.starinux.org\/index.php?rest_route=\/wp\/v2\/pages"}],"about":[{"href":"https:\/\/www.starinux.org\/index.php?rest_route=\/wp\/v2\/types\/page"}],"author":[{"embeddable":true,"href":"https:\/\/www.starinux.org\/index.php?rest_route=\/wp\/v2\/users\/2"}],"replies":[{"embeddable":true,"href":"https:\/\/www.starinux.org\/index.php?rest_route=%2Fwp%2Fv2%2Fcomments&post=534"}],"version-history":[{"count":10,"href":"https:\/\/www.starinux.org\/index.php?rest_route=\/wp\/v2\/pages\/534\/revisions"}],"predecessor-version":[{"id":1362,"href":"https:\/\/www.starinux.org\/index.php?rest_route=\/wp\/v2\/pages\/534\/revisions\/1362"}],"wp:attachment":[{"href":"https:\/\/www.starinux.org\/index.php?rest_route=%2Fwp%2Fv2%2Fmedia&parent=534"}],"curies":[{"name":"wp","href":"https:\/\/api.w.org\/{rel}","templated":true}]}}