{"id":515,"date":"2025-07-11T13:03:52","date_gmt":"2025-07-11T13:03:52","guid":{"rendered":"https:\/\/twp.starinux.org\/?page_id=515"},"modified":"2025-11-27T16:57:14","modified_gmt":"2025-11-27T15:57:14","slug":"andrew-tanenbaum-minix","status":"publish","type":"page","link":"https:\/\/www.starinux.org\/?page_id=515","title":{"rendered":"Andrew Tanenbaum (Minix)"},"content":{"rendered":"<h5 style=\"text-align: center;\"><span style=\"color: #800080;\">L&rsquo;OS MINIX qui a donn\u00e9 naissance \u00e0 UNIX pour PC et LINUX. \u00a0 La norme POSIX<\/span><\/h5>\n<p><center><b>Andrew <img loading=\"lazy\" decoding=\"async\" class=\"alignnone size-full wp-image-334\" src=\"https:\/\/www.starinux.org\/wp-content\/uploads\/2025\/06\/a.tanenbaum.jpg\" alt=\"\" width=\"209\" height=\"188\" \/>\u00a0 Tanenbaum<\/b><\/center><span style=\"font-size: xx-small;\"><span style=\"color: #000000;\">\u00a0<\/span><\/span><\/p>\n<p><b>MINIX<\/b>\u00a0est un syst\u00e8me d&rsquo;exploitation pour PC, clone d&rsquo;UNIX, bas\u00e9 sur un micro-noyau, cr\u00e9\u00e9 dans les ann\u00e9es 1980 par un professeur de l&rsquo;Universit\u00e9 de Berkeley,\u00a0<b>Andrew S. Tanenbaum<\/b>, pour ses \u00e9tudiants \u00e0 des fins p\u00e9dagogiques. Aussi, son universit\u00e9 ne pouvait plus assumer le co\u00fbt de la licence UNIX SCO et du gros Serveur qui le portait. A. Tanenbaum a d\u00e9cid\u00e9 de cr\u00e9er lui m\u00eame un UNIX pour PC, totalement inexistant \u00e0 l&rsquo;\u00e9poque.<br \/>\nL&rsquo;OS et le noyau ont \u00e9t\u00e9 volontairement r\u00e9duits afin qu&rsquo;ils puissent \u00eatre compris enti\u00e8rement par ses \u00e9tudiants en un semestre.<br \/>\nA. Tanenbaum est actuellement \u00e0 la t\u00eate du d\u00e9partement des Syst\u00e8mes Informatiques de l&rsquo;Universit\u00e9 libre d&rsquo;Amsterdam (Vrije Universiteit Amsterdam). Il y donne un enseignement ax\u00e9 notamment sur les syst\u00e8mes d&rsquo;exploitation (ou OS Operating System).\u00a0<span style=\"color: #0000ff;\"><a style=\"color: #0000ff;\" title=\"cliquer\" href=\"https:\/\/www.starinux.org\/?page_id=283\" target=\"_self\">Voir les pr\u00e9cisions sur \u00ab\u00a0notre motivation\u00a0\u00bb &#8211; cliquer.<\/a>.<\/span><\/p>\n<p>Par la suite, il a servi de source d&rsquo;inspiration \u00e0\u00a0<b>Linus Torvalds<\/b>\u00a0en 1991 pour cr\u00e9er un nouveau noyau (kernel) Linux et le premier petit Unix pour la norme PC. C&rsquo;est important de pr\u00e9ciser que Linus Torvalds n&rsquo;est pas le premier et seul inventeur de la portabilit\u00e9 d&rsquo;un Unix.<br \/>\nLe code source de Minix est imprim\u00e9 dans le c\u00e9l\u00e8bre ouvrage d&rsquo;Andrew S. Tanenbaum, Operating Systems : \u00ab\u00a0<b>Design and Implementation<\/b>\u00a0\u00bb<br \/>\nLe num\u00e9ro de la derni\u00e8re version est 3.1.2. Deux versions sont disponibles : Live ou installation sur le Disque Dur.<br \/>\nIl s&rsquo;agit d&rsquo;un petit OS l\u00e9ger de 4000 lignes de code et tr\u00e8s stable. MINIX 3 est sous la licence GPL Unix-BSD :<\/p>\n<ul>\n<li><span style=\"color: #3366ff;\"><a style=\"color: #3366ff;\" title=\"T\u00e9l\u00e9chargez l'OS MINIX, clone d'UNIX\" href=\"http:\/\/www.minix3.org\/\" target=\"_blank\" rel=\"noopener\"><b>Cliquer ici pour t\u00e9l\u00e9charger et installer MINIX<\/b>\u00a0(derni\u00e8re version)<\/a>.<\/span><\/li>\n<\/ul>\n<h4 style=\"text-align: center;\"><span style=\"color: #800080;\">Anecdote sur la norme POSIX* (norme des OS* de la Famille UNIX)<\/span><\/h4>\n<p>La certification POSIX (officielle) demande une s\u00e9rie de tests qui co\u00fbte ch\u00e8re. Le gouvernement de\u00a0<b>Bill CLINTON<\/b>\u00a0(ex-pr\u00e9sident des \u00c9tats-Unis) a pris sur lui de faire financer la certification POSIX de Linux par le Tr\u00e9sor Am\u00e9ricain, ce qui fut, en fin de compte profitable, \u00e0 toute l&rsquo;industrie Am\u00e9ricaine, \u00e0 l&rsquo;exception peut-\u00eatre de Microsoft &#8230; (LINUX fait partie int\u00e9grante de la famille des syst\u00e8mes UNIX)<br \/>\n* O.S. = Operating System (Syst\u00e8me d&rsquo;Exploitation).<br \/>\n* MINIX = MINI uniX (mini OS \u00e0 base Unix pour ordinateur PC).<br \/>\n* POSIX = Portable Operating System Interface uniX.<br \/>\n* PC = Personal Computer.<\/p>\n","protected":false},"excerpt":{"rendered":"<p>L&rsquo;OS MINIX qui a donn\u00e9 naissance \u00e0 UNIX pour PC et LINUX. \u00a0 La norme POSIX Andrew \u00a0 Tanenbaum\u00a0 MINIX\u00a0est un syst\u00e8me d&rsquo;exploitation pour PC, clone d&rsquo;UNIX, bas\u00e9 sur un micro-noyau, cr\u00e9\u00e9 dans les ann\u00e9es 1980 par un professeur de l&rsquo;Universit\u00e9 de Berkeley,\u00a0Andrew S. Tanenbaum, pour ses \u00e9tudiants \u00e0 des fins p\u00e9dagogiques. Aussi, son universit\u00e9 &hellip; <\/p>\n<p><a class=\"more-link btn\" href=\"https:\/\/www.starinux.org\/?page_id=515\">Lire la suite<\/a><\/p>\n","protected":false},"author":2,"featured_media":0,"parent":42,"menu_order":0,"comment_status":"closed","ping_status":"closed","template":"","meta":{"_bbp_topic_count":0,"_bbp_reply_count":0,"_bbp_total_topic_count":0,"_bbp_total_reply_count":0,"_bbp_voice_count":0,"_bbp_anonymous_reply_count":0,"_bbp_topic_count_hidden":0,"_bbp_reply_count_hidden":0,"_bbp_forum_subforum_count":0,"_crdt_document":"","_piecal_is_event":false,"_piecal_start_date":"","_piecal_end_date":"","_piecal_is_allday":false,"footnotes":""},"class_list":["post-515","page","type-page","status-publish","hentry","nodate","item-wrap"],"publishpress_future_action":{"enabled":false,"date":"2026-04-15 12:28:55","action":"change-status","newStatus":"draft","terms":[],"taxonomy":"","extraData":[]},"publishpress_future_workflow_manual_trigger":{"enabledWorkflows":[]},"_links":{"self":[{"href":"https:\/\/www.starinux.org\/index.php?rest_route=\/wp\/v2\/pages\/515","targetHints":{"allow":["GET"]}}],"collection":[{"href":"https:\/\/www.starinux.org\/index.php?rest_route=\/wp\/v2\/pages"}],"about":[{"href":"https:\/\/www.starinux.org\/index.php?rest_route=\/wp\/v2\/types\/page"}],"author":[{"embeddable":true,"href":"https:\/\/www.starinux.org\/index.php?rest_route=\/wp\/v2\/users\/2"}],"replies":[{"embeddable":true,"href":"https:\/\/www.starinux.org\/index.php?rest_route=%2Fwp%2Fv2%2Fcomments&post=515"}],"version-history":[{"count":8,"href":"https:\/\/www.starinux.org\/index.php?rest_route=\/wp\/v2\/pages\/515\/revisions"}],"predecessor-version":[{"id":1582,"href":"https:\/\/www.starinux.org\/index.php?rest_route=\/wp\/v2\/pages\/515\/revisions\/1582"}],"up":[{"embeddable":true,"href":"https:\/\/www.starinux.org\/index.php?rest_route=\/wp\/v2\/pages\/42"}],"wp:attachment":[{"href":"https:\/\/www.starinux.org\/index.php?rest_route=%2Fwp%2Fv2%2Fmedia&parent=515"}],"curies":[{"name":"wp","href":"https:\/\/api.w.org\/{rel}","templated":true}]}}