{"id":448,"date":"2025-06-12T14:41:16","date_gmt":"2025-06-12T14:41:16","guid":{"rendered":"https:\/\/twp.starinux.org\/?page_id=448"},"modified":"2025-10-29T13:43:44","modified_gmt":"2025-10-29T11:43:44","slug":"philosophie-et-informatique","status":"publish","type":"page","link":"https:\/\/www.starinux.org\/?page_id=448","title":{"rendered":"Philosophie et Informatique"},"content":{"rendered":"\n<p class=\"has-large-font-size wp-block-paragraph\"><strong>Devenez Philosophe<\/strong> \u00a0\u00a0<\/p>\n\n\n<div class=\"wp-block-image\">\n<figure class=\"aligncenter\"><img decoding=\"async\" src=\"https:\/\/www.starinux.org\/images\/philo.gif\" alt=\"\"\/><\/figure>\n<\/div>\n\n\n<p class=\"has-text-align-right has-large-font-size wp-block-paragraph\">\u00a0\u00a0 <strong>en informatique.<\/strong><\/p>\n\n\n\n<h1 class=\"wp-block-heading has-text-align-center has-vivid-purple-color has-text-color has-link-color wp-elements-f57f1f5223dcde7316c75b225c5f398f\">Philosophie et Informatique<\/h1>\n\n\n\n<p class=\"wp-block-paragraph\"><strong><u>L&rsquo;observation en anglais<\/u><\/strong>&nbsp;:<br>Microsoft-Windows has been created by Mr GATES and has no GATES inside. So, viruses, trojans, attacks do what they want and you are not free.<br>Linux (or Unix base system) has many GATES inside. So, viruses, trojans, attacks cannot enter. The system is safe and protected : you are Free !<br><br><strong><u>Traduction de l&rsquo;observation en fran\u00e7ais<\/u><\/strong>&nbsp;:<br>Microsoft-Windows a \u00e9t\u00e9 cr\u00e9\u00e9 par Monsieur Barri\u00e8res et n&rsquo;a pas pas de barri\u00e8res \u00e0 l&rsquo;int\u00e9rieur. Ainsi, virus, trojans, attaques font ce qu&rsquo;ils veulent et vous n&rsquo;\u00eates pas libre.<br>Linux (ou les syst\u00e8mes \u00e0 base Unix) poss\u00e8de des barri\u00e8res \u00e0 l&rsquo;int\u00e9rieur. Ainsi virus, trojans, attaques ne peuvent y entrer. Le syst\u00e8me est sain et prot\u00e9g\u00e9 : vous \u00eates Libre !<\/p>\n\n\n\n<p class=\"wp-block-paragraph\"><strong><u>Conclusion<\/u><\/strong>&nbsp;:<br>Voici un bon dilemne dont la philosophie va devoir y r\u00e9pondre.<br>Il pourrait \u00eatre le sujet d&rsquo;une \u00e9preuve de Philosophie du Baccalaur\u00e9at, dont on pourrait reformuler le sujet :<br>\u00ab\u00a0<em><strong>Les barri\u00e8res de la Soci\u00e9t\u00e9 Humaine am\u00e8nent-elles plus de libert\u00e9 ou au contraire causent-elles d\u00e9sagr\u00e9ments et contraintes<\/strong>&nbsp;?<\/em>\u00ab\u00a0<\/p>\n","protected":false},"excerpt":{"rendered":"<p>Devenez Philosophe \u00a0\u00a0 \u00a0\u00a0 en informatique. Philosophie et Informatique L&rsquo;observation en anglais&nbsp;:Microsoft-Windows has been created by Mr GATES and has no GATES inside. So, viruses, trojans, attacks do what they want and you are not free.Linux (or Unix base system) has many GATES inside. So, viruses, trojans, attacks cannot enter. The system is safe and &hellip; <\/p>\n<p><a class=\"more-link btn\" href=\"https:\/\/www.starinux.org\/?page_id=448\">Lire la suite<\/a><\/p>\n","protected":false},"author":2,"featured_media":0,"parent":42,"menu_order":0,"comment_status":"closed","ping_status":"closed","template":"","meta":{"_bbp_topic_count":0,"_bbp_reply_count":0,"_bbp_total_topic_count":0,"_bbp_total_reply_count":0,"_bbp_voice_count":0,"_bbp_anonymous_reply_count":0,"_bbp_topic_count_hidden":0,"_bbp_reply_count_hidden":0,"_bbp_forum_subforum_count":0,"_crdt_document":"","_piecal_is_event":false,"_piecal_start_date":"","_piecal_end_date":"","_piecal_is_allday":false,"footnotes":""},"class_list":["post-448","page","type-page","status-publish","hentry","nodate","item-wrap"],"publishpress_future_action":{"enabled":false,"date":"2026-04-15 15:38:02","action":"change-status","newStatus":"draft","terms":[],"taxonomy":"","extraData":[]},"publishpress_future_workflow_manual_trigger":{"enabledWorkflows":[]},"_links":{"self":[{"href":"https:\/\/www.starinux.org\/index.php?rest_route=\/wp\/v2\/pages\/448","targetHints":{"allow":["GET"]}}],"collection":[{"href":"https:\/\/www.starinux.org\/index.php?rest_route=\/wp\/v2\/pages"}],"about":[{"href":"https:\/\/www.starinux.org\/index.php?rest_route=\/wp\/v2\/types\/page"}],"author":[{"embeddable":true,"href":"https:\/\/www.starinux.org\/index.php?rest_route=\/wp\/v2\/users\/2"}],"replies":[{"embeddable":true,"href":"https:\/\/www.starinux.org\/index.php?rest_route=%2Fwp%2Fv2%2Fcomments&post=448"}],"version-history":[{"count":2,"href":"https:\/\/www.starinux.org\/index.php?rest_route=\/wp\/v2\/pages\/448\/revisions"}],"predecessor-version":[{"id":840,"href":"https:\/\/www.starinux.org\/index.php?rest_route=\/wp\/v2\/pages\/448\/revisions\/840"}],"up":[{"embeddable":true,"href":"https:\/\/www.starinux.org\/index.php?rest_route=\/wp\/v2\/pages\/42"}],"wp:attachment":[{"href":"https:\/\/www.starinux.org\/index.php?rest_route=%2Fwp%2Fv2%2Fmedia&parent=448"}],"curies":[{"name":"wp","href":"https:\/\/api.w.org\/{rel}","templated":true}]}}