{"id":444,"date":"2025-06-12T14:38:38","date_gmt":"2025-06-12T14:38:38","guid":{"rendered":"https:\/\/twp.starinux.org\/?page_id=444"},"modified":"2025-10-29T13:41:57","modified_gmt":"2025-10-29T11:41:57","slug":"un-lug-ou-un-gull-cest-quoi","status":"publish","type":"page","link":"https:\/\/www.starinux.org\/?page_id=444","title":{"rendered":"Un LUG ou un GULL, c&rsquo;est quoi ?"},"content":{"rendered":"\n<p class=\"has-vivid-purple-color has-text-color has-link-color wp-elements-545ba45ff220c210e9d355ce4640ddb6 wp-block-paragraph\">Syst\u00e8mes GNU&nbsp;<strong>GNU is NOT Unix<\/strong><\/p>\n\n\n<div class=\"wp-block-image\">\n<figure class=\"aligncenter\"><img decoding=\"async\" src=\"https:\/\/www.starinux.org\/images\/gnu.jpg\" alt=\"\"\/><\/figure>\n<\/div>\n\n\n<p class=\"has-text-align-right has-vivid-purple-color has-text-color has-link-color wp-elements-dd5620e17e620eb3cd90c55a7d62b8da wp-block-paragraph\">&nbsp;&nbsp; la Licence&nbsp;<strong>GPL, OpenSource<\/strong>.<\/p>\n\n\n\n<h2 class=\"wp-block-heading has-vivid-purple-color has-text-color has-link-color wp-elements-5425690f7ff278d673f889650e070b94\"><strong>LUG ou GULL : Linux Users Group OU Groupe d&rsquo;Utilisateurs de Linux et Logiciels Libres.<\/strong><\/h2>\n\n\n\n<hr class=\"wp-block-separator has-alpha-channel-opacity\"\/>\n\n\n\n<p class=\"wp-block-paragraph\">On peut utiliser aussi le sigle&nbsp;<strong>GULLO<\/strong>&nbsp;: Groupe d&rsquo;Utilisateurs de Logiciels Libres et Opensource.<\/p>\n\n\n\n<p class=\"wp-block-paragraph\">Leur vocation est la promotion du logiciel libre et opensource soit sur un plan technique ou de d\u00e9fense.<\/p>\n\n\n\n<p class=\"wp-block-paragraph\">Il existe des centaines de GULLs dans le monde et plusieurs dizaines en France.<br><strong>Les GULLs francophones<\/strong>&nbsp;: Ils sont r\u00e9pertori\u00e9s dans la rubrique :<br>Les Associations Francophones : Linux et GNU-OpenSource :&nbsp;<a href=\"https:\/\/www.starinux.org\/index.php?rev=assolinux.php\">CLIQUER<\/a>.<\/p>\n\n\n\n<p class=\"wp-block-paragraph\"><strong>Les GULL \u00e0 vocation, de d\u00e9fense du logiciel libre et \u00e9ducative<\/strong>&nbsp;:<br>les associations qui f\u00e9d\u00e9rent plus ou moins les GULLs (LUGs) : la FSF (fondation, internationale), en France, l&rsquo;AFUL, l&rsquo;APRIL, SCIDERALLE (\u00e9ducation), ADULLACT (administrations et collectivit\u00e9s) (repr\u00e9sentation nationale, aides, \u00e9ducation &#8230;)<\/p>\n\n\n\n<p class=\"wp-block-paragraph\"><strong>Les GULL \u00e0 vocation g\u00e9ographique<\/strong>&nbsp;: GULL de Maubeuge, d&rsquo;Alsace, du Nord etc &#8230;<\/p>\n\n\n\n<p class=\"wp-block-paragraph\"><strong>Les GULL \u00e0 vocation logiciel<\/strong>\u00a0: Mozilla, Debian, Ubuntu &#8230;<\/p>\n\n\n\n<p class=\"has-vivid-cyan-blue-color has-text-color has-link-color wp-elements-9158654483546c5cab48b61087aca0a3 wp-block-paragraph\"><a href=\"http:\/\/www.gnu.org\/philosophy\/categories.fr.html\" target=\"_blank\" rel=\"noreferrer noopener\">COMPRENDRE le syst\u00e8me GNU, la PHILOSOPHIE et la LICENCE GPL\/OpenSource : cliquer<\/a>.<\/p>\n\n\n\n<p class=\"wp-block-paragraph\">Si vous d\u00e9sirez cr\u00e9er votre propre LUG ou GULL, contacter StarinuX qui peut vous apporter quelques aides et conseils.<\/p>\n\n\n\n<p class=\"has-vivid-cyan-blue-color has-text-color has-link-color wp-elements-47723a8c56a90e7c9ffb5e5fc39260b2 wp-block-paragraph\"><a href=\"mailto:contact@starinux.org?subject=GULL-conseils\">contact CHEZ starinux point org<\/a>.<\/p>\n\n\n\n<p class=\"wp-block-paragraph\"><strong>GNU = \u00ab\u00a0Gnu is Not Unix\u00a0\u00bb<\/strong>\u00a0:<br>Le symbole des syst\u00e8mes \u00ab\u00a0GNU\u00a0\u00bb est tout naturellement l&rsquo;animal GNOU (GNU en anglais).<br>(petite vachette sauvage \u00e0 cornes, sympathique, courageuse et inoffensive vivant en tribus migratrices, surtout en \u00c9gypte)<br>(ne pas confondre avec l&rsquo;image symbole du syst\u00e8me LINUX, baptis\u00e9e TUX : le pingouin ou le manchot).<br>Cet acronyme r\u00e9cursif veut dire que le projet GNU n&rsquo;est pas que le syst\u00e8me d&rsquo;exploitation UNIX (GNU n&rsquo;est pas UNIX) m\u00eame si il reprend souvent les concepts et le fonctionnement du syst\u00e8me UNIX dans la conception et l&rsquo;impl\u00e9mentation des logiciels libres. Le projet GNU permet l&rsquo;utilisation de tous les logiciels libres, pas seulement ceux r\u00e9alis\u00e9s dans le cadre du projet GNU :<\/p>\n\n\n\n<p class=\"has-vivid-cyan-blue-color has-text-color has-link-color wp-elements-f94dcd52de3e36dd3f1c0744cb3fea32 wp-block-paragraph\"><a href=\"http:\/\/www.gnu.org\/\" target=\"_blank\" rel=\"noreferrer noopener\">Le site GNU.ORG &#8211; cliquer<\/a>.<\/p>\n\n\n\n<p class=\"has-vivid-cyan-blue-color has-text-color has-link-color wp-elements-8199218dc307295c7d05988309a79ce6 wp-block-paragraph\"><a href=\"http:\/\/www.fsf.org\/\" target=\"_blank\" rel=\"noreferrer noopener\">La Free Software Foundation (FSF) &#8211; cliquer<\/a>.<\/p>\n\n\n\n<p class=\"wp-block-paragraph\"><\/p>\n","protected":false},"excerpt":{"rendered":"<p>Syst\u00e8mes GNU&nbsp;GNU is NOT Unix &nbsp;&nbsp; la Licence&nbsp;GPL, OpenSource. LUG ou GULL : Linux Users Group OU Groupe d&rsquo;Utilisateurs de Linux et Logiciels Libres. On peut utiliser aussi le sigle&nbsp;GULLO&nbsp;: Groupe d&rsquo;Utilisateurs de Logiciels Libres et Opensource. Leur vocation est la promotion du logiciel libre et opensource soit sur un plan technique ou de d\u00e9fense. &hellip; <\/p>\n<p><a class=\"more-link btn\" href=\"https:\/\/www.starinux.org\/?page_id=444\">Lire la suite<\/a><\/p>\n","protected":false},"author":2,"featured_media":0,"parent":42,"menu_order":0,"comment_status":"closed","ping_status":"closed","template":"","meta":{"_bbp_topic_count":0,"_bbp_reply_count":0,"_bbp_total_topic_count":0,"_bbp_total_reply_count":0,"_bbp_voice_count":0,"_bbp_anonymous_reply_count":0,"_bbp_topic_count_hidden":0,"_bbp_reply_count_hidden":0,"_bbp_forum_subforum_count":0,"_crdt_document":"","_piecal_is_event":false,"_piecal_start_date":"","_piecal_end_date":"","_piecal_is_allday":false,"footnotes":""},"class_list":["post-444","page","type-page","status-publish","hentry","nodate","item-wrap"],"publishpress_future_action":{"enabled":false,"date":"2026-04-15 12:29:43","action":"change-status","newStatus":"draft","terms":[],"taxonomy":"","extraData":[]},"publishpress_future_workflow_manual_trigger":{"enabledWorkflows":[]},"_links":{"self":[{"href":"https:\/\/www.starinux.org\/index.php?rest_route=\/wp\/v2\/pages\/444","targetHints":{"allow":["GET"]}}],"collection":[{"href":"https:\/\/www.starinux.org\/index.php?rest_route=\/wp\/v2\/pages"}],"about":[{"href":"https:\/\/www.starinux.org\/index.php?rest_route=\/wp\/v2\/types\/page"}],"author":[{"embeddable":true,"href":"https:\/\/www.starinux.org\/index.php?rest_route=\/wp\/v2\/users\/2"}],"replies":[{"embeddable":true,"href":"https:\/\/www.starinux.org\/index.php?rest_route=%2Fwp%2Fv2%2Fcomments&post=444"}],"version-history":[{"count":2,"href":"https:\/\/www.starinux.org\/index.php?rest_route=\/wp\/v2\/pages\/444\/revisions"}],"predecessor-version":[{"id":838,"href":"https:\/\/www.starinux.org\/index.php?rest_route=\/wp\/v2\/pages\/444\/revisions\/838"}],"up":[{"embeddable":true,"href":"https:\/\/www.starinux.org\/index.php?rest_route=\/wp\/v2\/pages\/42"}],"wp:attachment":[{"href":"https:\/\/www.starinux.org\/index.php?rest_route=%2Fwp%2Fv2%2Fmedia&parent=444"}],"curies":[{"name":"wp","href":"https:\/\/api.w.org\/{rel}","templated":true}]}}