{"id":39,"date":"2025-04-18T13:53:46","date_gmt":"2025-04-18T13:53:46","guid":{"rendered":"https:\/\/twp.starinux.org\/?page_id=39"},"modified":"2026-03-23T14:45:53","modified_gmt":"2026-03-23T13:45:53","slug":"nos-tutoriels","status":"publish","type":"page","link":"https:\/\/www.starinux.org\/?page_id=39","title":{"rendered":"Nos documents par atelier, tutoriels et aides en ligne"},"content":{"rendered":"\n<p class=\"has-vivid-red-color has-very-light-gray-to-cyan-bluish-gray-gradient-background has-text-color has-background has-link-color has-large-font-size wp-elements-de878c125431ed12734721bfe38a7f29 wp-block-paragraph\">\u00a0Rem<strong>: <em>Pour t\u00e9l\u00e9charger nos documents par atelier et consulter nos tutoriels et aides en ligne, vous devez vous connecter et les sous-menus s&rsquo;afficheront.\u00a0<\/em><\/strong><\/p>\n\n\n\n<h2 id=\"des-tutoriels-pour-apprendre-chez-vous-sur-ces-sujets\" class=\"wp-block-heading has-vivid-purple-color has-text-color has-link-color wp-elements-13bb0554ef0d30acbaad4c1760ce1354\">DES TUTORIELS POUR APPRENDRE CHEZ VOUS SUR CES SUJETS<\/h2>\n\n\n\n<p class=\"wp-block-paragraph\"><em><strong>AJAX | APACHE | BASH | BITTORENT | CRON | DEBIAN | EXIM | DNS | DHCP | GIMP | HTML | PHP | INFRA-ROUGE | FIREWALL-IPTABLE-S\u00c9CURIT\u00c9 | IPV6 | JAVA | JAVASCRIPT | KERNEL-RECOMPILATION DU NOYAU | LDAP | LIVEBOX | LVM | LYX | MySQL | MythTV | NFS | POSTFIX | PRINTING | ROOT PASSWORD | RSYNC | SAMBA | SOLARIS | SQL | SSH | TAR | TELNET | TOR-PRIVOXY | TCP-IP | USB | VNC | VPN | WIFI | XDMCP<\/strong>&nbsp;(avec GDM KDM et XDM)<\/em><\/p>\n\n\n\n<address style=\"font-style:normal; text-align:center; font-size:13px;\">\n<b><font color=\"#9400D3\">DEVENEZ ADMINISTRATEUR &nbsp;  &nbsp; \n<figure><img decoding=\"async\" src=\"https:\/\/www.starinux.org\/wp-content\/uploads\/2025\/09\/wstux.gif\" align=\"middle\"><\/figure> &nbsp; SYST\u00c8MES en LOGICIELS LIBRES !<\/font><\/b><br><br><br>\n\n<fieldset id=\"fielde\" style=\"border-radius:4px; width:94%; padding:10px; border:1px solid #1E90FF; margin:auto; align:center; top:0cm; text-align:left; font-size:13px; margin-top:0px; margin-bottom:2px; line-height:18px; text-align:justify;\">\n<legend><span style=\"background:#9400D3; border-radius:4px; padding:6px; color:#ffffff; font-size:13px;\">\n &nbsp;  <b>PROGRAMME DES COURS EN 73 POLYCOPI\u00c9S<\/b> &nbsp; <\/span><\/legend>\n<p>\n1] <b>INTRODUCTION<\/b> : <i>Binaire | Num\u00e9ration | R\u00e9seaux | Tcp-Ip | Cryptographie<\/i>\n<\/p><p>\n2] <b>LINUX <i>RedHat Enterprise-Server<\/i><\/b> (RHES), <i><b>CentOS<\/b><\/i> (copie Libre de <i>RHES<\/i>), <i><b>Debian<\/b><\/i> :<br>\n&#8211; <u>POSTE de TRAVAIL<\/u> : <i>installation | shell-bash | processus | path | init | montage | \ndaemons | fstab | tar | cron | rsync<\/i>,\n<br>\n&#8211; <u>R\u00d4LES SERVEURS<\/u> : <i>telnet | ssh-sftp | ftp | ldap | samba | nfs-netfs-portmap | web : apache et nginx | messagerie-postfix | dns-bind |  dhcp | terminal-serveur | xdmcp<\/i>.\n<\/p><p>\n3] <b>WINDOWS-2003\/8-SERVER<\/b> (pour une migration =&gt; Linux et le retour \u00e0 l&#8217;emploi) : tous ses r\u00f4les serveurs.\n<\/p><p>\n4] <b>APPLICATIONS OPENSOURCE<\/b> : Gimp, Inkscape, Hyperviseur XEN, Webmaster (PHP-7)&#8230;\n<\/p>\n<\/fieldset>\n<br>\n\n\n\n<table id=\"tablepress-3\" class=\"tablepress tablepress-id-3\">\n<thead>\n<tr class=\"row-1\">\n\t<th class=\"column-1\"><font style=\"font-size:13px\" size=\"1\"><font color=\"#000000\">1] <br \/>\r\n A : D\u00c9MARRAGE informatique : technologie des ordinateurs, les r\u00e9seaux reseaux et serveurs (les notions capitales)<\/font><\/font><\/th>\n<\/tr>\n<\/thead>\n<tbody class=\"row-striping row-hover\">\n<tr class=\"row-2\">\n\t<td class=\"column-1\"><font style=\"font-size:13px\" size=\"1\"><font color=\"#000000\">2] <br \/>\r\n A : PROGRAMME du cours Linux POSTE de TRAVAIL<\/font><\/font><\/td>\n<\/tr>\n<tr class=\"row-3\">\n\t<td class=\"column-1\"><font style=\"font-size:13px\" size=\"1\"><font color=\"#000000\">3] <br \/>\r\n A : PROGRAMME du cours Linux SERVEURS<\/font><\/font><\/td>\n<\/tr>\n<tr class=\"row-4\">\n\t<td class=\"column-1\"><font style=\"font-size:13px\" size=\"1\"><font color=\"#000000\">4] <br \/>\r\n A : SYST\u00c8MES de NUM\u00c9RATION, le binaire, l&rsquo;hexad\u00e9cimal, l&rsquo;alg\u00e8bre de boole, le num\u00e9rique<\/font><\/font><\/td>\n<\/tr>\n<tr class=\"row-5\">\n\t<td class=\"column-1\"><font style=\"font-size:13px\" size=\"1\"><font color=\"#000000\">5] <br \/>\r\n A : TCP\/IP (Transfer Control Protocol) les r\u00e9seaux reseaux<\/font><\/font><\/td>\n<\/tr>\n<tr class=\"row-6\">\n\t<td class=\"column-1\"><font style=\"font-size:13px\" size=\"1\"><font color=\"#000000\">6] <br \/>\r\n A : TECHNOLOGIES GLOBALES sur les r\u00e9seaux informatique<\/font><\/font><\/td>\n<\/tr>\n<tr class=\"row-7\">\n\t<td class=\"column-1\"><font style=\"font-size:13px\" size=\"1\"><font color=\"#000000\">7] <br \/>\r\n A: LISTE des R\u00d4LES Serveurs (orient\u00e9s GNU\/Linux REDHAT ou CentOS)<\/font><\/font><\/td>\n<\/tr>\n<tr class=\"row-8\">\n\t<td class=\"column-1\"><font style=\"font-size:13px\" size=\"1\"><font color=\"#000000\">8] <br \/>\r\n ALIAS (les) Linux<\/font><\/font><\/td>\n<\/tr>\n<tr class=\"row-9\">\n\t<td class=\"column-1\"><font style=\"font-size:13px\" size=\"1\"><font color=\"#000000\">9] <br \/>\r\n BACKUP sauvegarde : voir TAR, RSYNC, CRON (timer de t\u00e2ches)<\/font><\/font><\/td>\n<\/tr>\n<tr class=\"row-10\">\n\t<td class=\"column-1\"><font style=\"font-size:13px\" size=\"1\"><font color=\"#000000\">10] <br \/>\r\n BASH : cours th\u00e9oriques, scripts, TP et leurs corrig\u00e9s<\/font><\/font><\/td>\n<\/tr>\n<tr class=\"row-11\">\n\t<td class=\"column-1\"><font style=\"font-size:13px\" size=\"1\"><font color=\"#000000\">11] <br \/>\r\n BASH shell Langage (Bourne Again SHell) Unix\/Linux<\/font><\/font><\/td>\n<\/tr>\n<tr class=\"row-12\">\n\t<td class=\"column-1\"><font style=\"font-size:13px\" size=\"1\"><font color=\"#000000\">12] <br \/>\r\n BASHRC (le fichier de personnalisation du Shell Bash) (Linux)<\/font><\/font><\/td>\n<\/tr>\n<tr class=\"row-13\">\n\t<td class=\"column-1\"><font style=\"font-size:13px\" size=\"1\"><font color=\"#000000\">13] <br \/>\r\n CHECKSUM (v\u00e9rifier l&rsquo;int\u00e9grit\u00e9 d&rsquo;un fichier t\u00e9l\u00e9charg\u00e9)<\/font><\/font><\/td>\n<\/tr>\n<tr class=\"row-14\">\n\t<td class=\"column-1\"><font style=\"font-size:13px\" size=\"1\"><font color=\"#000000\">14] <br \/>\r\n Cl\u00e9s publique priv\u00e9e ssh<\/font><\/font><\/td>\n<\/tr>\n<tr class=\"row-15\">\n\t<td class=\"column-1\"><font style=\"font-size:13px\" size=\"1\"><font color=\"#000000\">15] <br \/>\r\n CRON  (le lanceur automatique de t\u00e2ches sous Linux)<\/font><\/font><\/td>\n<\/tr>\n<tr class=\"row-16\">\n\t<td class=\"column-1\"><font style=\"font-size:13px\" size=\"1\"><font color=\"#000000\">16] <br \/>\r\n CRYPTOGRAPHIE (codage) en informatique (avec exemples et exercices)<\/font><\/font><\/td>\n<\/tr>\n<tr class=\"row-17\">\n\t<td class=\"column-1\"><font style=\"font-size:13px\" size=\"1\"><font color=\"#000000\">17] <br \/>\r\n DAEMONS sous Linux<\/font><\/font><\/td>\n<\/tr>\n<tr class=\"row-18\">\n\t<td class=\"column-1\"><font style=\"font-size:13px\" size=\"1\"><font color=\"#000000\">18] <br \/>\r\n DHCP Serveur  Linux (Dynamic Host Control Protocol)<\/font><\/font><\/td>\n<\/tr>\n<tr class=\"row-19\">\n\t<td class=\"column-1\"><font style=\"font-size:13px\" size=\"1\"><font color=\"#000000\">19] <br \/>\r\n DNS Syst\u00e8me Serveur  (Domain Names System\/Service\/Server) BIND sous Linux<\/font><\/font><\/td>\n<\/tr>\n<tr class=\"row-20\">\n\t<td class=\"column-1\"><font style=\"font-size:13px\" size=\"1\"><font color=\"#000000\">20] <br \/>\r\n EXERCICES (globaux) sur Linux POSTE de TRAVAIL<\/font><\/font><\/td>\n<\/tr>\n<tr class=\"row-21\">\n\t<td class=\"column-1\"><font style=\"font-size:13px\" size=\"1\"><font color=\"#000000\">21] <br \/>\r\n FIND commande  (trouver un fichier dans une arborescence)<\/font><\/font><\/td>\n<\/tr>\n<tr class=\"row-22\">\n\t<td class=\"column-1\"><font style=\"font-size:13px\" size=\"1\"><font color=\"#000000\">22] <br \/>\r\n FTP Commandes en mode console<\/font><\/font><\/td>\n<\/tr>\n<tr class=\"row-23\">\n\t<td class=\"column-1\"><font style=\"font-size:13px\" size=\"1\"><font color=\"#000000\">23] <br \/>\r\n FTP Serveur (VSFTP : Very Secure Files Transfer Protocol) Linux<\/font><\/font><\/td>\n<\/tr>\n<tr class=\"row-24\">\n\t<td class=\"column-1\"><font style=\"font-size:13px\" size=\"1\"><font color=\"#000000\">24] <br \/>\r\n GESTION des FICHIERS Linux<\/font><\/font><\/td>\n<\/tr>\n<tr class=\"row-25\">\n\t<td class=\"column-1\"><font style=\"font-size:13px\" size=\"1\"><font color=\"#000000\">25] <br \/>\r\n GIMP (mode pixels) cr\u00e9er une image anim\u00e9e<\/font><\/font><\/td>\n<\/tr>\n<tr class=\"row-26\">\n\t<td class=\"column-1\"><font style=\"font-size:13px\" size=\"1\"><font color=\"#000000\">26] <br \/>\r\n GNS3 r\u00e9seaux reseaux simulateur, CISCO. Voir aussi rubrique menu gauche HOWTO techniques.<\/font><\/font><\/td>\n<\/tr>\n<tr class=\"row-27\">\n\t<td class=\"column-1\"><font style=\"font-size:13px\" size=\"1\"><font color=\"#000000\">27] <br \/>\r\n Hyperviseur XEN virtualisation<\/font><\/font><\/td>\n<\/tr>\n<tr class=\"row-28\">\n\t<td class=\"column-1\"><font style=\"font-size:13px\" size=\"1\"><font color=\"#000000\">28] <br \/>\r\n Infographie : le logiciel de dessins et d&rsquo;images (mode vectoriel)  INKSCAPE<\/font><\/font><\/td>\n<\/tr>\n<tr class=\"row-29\">\n\t<td class=\"column-1\"><font style=\"font-size:13px\" size=\"1\"><font color=\"#000000\">29] <br \/>\r\n INIT (initialisation du syst\u00e8me  Linux). Le fichier inittab<\/font><\/font><\/td>\n<\/tr>\n<tr class=\"row-30\">\n\t<td class=\"column-1\"><font style=\"font-size:13px\" size=\"1\"><font color=\"#000000\">30] <br \/>\r\n IP (Internet Protocol) : les r\u00e9seaux, les domaines, les segments-r\u00e9seaux, les classes<\/font><\/font><\/td>\n<\/tr>\n<tr class=\"row-31\">\n\t<td class=\"column-1\"><font style=\"font-size:13px\" size=\"1\"><font color=\"#000000\">31] <br \/>\r\n LDAP annuaire , couple ldap-samba, contacter ldap avec PHP<\/font><\/font><\/td>\n<\/tr>\n<tr class=\"row-32\">\n\t<td class=\"column-1\"><font style=\"font-size:13px\" size=\"1\"><font color=\"#000000\">32] <br \/>\r\n Le CMS JOOMLA!<\/font><\/font><\/td>\n<\/tr>\n<tr class=\"row-33\">\n\t<td class=\"column-1\"><font style=\"font-size:13px\" size=\"1\"><font color=\"#000000\">33] <br \/>\r\n Le langage Web interactif PHP5 (scripts)<\/font><\/font><\/td>\n<\/tr>\n<tr class=\"row-34\">\n\t<td class=\"column-1\"><font style=\"font-size:13px\" size=\"1\"><font color=\"#000000\">34] <br \/>\r\n Messagerie Mails Serveur : son principe universel via un sch\u00e9ma synoptique<\/font><\/font><\/td>\n<\/tr>\n<tr class=\"row-35\">\n\t<td class=\"column-1\"><font style=\"font-size:13px\" size=\"1\"><font color=\"#000000\">35] <br \/>\r\n MIGRATION r\u00e9ussie vers GNU\/LINUX (argumentaire)<\/font><\/font><\/td>\n<\/tr>\n<tr class=\"row-36\">\n\t<td class=\"column-1\"><font style=\"font-size:13px\" size=\"1\"><font color=\"#000000\">36] <br \/>\r\n Modes CLIENTS\/SERVEUR et TERMINAL\/SERVEUR (Xterminal) (Linux)<\/font><\/font><\/td>\n<\/tr>\n<tr class=\"row-37\">\n\t<td class=\"column-1\"><font style=\"font-size:13px\" size=\"1\"><font color=\"#000000\">37] <br \/>\r\n MOT de PASSE (password) perdu : la solution via un CD Live GNU\/Linux<\/font><\/font><\/td>\n<\/tr>\n<tr class=\"row-38\">\n\t<td class=\"column-1\"><font style=\"font-size:13px\" size=\"1\"><font color=\"#000000\">38] <br \/>\r\n Musique Assist\u00e9e par Ordinateur (MAO) sous Linux : bient\u00f4t en ligne&#8230;<\/font><\/font><\/td>\n<\/tr>\n<tr class=\"row-39\">\n\t<td class=\"column-1\"><font style=\"font-size:13px\" size=\"1\"><font color=\"#000000\">39] <br \/>\r\n Musique assist\u00e9e par Ordinateur MAO<\/font><\/font><\/td>\n<\/tr>\n<tr class=\"row-40\">\n\t<td class=\"column-1\"><font style=\"font-size:13px\" size=\"1\"><font color=\"#000000\">40] <br \/>\r\n NETFS (Network Files System) : Clients NFS (Linux)<\/font><\/font><\/td>\n<\/tr>\n<tr class=\"row-41\">\n\t<td class=\"column-1\"><font style=\"font-size:13px\" size=\"1\"><font color=\"#000000\">41] <br \/>\r\n NFS Serveur de fichiers (Network Files System) et le daemon Portmap (Linux)<\/font><\/font><\/td>\n<\/tr>\n<tr class=\"row-42\">\n\t<td class=\"column-1\"><font style=\"font-size:13px\" size=\"1\"><font color=\"#000000\">42] <br \/>\r\n NGINX l&rsquo;autre serveur WEB, concurrent d&rsquo;Apache<\/font><\/font><\/td>\n<\/tr>\n<tr class=\"row-43\">\n\t<td class=\"column-1\"><font style=\"font-size:13px\" size=\"1\"><font color=\"#000000\">43] <br \/>\r\n PATH (les chemins d\u00e9claration) Linux<\/font><\/font><\/td>\n<\/tr>\n<tr class=\"row-44\">\n\t<td class=\"column-1\"><font style=\"font-size:13px\" size=\"1\"><font color=\"#000000\">44] <br \/>\r\n POINT de MONTAGE (montage) des syst\u00e8mes de fichiers (le fichier fstab) Linux<\/font><\/font><\/td>\n<\/tr>\n<tr class=\"row-45\">\n\t<td class=\"column-1\"><font style=\"font-size:13px\" size=\"1\"><font color=\"#000000\">45] <br \/>\r\n POSTE de TRAVAIL Linux : prendre en main Linux (orient\u00e9 REDHAT Enterprise Server ou CENTOS)<\/font><\/font><\/td>\n<\/tr>\n<tr class=\"row-46\">\n\t<td class=\"column-1\"><font style=\"font-size:13px\" size=\"1\"><font color=\"#000000\">46] <br \/>\r\n POSTFIX Serveur de Messagerie Mails Linux MTA, MUA, POP3 (dovecot), IMAP3, MDA SMTP<\/font><\/font><\/td>\n<\/tr>\n<tr class=\"row-47\">\n\t<td class=\"column-1\"><font style=\"font-size:13px\" size=\"1\"><font color=\"#000000\">47] <br \/>\r\n PROCESSUS sous Linux (ps)<\/font><\/font><\/td>\n<\/tr>\n<tr class=\"row-48\">\n\t<td class=\"column-1\"><font style=\"font-size:13px\" size=\"1\"><font color=\"#000000\">48] <br \/>\r\n PROGRAMMATION en Shell BASH (mode console)<\/font><\/font><\/td>\n<\/tr>\n<tr class=\"row-49\">\n\t<td class=\"column-1\"><font style=\"font-size:13px\" size=\"1\"><font color=\"#000000\">49] <br \/>\r\n R\u00c9VISIONS par exercices sur les commandes Shell BASH Linux<\/font><\/font><\/td>\n<\/tr>\n<tr class=\"row-50\">\n\t<td class=\"column-1\"><font style=\"font-size:13px\" size=\"1\"><font color=\"#000000\">50] <br \/>\r\n R\u00c9VISIONS via exercices sur Linux POSTE de TRAVAIL<\/font><\/font><\/td>\n<\/tr>\n<tr class=\"row-51\">\n\t<td class=\"column-1\"><font style=\"font-size:13px\" size=\"1\"><font color=\"#000000\">51] <br \/>\r\n RASPBERRY-Pi<\/font><\/font><\/td>\n<\/tr>\n<tr class=\"row-52\">\n\t<td class=\"column-1\"><font style=\"font-size:13px\" size=\"1\"><font color=\"#000000\">52] <br \/>\r\n R\u00c9PERTOIRES PRINCIPAUX de GNU\/LINUX<\/font><\/font><\/td>\n<\/tr>\n<tr class=\"row-53\">\n\t<td class=\"column-1\"><font style=\"font-size:13px\" size=\"1\"><font color=\"#000000\">53] <br \/>\r\n RPM (Redhat Packages Manager) l&rsquo;installateur de paquets sous Redhat, Centos&#8230;<\/font><\/font><\/td>\n<\/tr>\n<tr class=\"row-54\">\n\t<td class=\"column-1\"><font style=\"font-size:13px\" size=\"1\"><font color=\"#000000\">54] <br \/>\r\n RSYNC (Remote SYNChrone) backup-sauvegarde sophistiqu\u00e9 de partitions<\/font><\/font><\/td>\n<\/tr>\n<tr class=\"row-55\">\n\t<td class=\"column-1\"><font style=\"font-size:13px\" size=\"1\"><font color=\"#000000\">55] <br \/>\r\n Serveur pop DOVECOT (courrier POP3). <br \/>\r\nVoir POSTFIX<\/font><\/font><\/td>\n<\/tr>\n<tr class=\"row-56\">\n\t<td class=\"column-1\"><font style=\"font-size:13px\" size=\"1\"><font color=\"#000000\">56] <br \/>\r\n SFTP Serveur et clients (Secure FTP) via SSH<\/font><\/font><\/td>\n<\/tr>\n<tr class=\"row-57\">\n\t<td class=\"column-1\"><font style=\"font-size:13px\" size=\"1\"><font color=\"#000000\">57] <br \/>\r\n SSH Serveur et clients (Secure SHell) (connexion distante s\u00e9curis\u00e9e)<\/font><\/font><\/td>\n<\/tr>\n<tr class=\"row-58\">\n\t<td class=\"column-1\"><font style=\"font-size:13px\" size=\"1\"><font color=\"#000000\">58] <br \/>\r\n SSH\/SFTP : connexion par cl\u00e9s priv\u00e9e et publique<\/font><\/font><\/td>\n<\/tr>\n<tr class=\"row-59\">\n\t<td class=\"column-1\"><font style=\"font-size:13px\" size=\"1\"><font color=\"#000000\">59] <br \/>\r\n Support de cours cr\u00e9ateur d&rsquo;images INKSCAPE (mode vectoriel) <\/font><\/font><\/td>\n<\/tr>\n<tr class=\"row-60\">\n\t<td class=\"column-1\"><font style=\"font-size:13px\" size=\"1\"><font color=\"#000000\">60] <br \/>\r\n TAR (Tape ARchiver) (l&rsquo;archivage de fichiers)<\/font><\/font><\/td>\n<\/tr>\n<tr class=\"row-61\">\n\t<td class=\"column-1\"><font style=\"font-size:13px\" size=\"1\"><font color=\"#000000\">61] <br \/>\r\n TAR.GZ : installation de paquets) (Linux)<\/font><\/font><\/td>\n<\/tr>\n<tr class=\"row-62\">\n\t<td class=\"column-1\"><font style=\"font-size:13px\" size=\"1\"><font color=\"#000000\">62] <br \/>\r\n TELNET Serveur  (TEl\u00e9 NETwork) (connexion distante)<\/font><\/font><\/td>\n<\/tr>\n<tr class=\"row-63\">\n\t<td class=\"column-1\"><font style=\"font-size:13px\" size=\"1\"><font color=\"#000000\">63] <br \/>\r\n WEB Apache2 Serveur  (Linux) installation, configuration, sites virtuels (mutualis\u00e9s)<\/font><\/font><\/td>\n<\/tr>\n<tr class=\"row-64\">\n\t<td class=\"column-1\"><font style=\"font-size:13px\" size=\"1\"><font color=\"#000000\">64] <br \/>\r\n Webmaster : cours sur les scripts Web interactif = PHP5<\/font><\/font><\/td>\n<\/tr>\n<tr class=\"row-65\">\n\t<td class=\"column-1\"><font style=\"font-size:13px\" size=\"1\"><font color=\"#000000\">65] <br \/>\r\n Xdisplay (\u00e9cran distant) via ssh (Linux)<\/font><\/font><\/td>\n<\/tr>\n<tr class=\"row-66\">\n\t<td class=\"column-1\"><font style=\"font-size:13px\" size=\"1\"><font color=\"#000000\">66] <br \/>\r\n XMESSAGE Linux : envoyer des messages graphiques dans r\u00e9seaux reseaux.<\/font><\/font><\/td>\n<\/tr>\n<tr class=\"row-67\">\n\t<td class=\"column-1\"><font style=\"font-size:13px\" size=\"1\"><font color=\"#000000\">67] <br \/>\r\n XTERMINAL\/Serveur et protocole XDMCP Linux (mode Terminal\/Serveur). Travailler sur un Terminal depuis un Serveur distant.<\/font><\/font><\/td>\n<\/tr>\n<tr class=\"row-68\">\n\t<td class=\"column-1\"><font style=\"font-size:13px\" size=\"1\"><font color=\"#000000\">68] <br \/>\r\n ZIP GZIP : compression et d\u00e9compression de fichiers (Linux)<\/font><\/font><\/td>\n<\/tr>\n<\/tbody>\n<\/table>\n<!-- #tablepress-3 from cache -->\n\n\n<p class=\"wp-block-paragraph\"><\/p>\n","protected":false},"excerpt":{"rendered":"<p>\u00a0Rem: Pour t\u00e9l\u00e9charger nos documents par atelier et consulter nos tutoriels et aides en ligne, vous devez vous connecter et les sous-menus s&rsquo;afficheront.\u00a0 DES TUTORIELS POUR APPRENDRE CHEZ VOUS SUR CES SUJETS AJAX | APACHE | BASH | BITTORENT | CRON | DEBIAN | EXIM | DNS | DHCP | GIMP | HTML | PHP &hellip; <\/p>\n<p><a class=\"more-link btn\" href=\"https:\/\/www.starinux.org\/?page_id=39\">Lire la suite<\/a><\/p>\n","protected":false},"author":2,"featured_media":0,"parent":0,"menu_order":0,"comment_status":"closed","ping_status":"closed","template":"","meta":{"_bbp_topic_count":0,"_bbp_reply_count":0,"_bbp_total_topic_count":0,"_bbp_total_reply_count":0,"_bbp_voice_count":0,"_bbp_anonymous_reply_count":0,"_bbp_topic_count_hidden":0,"_bbp_reply_count_hidden":0,"_bbp_forum_subforum_count":0,"_crdt_document":"","_piecal_is_event":false,"_piecal_start_date":"","_piecal_end_date":"","_piecal_is_allday":false,"footnotes":""},"class_list":["post-39","page","type-page","status-publish","hentry","nodate","item-wrap"],"publishpress_future_action":{"enabled":false,"date":"2026-04-15 13:53:43","action":"change-status","newStatus":"draft","terms":[],"taxonomy":"","extraData":[]},"publishpress_future_workflow_manual_trigger":{"enabledWorkflows":[]},"_links":{"self":[{"href":"https:\/\/www.starinux.org\/index.php?rest_route=\/wp\/v2\/pages\/39","targetHints":{"allow":["GET"]}}],"collection":[{"href":"https:\/\/www.starinux.org\/index.php?rest_route=\/wp\/v2\/pages"}],"about":[{"href":"https:\/\/www.starinux.org\/index.php?rest_route=\/wp\/v2\/types\/page"}],"author":[{"embeddable":true,"href":"https:\/\/www.starinux.org\/index.php?rest_route=\/wp\/v2\/users\/2"}],"replies":[{"embeddable":true,"href":"https:\/\/www.starinux.org\/index.php?rest_route=%2Fwp%2Fv2%2Fcomments&post=39"}],"version-history":[{"count":18,"href":"https:\/\/www.starinux.org\/index.php?rest_route=\/wp\/v2\/pages\/39\/revisions"}],"predecessor-version":[{"id":1927,"href":"https:\/\/www.starinux.org\/index.php?rest_route=\/wp\/v2\/pages\/39\/revisions\/1927"}],"wp:attachment":[{"href":"https:\/\/www.starinux.org\/index.php?rest_route=%2Fwp%2Fv2%2Fmedia&parent=39"}],"curies":[{"name":"wp","href":"https:\/\/api.w.org\/{rel}","templated":true}]}}