{"id":283,"date":"2025-06-05T10:53:35","date_gmt":"2025-06-05T10:53:35","guid":{"rendered":"https:\/\/twp.starinux.org\/?page_id=283"},"modified":"2025-10-29T12:55:45","modified_gmt":"2025-10-29T10:55:45","slug":"preambule","status":"publish","type":"page","link":"https:\/\/www.starinux.org\/?page_id=283","title":{"rendered":"Pr\u00e9ambule"},"content":{"rendered":"<h3 style=\"text-align: center;\"><span style=\"color: #800080;\"><b>UNIX pour PC &#8211; GNU\/LINUX &#8211; LOGICIELS LIBRES ET OPENSOURCE<\/b><\/span><\/h3>\n<p><center><img loading=\"lazy\" decoding=\"async\" class=\"alignnone size-full wp-image-334\" src=\"https:\/\/www.starinux.org\/wp-content\/uploads\/2025\/06\/a.tanenbaum.jpg\" alt=\"\" width=\"209\" height=\"188\" \/>\u00a0 \u00a0 \u00a0 \u00a0 <img loading=\"lazy\" decoding=\"async\" class=\"alignnone size-full wp-image-335\" src=\"https:\/\/www.starinux.org\/wp-content\/uploads\/2025\/06\/l.torvalds.jpg\" alt=\"\" width=\"122\" height=\"188\" \/>\u00a0 \u00a0 \u00a0 \u00a0 <img loading=\"lazy\" decoding=\"async\" class=\"alignnone size-full wp-image-336\" src=\"https:\/\/www.starinux.org\/wp-content\/uploads\/2025\/06\/rms2.jpg\" alt=\"\" width=\"171\" height=\"188\" \/><\/center>GNU\/LINUX est un syst\u00e8me d&rsquo;exploitation (OS Operating System) pour Micro-Ordinateurs, en mode Terminaux \/ Serveur.<\/p>\n<ul>\n<li><span style=\"color: #0000ff;\"><a style=\"color: #0000ff;\" title=\"cliquer\" href=\"https:\/\/www.starinux.org\/?page_id=515\" target=\"_self\">Il est bas\u00e9 sur un noyau MINIX et norme POSIX venant du monde UNIX, sous licence GPL\/OpenSource<\/a>.<\/span><\/li>\n<\/ul>\n<p><b>L&rsquo;inventeur d&rsquo;UNIX pour PC<\/b>\u00a0:<br \/>\nLa communaut\u00e9 Linux cite essentiellement Linus Tordvalds et Richard Stalllman, mais il y a un autre acteur important :<br \/>\nLe premier noyau d&rsquo;un UNIX pour PC a \u00e9t\u00e9 cr\u00e9\u00e9 au d\u00e9part par\u00a0<b>Andrew TANENBAUM<\/b>. Professeur d&rsquo;informatique \u00e0 l&rsquo;Universit\u00e9 de Berkeley. Celle-ci lui a demand\u00e9 de cr\u00e9er dans les ann\u00e9es 1980, un Syst\u00e8me UNIX compatible pour les PC poste de travail. En effet, cette Universit\u00e9 n&rsquo;avait plus les moyens de payer la licence Terminaux \/ Serveur d&rsquo;UNIX SCO (OS propri\u00e9taire de\u00a0<i>Santa-Cruz Organization<\/i>).<br \/>\nAndrew Tanenbaum va donc cr\u00e9er le micro-noyau et le syst\u00e8me d&rsquo;exploitation Minix (pour PC) clone d&rsquo;UNIX, \u00e0 des fins p\u00e9dagogiques et volontairement r\u00e9duits afin qu&rsquo;il puisse \u00eatre compris enti\u00e8rement par ses \u00e9tudiants en un semestre. De cette fa\u00e7on, l&rsquo;Universit\u00e9 pouvait s&rsquo;affranchir du co\u00fbteux Unix propri\u00e9taire.<\/p>\n<ul>\n<li><span style=\"color: #0000ff;\">Les 3 distributions UNIX Libres les plus connues sont :\u00a0<b>FreeBSD<\/b>\u00a0&#8211;\u00a0<b>NetBSD<\/b>\u00a0&#8211;\u00a0<b>OpenBSD<\/b>.<\/span><\/li>\n<\/ul>\n<p>StarinuX vous conseille de les essayer et les installer car elles n&rsquo;ont rien \u00e0 envier \u00e0 leur \u00ab\u00a0consoeur\u00a0\u00bb Linux !<\/p>\n<p><b>L&rsquo;inventeur du noyau LINUX pour PC<\/b>\u00a0:<br \/>\nPar la suite, c&rsquo;est ce noyau MINIX qui a servi en 1991 de source d&rsquo;inspiration \u00e0\u00a0<b>Linus Torvalds<\/b>\u00a0(un Finlandais su\u00e9dophone de Helsinki) pour cr\u00e9er l&rsquo;OS GNU\/Linux avec un noyau monolithique, baptis\u00e9 d&rsquo;abord Freax, avant qu&rsquo;il ne devienne Linux : son nom vient de la contraction du pr\u00e9nom de l&rsquo;inventeur et d&rsquo;Unix : L I N u s + U n i X = LINUX.<br \/>\nL&rsquo;objectif de Linus \u00e9tait de porter UNIX sur tous les micro-ordinateurs et microprocesseurs : Apple-Mac, Intel, AMD &#8230;<br \/>\nAndrew Tanenbaum reconna\u00eet sans rancoeur les qualit\u00e9s de Linux.<br \/>\nAujourd&rsquo;hui on diff\u00e9rencie le noyau = \u00ab\u00a0<b>Linux<\/b>\u00a0\u00bb et le syst\u00e8me d&rsquo;exploitation (la distribution) = \u00ab\u00a0<b>GNU \/ LINUX<\/b>\u00ab\u00a0.<\/p>\n<ul>\n<li><span style=\"color: #0000ff;\"><a style=\"color: #0000ff;\" title=\"cliquer\" href=\"https:\/\/www.starinux.org\/?page_id=558\" target=\"_self\">Microsoft va tenter aussi l&rsquo;aventure Unix sans succ\u00e8s<\/a>.<\/span><\/li>\n<\/ul>\n<p>GNU\/Linux fait parti des Logiciels Libres.\u00a0<b>Richard Stallman<\/b>\u00a0va synth\u00e9tiser et officialiser le Logiciel Libre par la cr\u00e9ation de la licence GPL et GNU (la partie juridique de l&rsquo;OpenSource).<\/p>\n<ul>\n<li><span style=\"color: #0000ff;\"><a style=\"color: #0000ff;\" title=\"cliquer\" href=\"https:\/\/www.starinux.org\/?page_id=549\" target=\"_self\">Voir le portrait de Richard Stallman<\/a>.<\/span><\/li>\n<\/ul>\n<p>Une \u00e9p\u00e9e de Damocl\u00e8s pend au dessus de la t\u00eate de la communaut\u00e9 du Logiciel Libre : en effet, Unix-SCO a entam\u00e9 un proc\u00e8s aux USA il y a quelques anne\u00e9s sur le motif de l&rsquo;utilisation de leur noyau Unix brevet\u00e9 sans autorisation. Pour des raisons mal connues, le proc\u00e8s a \u00e9t\u00e9 gel\u00e9 mais pas abandonn\u00e9&#8230; Si SCO le reprenait, elle peut le gagner avec ses cons\u00e9quences pour les \u00e9diteurs et utilisateurs de logiciels Opensource \u00e0 base de noyau Unix, comme Linux.<\/p>\n<p>Le syst\u00e8me GNU\/LINUX fait parti des logiciels Libres sous contrat GPL\/GNU OpenSource. Il a atteint une maturit\u00e9, il b\u00e9n\u00e9ficie de toute la puissance d&rsquo;Unix. Il en va de m\u00eame pour la plupart des nombreux logiciels Libres.<br \/>\nIl est tr\u00e8s s\u00e9curis\u00e9, son utilisation n&rsquo;est finalement pas si difficile (il est diff\u00e9rent, on s&rsquo;y fait vite), d&rsquo;une richesse insoup\u00e7onn\u00e9e. Il est puissant, stable et robuste, avec une gestion graphique 100% modulable, souple : il peut \u00eatre un poste de travail haut de gamme et un puissant Serveur d&rsquo;Entreprise. Il b\u00e9n\u00e9ficie de l&rsquo;aide imm\u00e9diate des communaut\u00e9s bien organis\u00e9es. Vous n&rsquo;avez plus d&rsquo;excuses pour vous lancer vous dans GNU\/LINUX !<\/p>\n<p><b>Propos fallacieux<\/b>\u00a0:<br \/>\nOn lit sur des forums ces commentaires : \u00ab\u00a0<i>La communaut\u00e9 Linux et du Logiciel Libre ne cesse de taper sur la monopolistique soci\u00e9t\u00e9 Microsoft-Windows car cette derni\u00e8re a su cr\u00e9er une informatique standardis\u00e9e, facile et performante. Elle est jalouse. Linux c&rsquo;est comme le pingouin ou le manchot (mascotte de Linux), il ne d\u00e9collera jamais<\/i>\u00ab\u00a0.<\/p>\n<p><b>Voici notre r\u00e9ponse<\/b>\u00a0:<br \/>\nLa communaut\u00e9 du Libre n&rsquo;\u00e9prouve aucun complexe face au \u00ab\u00a0g\u00e9ant\u00a0\u00bb de Redmond.<br \/>\nLa qualit\u00e9 et la puissance de Linux ne sont plus \u00e0 d\u00e9montrer bien que ce syst\u00e8me n&rsquo;est pas construit par une gigantesque multinationale mais par des d\u00e9veloppeurs de g\u00e9nie, dynamiques, organis\u00e9s et f\u00e9d\u00e9r\u00e9s, avec ses multiples distributions originales.<br \/>\nNotre vrai d\u00e9sappointement r\u00e9side dans le constat d&rsquo;un march\u00e9 grand public (ordinateurs) trop d\u00e9s\u00e9quilibr\u00e9, de 85% pour la firme de Redmond, laissant ~15% aux autres acteurs : ~13% pour Mac-Apple et ~2% pour Linux (source\u00a0<i>Xiti<\/i>\u00a0~2008). L&rsquo;\u00e9cart est largement invers\u00e9 avec le fameux syst\u00e8me ANDRO\u00cfD (opensource), d\u00e9riv\u00e9 de GNU\/Linux, qui \u00e9quipe la majorit\u00e9 des smartphones et tablettes, mettant Windows8 et 10 tr\u00e8s loin derri\u00e8re (enfin !). Les parts de march\u00e9s sont en faveur du logiciel Libre dans le domaine professionnel, en tout cas nettement plus \u00e9quilibr\u00e9s et les pr\u00e9visions sont optimistes (\u00e0 relativiser selon les sources de sondages &#8230;). Linux a gagn\u00e9 la bataille des mobiles, a gagn\u00e9 celle des ordinateurs professionnels, il doit maintenant gagner celle des ordinateurs de bureau grand-public. Serait-ce le combat de David contre Goliath ?<\/p>\n<ul>\n<li><span style=\"color: #0000ff;\"><a style=\"color: #0000ff;\" title=\"L'avis de Linus Torvalds\" href=\"https:\/\/www.starinux.org\/?page_id=534\" target=\"_self\">Voir l&rsquo;avis de Linus Torvalds<\/a>.<\/span><\/li>\n<\/ul>\n<p>Concernant le march\u00e9 grand public trop restreint, c&rsquo;est un non sens \u00e9conomique. Les acteurs Linux et Logiciel Libre ne peuvent s&rsquo;\u00e9panouir \u00e9conomiquement et investir pour innover vers des solutions de simplifications de leurs syst\u00e8mes \u00e0 base Unix (performants mais parfois un peu complexes).<br \/>\nDes pilotes de p\u00e9riph\u00e9riques et des jeux, ne tournent que sous les syst\u00e8mes Windows (mais leurs nombres diminuent chaque ann\u00e9e). C&rsquo;est un cercle vicieux, qui permet \u00e0 l&rsquo;entreprise monopolistique de se maintenir et de prosp\u00e9rer, face aux autres acteurs.<br \/>\nSans compter la vente li\u00e9e et oblig\u00e9e PC + racketiciel, qui est un des freins majeurs \u00e0 l&rsquo;expansion d&rsquo;autres syst\u00e8mes et entra\u00eene la r\u00e9action du quidam : Informatique + PC = la soci\u00e9t\u00e9 de Redmond !<br \/>\nPar sa position ultra-dominante, ce monopole peut ainsi engendrer des pratiques commerciales d\u00e9loyales (trust). Il a \u00e9t\u00e9 condamm\u00e9 \u00e0 de nombreuses reprises aux USA et en Europe (CE), sans pour autant infl\u00e9chir l&rsquo;attitude de Microsoft.<br \/>\nQue le march\u00e9 de l&rsquo;informatique se r\u00e9\u00e9quilibre pour le bien de Tous.<br \/>\nQuant au pingouin, la r\u00e9ponse est dans le film \u00ab\u00a0<i>La marche de l&#8217;empereur<\/i>\u00a0\u00bb (C.Q.F.D.).<\/p>\n<h3 style=\"text-align: center;\"><span style=\"color: #800080;\">La GPL, la GNU, l&rsquo;OpenSource<\/span><\/h3>\n<p>Des centaines de distributions GNU\/LINUX existent. La plupart des distributions sont sous licence GPL\/GNU. C&rsquo;est une licence libre dont le code source de l&rsquo;OS est disponible pour tous, modifiable \u00e0 sa guise. C&rsquo;est Richard STALLMAN qui a cr\u00e9\u00e9 cette licence. Les distributions 100% GPL et gratuites : CENTOS, DEBIAN, SLACKWARE, FEDORA, UBUNTU, GENTOO, SLITAZ, KNOPPIX (live) &#8230; Les distributions GPL et commerciales : SUSE, REDHAT, (elles sont souvent gratuites pour les particuliers et usages personnels, sauf REDHAT (mais on peut utiliser la distribution recompil\u00e9e \u00e0 partir de son code source :\u00a0<i>CentOs<\/i>, sans les parties et logos copyright\u00e9s) Les entreprises se payent par la vente de l&rsquo;OS avec hotline et garantie du produit (en g\u00e9n\u00e9ral aux entreprises).<\/p>\n<ul>\n<li><span style=\"color: #0000ff;\"><a style=\"color: #0000ff;\" title=\"cliquer\" href=\"http:\/\/www.gnu.org\/philosophy\/categories.fr.html\" target=\"_blank\" rel=\"noopener\">COMPRENDRE LA LICENCE GPL<\/a>.<\/span><\/li>\n<\/ul>\n<h3 style=\"text-align: center;\"><span style=\"color: #800080;\">Nos MOTIVATIONS globales<\/span><\/h3>\n<p>C&rsquo;est pourquoi StarinuX s&rsquo;investit pour promouvoir au maximum l&rsquo;utilisation de LINUX, des OS et Logiciels Libres. Ce site n&rsquo;utilise que des technologies libres : \u00ab\u00a0Linux-Debian, Apache, Php, MySQL, OpenOffice &#8230;\u00a0\u00bb Il ne s&rsquo;adresse pas qu&rsquo;aux experts, il se veut avant tout abordable pour TOUS.<br \/>\nPRENEZ LE TEMPS DE LIRE NOS RUBRIQUES QUI VOUS APPORTERONT UN REGARD NOUVEAU SUR L&rsquo;INFORMATIQUE !<\/p>\n<h3 style=\"text-align: center;\"><span style=\"color: #800080;\">La suite bureautique Libre LIBRE-OFFICE<\/span><\/h3>\n<ul>\n<li><span style=\"color: #0000ff;\">Vous pouvez les t\u00e9l\u00e9charger\u00a0<b>gratuitement<\/b>\u00a0: Openoffice et Libreoffice.org.<\/span><\/li>\n<\/ul>\n<p>Il est un concurrent du pack \u00ab\u00a0Office\u00a0\u00bb de Microsoft. LB devient l&rsquo;outil mondial de r\u00e9f\u00e9rence du traitement de texte. Si vous \u00eates \u00e0 l&rsquo;aise sur Microsoft-Office, vous serez IMM\u00c9DIATEMENT op\u00e9rationnel(le) sur LibreOffice.<br \/>\nC&rsquo;est aussi une erreur de dire que LINUX est beaucoup plus complexe que Windows, il est diff\u00e9rent&#8230; dans un sens positif.<\/p>\n<ul>\n<li><span style=\"color: #0000ff;\">Lire notre t\u00e9moignage factuel : \u00ab\u00a0Installation de 3 OS\u00a0\u00bb.<\/span><\/li>\n<\/ul>\n<p>LibreOffice est tr\u00e8s performant, hormis un BUG dans son \u00e9diteur\u00a0<i>wysiwyg<\/i>\u00a0des pages HTML : Les scripts, PHP, Javascript, les balises \u00ab\u00a0div\u00a0\u00bb, \u00ab\u00a0fieldset\u00a0\u00bb, \u00ab\u00a0legend\u00a0\u00bb&#8230; ne sont pas accept\u00e9s car syst\u00e9matiquement effac\u00e9s. Les copier\/coller se font mal sur la m\u00eame la page.<br \/>\nQuand l&rsquo;\u00e9quipe de d\u00e9veloppeurs va t-elle corriger ce bug qui dure depuis sa premi\u00e8re \u00e9dition ? C&rsquo;est un point regrettable dans ce beau travail.<\/p>\n<p><center><img loading=\"lazy\" decoding=\"async\" class=\"alignnone size-full wp-image-345\" src=\"https:\/\/www.starinux.org\/wp-content\/uploads\/2025\/06\/lx-power2.jpg\" alt=\"\" width=\"173\" height=\"65\" \/><\/center><\/p>\n","protected":false},"excerpt":{"rendered":"<p>UNIX pour PC &#8211; GNU\/LINUX &#8211; LOGICIELS LIBRES ET OPENSOURCE \u00a0 \u00a0 \u00a0 \u00a0 \u00a0 \u00a0 \u00a0 \u00a0 GNU\/LINUX est un syst\u00e8me d&rsquo;exploitation (OS Operating System) pour Micro-Ordinateurs, en mode Terminaux \/ Serveur. Il est bas\u00e9 sur un noyau MINIX et norme POSIX venant du monde UNIX, sous licence GPL\/OpenSource. L&rsquo;inventeur d&rsquo;UNIX pour PC\u00a0: La &hellip; <\/p>\n<p><a class=\"more-link btn\" href=\"https:\/\/www.starinux.org\/?page_id=283\">Lire la suite<\/a><\/p>\n","protected":false},"author":2,"featured_media":0,"parent":264,"menu_order":0,"comment_status":"closed","ping_status":"closed","template":"","meta":{"_bbp_topic_count":0,"_bbp_reply_count":0,"_bbp_total_topic_count":0,"_bbp_total_reply_count":0,"_bbp_voice_count":0,"_bbp_anonymous_reply_count":0,"_bbp_topic_count_hidden":0,"_bbp_reply_count_hidden":0,"_bbp_forum_subforum_count":0,"_crdt_document":"","_piecal_is_event":false,"_piecal_start_date":"","_piecal_end_date":"","_piecal_is_allday":false,"footnotes":""},"class_list":["post-283","page","type-page","status-publish","hentry","nodate","item-wrap"],"publishpress_future_action":{"enabled":false,"date":"2026-04-15 12:32:40","action":"change-status","newStatus":"draft","terms":[],"taxonomy":"","extraData":[]},"publishpress_future_workflow_manual_trigger":{"enabledWorkflows":[]},"_links":{"self":[{"href":"https:\/\/www.starinux.org\/index.php?rest_route=\/wp\/v2\/pages\/283","targetHints":{"allow":["GET"]}}],"collection":[{"href":"https:\/\/www.starinux.org\/index.php?rest_route=\/wp\/v2\/pages"}],"about":[{"href":"https:\/\/www.starinux.org\/index.php?rest_route=\/wp\/v2\/types\/page"}],"author":[{"embeddable":true,"href":"https:\/\/www.starinux.org\/index.php?rest_route=\/wp\/v2\/users\/2"}],"replies":[{"embeddable":true,"href":"https:\/\/www.starinux.org\/index.php?rest_route=%2Fwp%2Fv2%2Fcomments&post=283"}],"version-history":[{"count":19,"href":"https:\/\/www.starinux.org\/index.php?rest_route=\/wp\/v2\/pages\/283\/revisions"}],"predecessor-version":[{"id":748,"href":"https:\/\/www.starinux.org\/index.php?rest_route=\/wp\/v2\/pages\/283\/revisions\/748"}],"up":[{"embeddable":true,"href":"https:\/\/www.starinux.org\/index.php?rest_route=\/wp\/v2\/pages\/264"}],"wp:attachment":[{"href":"https:\/\/www.starinux.org\/index.php?rest_route=%2Fwp%2Fv2%2Fmedia&parent=283"}],"curies":[{"name":"wp","href":"https:\/\/api.w.org\/{rel}","templated":true}]}}