{"id":281,"date":"2025-06-05T10:53:10","date_gmt":"2025-06-05T10:53:10","guid":{"rendered":"https:\/\/twp.starinux.org\/?page_id=281"},"modified":"2025-11-20T16:50:19","modified_gmt":"2025-11-20T15:50:19","slug":"la-creation","status":"publish","type":"page","link":"https:\/\/www.starinux.org\/?page_id=281","title":{"rendered":"La cr\u00e9ation"},"content":{"rendered":"<style type=\"text\/css\" media=\"screen\">\n    @import url(\"style3.css\");<br \/><\/style>\n<style>\nbody { padding:0px; margin:0px; font:100% \"Trebuchet MS\",Verdana,Arial,Sans-Serif; font-size:14px;}<br \/>#fielde { font:100% \"Trebuchet MS\",Verdana,Arial,sans-serif; text-align:left; color:#000000; font-size:14px; }<br \/>#field { font:100% \"Trebuchet MS\",Verdana,Arial,sans-serif; text-align:left; color:#000000; font-size:14px; }<br \/>#fielde li {margin-left:0.2cm;}<br \/>#field p { text-align:center; }<br \/>a: { color:#000000;text-decoration:none;}<br \/>a:hover { color:#0000FF; text-decoration:none; font-weight:bold;}<br \/>a:visited { color:#000000; text-decoration:none;}<br \/>#fielde a: { color:#000000;text-decoration:none;}<br \/>#fielde a:hover { color:#0000FF; text-decoration:none; font-weight:bold;}<br \/>#fielde a: { color:#000000;text-decoration:none;}<br \/>#fielde a:visited { color:#0<span data-mce-type=\"bookmark\" style=\"display: inline-block; width: 0px; overflow: hidden; line-height: 0;\" class=\"mce_SELRES_start\">\ufeff<\/span>00000; text-decoration:none;}<br \/>#fielde a:hover { color:#0000FF; text-decoration:none; font-weight:bold;}<br \/>#fielde p { margin-top:0.1cm; margin-bottom:0.1cm; color:#000000;font-size:14px; text-align:justify; }<br \/>#fielde { border:1px solid #1E90FF; }<br \/><\/style>\n<div id=\"field\"><center><span style=\"color: #800080;\"><u><b>PR\u00c9SENTATION PAR LE FONDATEUR DU CLUB StarinuX<\/b><\/u>\u00a0<\/span><\/center><center><b>Il est grand temps de<\/b> <img loading=\"lazy\" decoding=\"async\" class=\"alignnone size-full wp-image-330\" src=\"https:\/\/www.starinux.org\/wp-content\/uploads\/2025\/06\/logo-sx-2.jpg\" alt=\"\" width=\"126\" height=\"189\" \/>\u00a0 \u00a0 \u00a0 \u00a0\u00a0<img loading=\"lazy\" decoding=\"async\" class=\"alignnone size-full wp-image-329\" src=\"https:\/\/www.starinux.org\/wp-content\/uploads\/2025\/06\/europe-flag.jpg\" alt=\"\" width=\"70\" height=\"70\" \/> \u00a0 \u00a0 <b>faire de l&rsquo;informatique autrement<\/b>\u00a0!<\/center><\/div>\n<table width=\"95%\" cellspacing=\"2\" cellpadding=\"2\" align=\"center\">\n<tbody>\n<tr>\n<td valign=\"top\">\n<address>\n<address>\n<address>\n<h4><\/h4>\n<\/address>\n<\/address>\n<\/address>\n<h3>\u00a0<span style=\"color: #800080;\">\u00a0<b>Pr\u00e9ambule<\/b>\u00a0<strong>du fondateur, Antoine Wach\u00e9<\/strong> \u00a0<\/span><\/h3>\n<address>\n<address>Apr\u00e8s des \u00e9tudes et exp\u00e9riences commerciales, voici l&rsquo;\u00e8re de nouvelles sp\u00e9cialit\u00e9s bien du temps :\u00a0<i>l&rsquo;\u00c9lectronique et l&rsquo;Informatique Industrielles<\/i>\u00a0depuis 1984,\u00a0<i>L&rsquo;Administration-Syst\u00e8mes-R\u00e9seaux<\/i>\u00a0et\u00a0<i>Webmaster<\/i>\u00a0depuis 1990.Au d\u00e9but de l&rsquo;utilisation de l&rsquo;informatique, c&rsquo;\u00e9tait d\u00e9j\u00e0 (l&rsquo;\u00e9ternel) Microsoft-Windows (3.11).<br \/>\nL&rsquo;OS posait des probl\u00e8mes permanents : plantages, virus, instabilit\u00e9, r\u00e9installations. Il fallait trouver d&rsquo;urgence un O.S. stable, imperm\u00e9able aux virus, sinon d&rsquo;abandonner l&rsquo;informatique.<br \/>\nEst-ce un hasard..? Dans un libre-service informatique, un stand LINUX discret avec un livre et mode d&#8217;emploi de la distribution \u00ab\u00a0SLACKWARE\u00a0\u00bb. La facilit\u00e9 de son installation, la stabilit\u00e9 du syst\u00e8me, sa rapidit\u00e9, sa puissance et les virus inexistants (sans action possible) \u00e9taient convaincants. Le bonheur de pratiquer l&rsquo;informatique, gr\u00e2ce \u00e0 GNU\/LINUX, \u00e9tait (re)trouv\u00e9.<br \/>\nMerci \u00e0 :<\/address>\n<\/address>\n<ul>\n<li><a title=\"cliquer\" href=\"https:\/\/www.starinux.org\/?page_id=515\" target=\"_self\"><span style=\"color: #0000ff;\">Andrew Tannenbaum (USA) (professeur \u00e0 Berkeley puis aux Pays-Bas) : inventeur d&rsquo;Unix pour PC (MiniX)<\/span><\/a><span style=\"color: #0000ff;\">.<\/span><\/li>\n<\/ul>\n<address>\n<address>\u00a0<\/address>\n<\/address>\n<ul>\n<li><span style=\"color: #0000ff;\"><a style=\"color: #0000ff;\" title=\"cliquer\" href=\"http:\/\/twp.starinux.org\/?page_id=283\" target=\"_self\">Linus Torvalds (Finlande) : inventeur du noyau Unix pour PC Freaks =&gt; \u00e0 qui LINUX doit son nom = LINUs+uniX<\/a>.<\/span><\/li>\n<\/ul>\n<address>\n<address>\u00a0<\/address>\n<\/address>\n<ul>\n<li><a title=\"cliquer\" href=\"http:\/\/twp.starinux.org\/?page_id=283\" target=\"_self\"><span style=\"color: #0000ff;\">Richard Stallman (USA) : inventeur du projet de la licence Libre GNU et GPL<\/span><\/a><span style=\"color: #0000ff;\">.<\/span><\/li>\n<\/ul>\n<address>\n<fieldset id=\"fielde\">Apr\u00e8s l&rsquo;abandon de l&rsquo;ancien OS sans regret, c&rsquo;est la d\u00e9couverte des qualit\u00e9s et de la richesse des nombreux Logiciels Libres (L.L.).<b>Rappel de la d\u00e9finition d&rsquo;un logiciel LIBRE par ses 4 conditions (libert\u00e9s) sine-qua-none<\/b>\u00a0:<br \/>\n1] La libert\u00e9 d&rsquo;utiliser le logiciel sans aucune restriction,<br \/>\n2] La libert\u00e9 de copier le logiciel,<br \/>\n3] La libert\u00e9 d&rsquo;\u00e9tudier le logiciel,<br \/>\n4] La libert\u00e9 de modifier le logiciel et de redistribuer les versions modifi\u00e9es \u00e0 qui veut.Un logiciel a une licence non libre (privatrice) si elle restreint une de ces 4 libert\u00e9s fondamentales.<b>Le Logiciel Libre<\/b>\u00a0est livr\u00e9 avec son code source de mani\u00e8re \u00e0 \u00eatre copi\u00e9, modifi\u00e9 et redistribu\u00e9, \u00e9voluant ainsi de fa\u00e7on continue vers une version toujours plus perfectionn\u00e9e, dans un contexte de d\u00e9veloppement coop\u00e9ratif et communautaire. C&rsquo;est une autre dimension avec l&rsquo;\u00e9volution vers un monde plus humain et loin d&rsquo;un capitalisme \u00ab\u00a0sauvage\u00a0\u00bb.Mais rentrer dans la communaut\u00e9 du Libre n&rsquo;est pas si facile&#8230;<\/fieldset>\n<\/address>\n<\/td>\n<\/tr>\n<tr>\n<td valign=\"top\">\n<fieldset id=\"fielde\">\n<legend><span style=\"color: #993366;\"><strong>\u00a0\u00a0<span style=\"color: #800080;\">L&rsquo;origine du club StarinuX\u00a0\u00a0<\/span><\/strong><\/span><\/legend>\n<p>Il fallait absolument poursuivre et partager cette \u00ab\u00a0D\u00c9COUVERTE\u00a0\u00bb de GNU\/Linux et de l&rsquo;OpenSource en adh\u00e9rant \u00e0 plusieurs clubs existants. Cependant, elle a \u00e9t\u00e9 mise en b\u00e9mol par une forme r\u00e9p\u00e9t\u00e9e de discourtoisie.<br \/>\nL&rsquo;objectif est de sortir des sentiers battus de communaut\u00e9s trop acad\u00e9miques, imbues d&rsquo;elles m\u00eames et parfois immatures, au profit d&rsquo;actions concr\u00e8tes dans un r\u00e9seau amical et fraternel compos\u00e9 de membres, particuliers et entreprises, passionn\u00e9s par l&rsquo;informatique Libre et OpenSource.<br \/>\n<b>La bonne solution n&rsquo;est-elle pas alors de cr\u00e9er sa propre structure sans ces \u00e9cueils<\/b>\u00a0? :<br \/>\nComme l&rsquo;a dit R. Buckminster Fuller : \u00ab\u00a0<i>ne changez jamais les choses en combattant la r\u00e9alit\u00e9 existante, b\u00e2tissez un nouveau mod\u00e8le qui rendra l&rsquo;actuel obsol\u00e8te<\/i>\u00a0\u00bb (aujourd&rsquo;hui Linux occupe plus de 85% du march\u00e9 informatique professionnel et 90% des smartphones (Andro\u00efd),<br \/>\nc&rsquo;est l&rsquo;origine de l&rsquo;association\u00a0<b>StarinuX<\/b>\u00a0en 2001, bas\u00e9e sur l&rsquo;\u00e9thique :<br \/>\n\u00ab\u00a0Conviviale Dynamique Libre et Ind\u00e9pendante\u00a0\u00bb !<br \/>\nAu d\u00e9part, ce n&rsquo;\u00e9tait qu&rsquo;un petit site Web (cr\u00e9\u00e9 en wysiwyg html) + une Mailing-liste chez Free avec un seul membre : son cr\u00e9ateur. Puis elle a vite engrang\u00e9 des inscriptions, actions originales et incitatives pour migrer vers le Libre (avec l&rsquo;aide ponctuelle de plusieurs membres et maintenant d&rsquo;un Bureau + CA dynamiques qui apportent son soutien).<br \/>\nLe but : rassembler toutes personnes autour de Linux et du Logiciel Libre, dans une\u00a0<b>\u00e9thique de Libert\u00e9 et convivialit\u00e9<\/b>.<\/p>\n<p>Sa sp\u00e9cialit\u00e9 est la formation pratique sous forme d&rsquo;ateliers, qui augmentent en nombre et qualit\u00e9, gr\u00e2ce au r\u00e9seau de relations qu&rsquo;elle a su tisser au fil des ann\u00e9es, sponsors, accords de coop\u00e9ration avec des soci\u00e9t\u00e9s de l&rsquo;internet Libre et de l&rsquo;OpenSource (avant sous forme financi\u00e8re, maintenant sous forme d&rsquo;aides mat\u00e9rielles).<\/p>\n<p>En f\u00e9vrier 2008, le club a pris un statut officiel d&rsquo;Association loi 1901, sans but lucratif :<br \/>\nil est un des premiers club d&rsquo;Utilisateurs de Linux, des Logiciels Libres et Opensource en France, bien dans l&rsquo;air du temps. Son souhait est de travailler avec les particuliers, les entreprises, des partenaires europ\u00e9ens et les pays francophones.<\/p>\n<p>Au fil du temps, StarinuX est devenu incontournable et tente de promulger le Libre comme une valeur en Europe et dans les pays francophones du tiers-monde (Logiciel Libre = immense qualit\u00e9 + petit co\u00fbt).<\/fieldset>\n<\/td>\n<\/tr>\n<tr>\n<td valign=\"top\">\n<fieldset>\n<fieldset>\n<legend>\u00a0\u00a0<span style=\"color: #800080;\"><b>Pourquoi un \u00e9ni\u00e8me club LINUX et du Libre<\/b>\u00a0<\/span>\u00a0<\/legend>\n<p>Les clubs \u00ab\u00a0Logiciels Libres\u00a0\u00bb ne sont pas de trop dans la communaut\u00e9, loin s&rsquo;en faut, \u00e0 condition qu&rsquo;ils soient dans l&rsquo;\u00e9volution, ce que nous avons toujours pratiqu\u00e9e. Alors que bien des GULL se meurent, StarinuX voit ses membres et activit\u00e9s s&rsquo;accro\u00eetre :<\/fieldset>\n<\/fieldset>\n<fieldset id=\"fielde\">Pour \u00eatre vu, il faut se faire voir : plus il y a de drapeaux logiciel Libre dans l&rsquo;air du temps , mieux la communaut\u00e9 sera vue et entendue.<br \/>\nL&rsquo;association est situ\u00e9e dans les Hauts de Seine, d\u00e9partement qui est le premier en nombres d&rsquo;entreprises et de si\u00e8ges sociaux, dont les plus grandes enseignes, particuli\u00e8rement dans le quartier d&rsquo;affaires de 92-La D\u00e9fense (n\u00b02 en Europe).<\/fieldset>\n<\/td>\n<\/tr>\n<tr>\n<td valign=\"top\">\n<fieldset>\n<fieldset>\n<legend><span style=\"color: #800080;\">\u00a0\u00a0<b>Quelle est l&rsquo;originalit\u00e9 de StarinuX<\/b><\/span>\u00a0? \u00a0<\/legend>\n<p>Il y en a plusieurs :<br \/>\n<u><b>La premi\u00e8re<\/b><\/u>\u00a0: le respect de l&rsquo;\u00e9thique = INT\u00c8GRE CONVIVIALE DYNAMIQUE LIBRE ET IND\u00c9PENDANTE !<br \/>\nNos actions depuis 2001 (15 ann\u00e9es de labeur) sont nombreuses, ax\u00e9es surtout sur la formation permanente aux logiciels Libres :<\/fieldset>\n<\/fieldset>\n<ul>\n<li><span style=\"color: #0000ff;\"><a style=\"color: #0000ff;\" title=\"cliquer\" href=\"https:\/\/www.starinux.org\/?page_id=211\" target=\"_self\">Entre autres, nos ateliers-formations mensuels (cliquer)<\/a>.<\/span><\/li>\n<\/ul>\n<fieldset id=\"fielde\"><u><b>La deuxi\u00e8me<\/b><\/u>\u00a0: PAS de SECTARISME ni DOGMATISME purs et durs !<br \/>\nDans le terme \u00ab\u00a0Logiciel Libre\u00a0\u00bb, il y a le mot \u00ab\u00a0Libert\u00e9\u00a0\u00bb qui sous-entend la bonne entente avec ceux qui respectent la libert\u00e9.<br \/>\nStarinuX ne sera jamais un club de \u00ab\u00a0Libristes int\u00e9gristes et sectaires\u00a0\u00bb, c&rsquo;est une originalit\u00e9 dans la communaut\u00e9.<br \/>\nLe Club est APOLITIQUE et n&rsquo;a pas l&rsquo;esprit militant. Attachons nous au concret moins au principe.<u><b>La troisi\u00e8me<\/b><\/u>\u00a0: les\u00a0<b>dames<\/b>\u00a0sont les bienvenues dans le club :\u00a0<span style=\"color: #009900;\"><b>elles sont 59<\/b><\/span><b>\u00a0!<\/b><br \/>\nLes portes de la technologie Linux leur sont ouvertes. Pas de sexisme ici !<u><b>La quatri\u00e8me<\/b><\/u>\u00a0: l&rsquo;association n&rsquo;adh\u00e9re \u00e0 aucun club, ni association du Libre, afin de rester\u00a0<b>Libre et Ind\u00e9pendante<\/b>.<br \/>\nN\u00e9anmoins, toutes demandes de partenariat sont re\u00e7ues volontiers (seule condition : la r\u00e9ciprocit\u00e9).<\/fieldset>\n<\/td>\n<\/tr>\n<tr>\n<td valign=\"top\">\n<fieldset>\n<fieldset>\n<legend>\u00a0<span style=\"color: #800080;\">\u00a0<b>Comment se porte StarinuX et quels sont vos rapports avec la communaut\u00e9 du Libre ?<\/b>\u00a0\u00a0<\/span><\/legend>\n<p>Croisons les doigts, pas trop mal. L&rsquo;\u00e9thique du club a \u00e9t\u00e9 un peu malmen\u00e9e depuis sa 1\u00e8re AG de Mai 2010 (notre slogan ne vaccine pas pour autant) et apr\u00e8s d&rsquo;\u00e2pres et vains antagonismes, elle s&rsquo;en est bien r\u00e9tablie apr\u00e8s l&rsquo;AG de Juin 2012.<br \/>\nL&rsquo;association a\u00a0<b>671 membres<\/b>\u00a0(des partenaires) et\u00a0<b>281 cotisants<\/b>\u00a0aujourd&rsquo;hui.<br \/>\nMalgr\u00e9, elle doit rester une communaut\u00e9 plut\u00f4t intime, pas le style \u00abhall de gare\u00bb.<br \/>\nApr\u00e8s mails d&rsquo;avertissement, une centaine de membres qui n&rsquo;ont jamais voulu indiquer la r\u00e9alit\u00e9 de leurs informations ont \u00e9t\u00e9 d\u00e9sinscrits. Restons honn\u00eates dans nos adh\u00e9sions et leur s\u00e9rieux.<\/p>\n<p>Nous d\u00e9plorons un manque de relations avec des GULL, certains ne jouent pas la r\u00e9ciprocit\u00e9. La communaut\u00e9 du Libre a subi un coup d&rsquo;arr\u00eat de ses acteurs autrefois connu pr\u00e9sent et dynamique, comme le d\u00e9montre la liste ci-dessous.<\/p>\n<p>Les activit\u00e9s de l&rsquo;association sont vari\u00e9es.<br \/>\nD\u00e8s 2001, de nombreuses manifestations ont \u00e9t\u00e9 organis\u00e9es. Peu de clubs peuvent en dire autant&#8230;<br \/>\nNotre objectif, apr\u00e8s la convivialit\u00e9, est la promotion, l&rsquo;apprentissage concret de Linux et des Logiciels Libres, sous toutes formes.<\/fieldset>\n<\/fieldset>\n<fieldset id=\"fielde\">Depuis nos AG de Juin, 2012, 2013, 2016, pour faire face \u00e0 son expansion, le club a modifi\u00e9 son organisation par la cr\u00e9ation d&rsquo;un Conseil d&rsquo;Administration avec responsabilit\u00e9s techniques : conseiller juridique, \u00e9v\u00e9nementiel, administrateur-syst\u00e8mes, webmaster et r\u00e9dacteur.<br \/>\nLe club a besoin d&rsquo;un noyau r\u00e9actif, performant et impliqu\u00e9 pour faire face \u00e0 ses actions. Mais depuis peu, il peine \u00e0 fid\u00e9liser ses acteurs. C&rsquo;\u00e9tait l&rsquo;enjeu de l&rsquo;AG du 25 juin 2016 !Il a obtenu :<br \/>\n&#8211; un accord de formations certifiantes avec\u00a0<b>la Philotechnique-CNAM<\/b>\u00a0de Bois-Colombes (aujourd&rsquo;hui ferm\u00e9e),<br \/>\n&#8211; un contrat de m\u00e9c\u00e9nat + attribution d&rsquo;un serveur d\u00e9di\u00e9 par la Fondation d&rsquo;entreprise\u00a0<b>FREE<\/b>,<br \/>\n&#8211; un partenariat logistique avec l&rsquo;association parisienne\u00a0<b>R\u00e9seau-2000<\/b>\u00a0(aujourd&rsquo;hui ferm\u00e9e),<br \/>\n&#8211; un partenariat subventionn\u00e9 + pr\u00eat d&rsquo;une belle salle de formation avec la\u00a0<b>Mairie de 92-Courbevoie<\/b>,<br \/>\n&#8211; un accord de coop\u00e9ration de formations certifiantes avec la SSIL\u00a0<b>LINAGORA<\/b>\u00a0(aujourd&rsquo;hui caduque),<br \/>\n&#8211; un accord d&rsquo;ateliers avec\u00a0<b>Silicon-Banlieue<\/b>\u00a0\u00e0 95-Argenteuil (aujourd&rsquo;hui ferm\u00e9).<br \/>\n(ces fermetures d\u00e9montrent finalement que les autorit\u00e9s attachent peu d&rsquo;importance aux enjeux du num\u00e9rique :\u00a0<a title=\"cliquez\" href=\"https:\/\/www.starinux.org\/index.php?rev=rev-numeric.php\" target=\"_blank\" rel=\"noopener\">voir notre article<\/a>).StarinuX est maintenant \u00ab\u00a0une Pierre Vive\u00a0\u00bb (Rabelais) et solide dans la communaut\u00e9.Les ann\u00e9es passent,\u00a0<b>il faut suivre l&rsquo;\u00e9volution ultra-rapide du num\u00e9rique par des actions toujours nouvelles<\/b>\u00a0bien dans l&rsquo;air du temps&#8230;<\/fieldset>\n<\/td>\n<\/tr>\n<tr>\n<td valign=\"top\">\n<fieldset class=\"fielde\">\n<fieldset class=\"fielde\">\n<legend>\u00a0\u00a0<span style=\"color: #800080;\"><b>Que penser de l&rsquo;avenir de LINUX et des Logiciels Libres<\/b>\u00a0\u00a0<\/span><\/legend>\n<p><b>Le logiciel propri\u00e9taire<\/b>, c&rsquo;est une co\u00fbteuse voiture \u00e0 capot soud\u00e9, dans laquelle on ne peut agir sur le moteur pour le r\u00e9parer et l&rsquo;am\u00e9liorer.<\/p>\n<p>Esp\u00e9rons que LINUX deviendra l&rsquo;autre Operating System grand public face au sempiternel OS de Redmond sans concession.<\/p>\n<p><b>Sa position est ascendante<\/b>\u00a0dans les entreprises en tant que serveur, pas en poste de travail. Il faut regretter les statistiques assez floues des utilisateurs de Linux, le situant \u00e0 environ 1% des utilisateurs grand public dans le monde. Si tel est le cas, soyons r\u00e9alistes, il est anormal qu&rsquo;un OS ait une p\u00e9n\u00e9tration de march\u00e9 aussi faible en 20 ann\u00e9es d&rsquo;existence.<br \/>\nLes freins principaux de son ascension sont d\u00fbs \u00e0 une perception de complexit\u00e9 (c&rsquo;est vrai), la fameuse vente li\u00e9e PC &lt;=&gt; OS oblig\u00e9e, certains pilotes parfois difficile \u00e0 installer et les jeux plus rares.<\/p>\n<p>Tandis que d&rsquo;autres Logiciels Libres, tels LibreOffice et FireFox, les serveurs Linux en milieu professionnel, le syst`me Andro\u00efd (un Linux pour les smartphones et tablettes)&#8230;, occupent une part de march\u00e9 grand public nettement plus digne. La raison : leur simplicit\u00e9 et accoutumance imm\u00e9diate d&rsquo;utilisation et\/ou leur portabilit\u00e9 multi-plates-formes.<\/fieldset>\n<\/fieldset>\n<ul>\n<li><span style=\"color: #0000ff;\"><a style=\"color: #0000ff;\" title=\"clic\" href=\"https:\/\/www.starinux.org\/?page_id=534\" target=\"_self\">GNU\/Linux : le logiciel qui monte<\/a>.<\/span><\/li>\n<\/ul>\n<fieldset class=\"fielde\">\n<fieldset class=\"fielde\"><b>Les \u00e9diteurs<\/b>\u00a0du syst\u00e8me GNU\/Linux, de pilotes, de certains logiciels, de jeux, ne sont pas impliqu\u00e9s suffisamment dans une installation et configuration simplifi\u00e9es, comme sous Windows, par un simple clic de souris.<br \/>\nL&rsquo;occupation du march\u00e9 Linux \u00e0 ~1% ne les incite pas \u00e0 cr\u00e9er des outils de configurations graphiques intuitifs. Aussi, stabilit\u00e9 qualit\u00e9 s\u00e9curit\u00e9 obligent, LINUX ne sera jamais aussi \u00absimple\u00bb que Windows (sauf par le reboot &#8230;), c&rsquo;est le petit prix \u00e0 payer, mais pour la tranquillit\u00e9 !\u00a0<i>Linux, c&rsquo;est un peu compliqu\u00e9 mais on s&rsquo;y fait vite !<\/i><b>Les logiciels libres, sont per\u00e7us comme des concurrents d\u00e9loyaux<\/b>\u00a0(car gratuits) par les entreprises de produits sous licence. Ceci est faux, car la licence libre GPL n&rsquo;est pas synonyme de gratuit\u00e9, bien des entreprises vendent leurs produits sous licence GPL (La gratuit\u00e9 n&rsquo;est pas une libert\u00e9 !).<\/fieldset>\n<\/fieldset>\n<ul>\n<li><span style=\"color: #0000ff;\"><a style=\"color: #0000ff;\" title=\"On verse 100 millions \u20ac et le tour est jou\u00e9 !\" href=\"http:\/\/www.lemonde.fr\/economie\/article\/2015\/11\/09\/microsoft-sort-son-chequier-et-investit-a-son-tour-en-france_4805509_3234.html\" target=\"_blank\" rel=\"noopener\">Question grave d\u00e9loyaut\u00e9 des concurrents logiciels propri\u00e9taires, et bien la voici (clic)<\/a>.<\/span><\/li>\n<\/ul>\n<\/td>\n<\/tr>\n<tr>\n<td valign=\"top\">\n<address>\n<fieldset id=\"fielde\">\n<legend>\u00a0<span style=\"color: #800080;\">\u00a0<b>Quelle est l&rsquo;opinion de StarinuX sur les syst\u00e8mes* propri\u00e9taires ?<\/b><\/span>\u00a0\u00a0<\/legend>\n<p>Il faut d\u00e9plorer le constat suivant :<br \/>\nUne entreprise domine globalement le march\u00e9 mondial grand public de la micro-informatique \u00e0 85%. Serait-il normal qu&rsquo;une seule Entreprise de l&rsquo;automobile poss\u00e8de 85% du march\u00e9 mondial de l&rsquo;automobile ?<\/p>\n<p>Ce serait un NON SENS \u00e9conomique ! Il en va de m\u00eame pour l&rsquo;Informatique, mais ici c&rsquo;est une r\u00e9alit\u00e9 existante et grave ! R\u00e9tablissons des parts dignes de march\u00e9 \u00e0 tous les Syst\u00e8mes d&rsquo;Exploitation dignes de ce nom.<\/p>\n<p>D\u00e9fendre le Logiciel Libre, sans pour autant d\u00e9nigrer les logiciels propri\u00e9taires, mais exclusivement ceux d&rsquo;entreprises qui jouent la saine concurrence, le respect des autres, la qualit\u00e9 l&rsquo;innovation (il y en a&#8230;).<\/p>\n<p>Linux et l&rsquo;Opensource ont largement acquis \u00ableur titre de noblesse\u00bb et doivent devenir des concurrents \u00e0 part enti\u00e8re dans le march\u00e9 du num\u00e9rique, pour le plus grand bien des utilisateurs.<br \/>\nM\u00eame Microsoft s&rsquo;est finalement mise \u00e0 l&rsquo;Opensource, terrass\u00e9e par son \u00e9chec sur le march\u00e9 des serveurs par GNU\/Linux et ses logiciels Libres (David contre Goliath). \u00ab\u00a0<b>Vivement un march\u00e9 des O.S. bien r\u00e9partis !<\/b>\u00a0\u00bb \u00a0 (OS = Operating System = Syst\u00e8me d&rsquo;Exploitation).<\/fieldset>\n<\/address>\n<\/td>\n<\/tr>\n<tr>\n<td valign=\"top\">\n<fieldset>\n<fieldset>\n<legend>\u00a0\u00a0<span style=\"color: #800080;\"><b>Pourquoi le nom \u00a9StarinuX et qui l&rsquo;h\u00e9berge ?<\/b><\/span>\u00a0\u00a0<\/legend>\n<p>C&rsquo;est sans plus la contraction de\u00a0<b>Star of linuX<\/b>\u00a0(\u00c9toile de Linux) donnant un nom universel.<br \/>\nLe site, les tutoriels sont\u00a0<i>copyleft<\/i>\u00a0ou sous licence\u00a0<i>creative commons<\/i>\u00a0mais avec une protection. Le nom est r\u00e9serv\u00e9 \u00a9. Il a \u00e9t\u00e9 d\u00e9pos\u00e9 \u00e0 l&rsquo;INPI. La r\u00e9servation internet : .NET .FR .EU .COM .INFO est reconduite pour ne pas risquer la prise de notre nom.<\/p>\n<p>Tous les services sont maintenant sur deux serveurs d\u00e9di\u00e9s \u00e0 la Fondation Online-Free et OVH, sous GNU\/Linux\u00a0<i>Debian-12<\/i>, notre Mailing-Liste avec l&rsquo;outil libre\u00a0<b>MAILMAN<\/b>, notre site Web (100% maison) est am\u00e9lior\u00e9 en qualit\u00e9, nouveaut\u00e9s, selon le temps du webmaster.<\/fieldset>\n<\/fieldset>\n<\/td>\n<\/tr>\n<tr>\n<td valign=\"top\">\n<fieldset>\n<fieldset>\n<legend><strong>\u00a0<span style=\"color: #800080;\">\u00a0Antoine, ou peut-on te joindre ?\u00a0\u00a0<\/span><\/strong><\/legend>\n<\/fieldset>\n<\/fieldset>\n<ul>\n<li><a title=\"cliquer\" href=\"https:\/\/www.starinux.org\/?page_id=15\" target=\"_self\"><span style=\"color: #0000ff;\">Je dirai plut\u00f4t, le Bureau et le CA sont disponibles :\u00a0<i>clic<\/i><\/span><\/a><span style=\"color: #0000ff;\">.<\/span><\/li>\n<\/ul>\n<fieldset>\n<fieldset>Je finis par un b\u00e9mol, ombre au tableau, r\u00e9current pour bien des associations sans but lucratif, nous manquons de techniciens pour aider, ce sont toujours les m\u00eames qui hissent les voiles :<\/fieldset>\n<\/fieldset>\n<\/td>\n<\/tr>\n<\/tbody>\n<\/table>\n","protected":false},"excerpt":{"rendered":"<p>PR\u00c9SENTATION PAR LE FONDATEUR DU CLUB StarinuX\u00a0Il est grand temps de \u00a0 \u00a0 \u00a0 \u00a0\u00a0 \u00a0 \u00a0 faire de l&rsquo;informatique autrement\u00a0! \u00a0\u00a0Pr\u00e9ambule\u00a0du fondateur, Antoine Wach\u00e9 \u00a0 Apr\u00e8s des \u00e9tudes et exp\u00e9riences commerciales, voici l&rsquo;\u00e8re de nouvelles sp\u00e9cialit\u00e9s bien du temps :\u00a0l&rsquo;\u00c9lectronique et l&rsquo;Informatique Industrielles\u00a0depuis 1984,\u00a0L&rsquo;Administration-Syst\u00e8mes-R\u00e9seaux\u00a0et\u00a0Webmaster\u00a0depuis 1990.Au d\u00e9but de l&rsquo;utilisation de l&rsquo;informatique, c&rsquo;\u00e9tait d\u00e9j\u00e0 (l&rsquo;\u00e9ternel) Microsoft-Windows &hellip; <\/p>\n<p><a class=\"more-link btn\" href=\"https:\/\/www.starinux.org\/?page_id=281\">Lire la suite<\/a><\/p>\n","protected":false},"author":2,"featured_media":0,"parent":264,"menu_order":0,"comment_status":"closed","ping_status":"closed","template":"","meta":{"_bbp_topic_count":0,"_bbp_reply_count":0,"_bbp_total_topic_count":0,"_bbp_total_reply_count":0,"_bbp_voice_count":0,"_bbp_anonymous_reply_count":0,"_bbp_topic_count_hidden":0,"_bbp_reply_count_hidden":0,"_bbp_forum_subforum_count":0,"_crdt_document":"","_piecal_is_event":false,"_piecal_start_date":"","_piecal_end_date":"","_piecal_is_allday":false,"footnotes":""},"class_list":["post-281","page","type-page","status-publish","hentry","nodate","item-wrap"],"publishpress_future_action":{"enabled":false,"date":"2026-04-15 13:03:54","action":"change-status","newStatus":"draft","terms":[],"taxonomy":"","extraData":[]},"publishpress_future_workflow_manual_trigger":{"enabledWorkflows":[]},"_links":{"self":[{"href":"https:\/\/www.starinux.org\/index.php?rest_route=\/wp\/v2\/pages\/281","targetHints":{"allow":["GET"]}}],"collection":[{"href":"https:\/\/www.starinux.org\/index.php?rest_route=\/wp\/v2\/pages"}],"about":[{"href":"https:\/\/www.starinux.org\/index.php?rest_route=\/wp\/v2\/types\/page"}],"author":[{"embeddable":true,"href":"https:\/\/www.starinux.org\/index.php?rest_route=\/wp\/v2\/users\/2"}],"replies":[{"embeddable":true,"href":"https:\/\/www.starinux.org\/index.php?rest_route=%2Fwp%2Fv2%2Fcomments&post=281"}],"version-history":[{"count":39,"href":"https:\/\/www.starinux.org\/index.php?rest_route=\/wp\/v2\/pages\/281\/revisions"}],"predecessor-version":[{"id":1574,"href":"https:\/\/www.starinux.org\/index.php?rest_route=\/wp\/v2\/pages\/281\/revisions\/1574"}],"up":[{"embeddable":true,"href":"https:\/\/www.starinux.org\/index.php?rest_route=\/wp\/v2\/pages\/264"}],"wp:attachment":[{"href":"https:\/\/www.starinux.org\/index.php?rest_route=%2Fwp%2Fv2%2Fmedia&parent=281"}],"curies":[{"name":"wp","href":"https:\/\/api.w.org\/{rel}","templated":true}]}}