{"id":21,"date":"2025-04-18T09:37:06","date_gmt":"2025-04-18T09:37:06","guid":{"rendered":"https:\/\/twp.starinux.org\/?page_id=21"},"modified":"2025-10-29T12:58:27","modified_gmt":"2025-10-29T10:58:27","slug":"la-charte","status":"publish","type":"page","link":"https:\/\/www.starinux.org\/?page_id=21","title":{"rendered":"La charte"},"content":{"rendered":"<h5 style=\"text-align: center;\"><span style=\"font-size: xx-small;\"><b>Une tour sur un perron symbolisant la charte des habitants d&rsquo;une ville (espace communautaire)<\/b><br \/>\nDes petites barri\u00e8res \u00a0 <img loading=\"lazy\" decoding=\"async\" class=\"alignnone size-full wp-image-353\" src=\"https:\/\/www.starinux.org\/wp-content\/uploads\/2025\/06\/charte.png\" alt=\"\" width=\"100\" height=\"110\" \/>\u00a0 \u00a0qui renforcent la Libert\u00e9<\/span><\/h5>\n<h3 style=\"text-align: center;\"><span style=\"color: #800080;\">LA CHARTE DE BIENS\u00c9ANCE DU CLUB StarinuX<\/span><\/h3>\n<ul>\n<li>\n<h6><a title=\"cliquer\" href=\"https:\/\/www.starinux.org\/?page_id=18\" target=\"_self\"><span style=\"color: #0000aa;\"><b>LIRE NOS STATUTS<\/b><\/span><\/a>.<\/h6>\n<\/li>\n<\/ul>\n<p><b>Article 1] \u00a0\u00a0<u>Pr\u00e9ambule<\/u><\/b><br \/>\nCette charte et les statuts de l&rsquo;association sont indissociables.<br \/>\nLe club StarinuX est une association loi 1901, d\u00e9clar\u00e9e \u00e0 la Pr\u00e9fecture des Hauts-de-Seine dont la vocation est la promotion de GNU\/Linux et des Logiciels Libres.<br \/>\nCette charte n&rsquo;est pas un r\u00e8glement policier mais une demande de comportement de biens\u00e9sance. Elle est valable pour TOUT adh\u00e9rent, quel que soit son statut ou sa notori\u00e9t\u00e9. Elle permet de pr\u00e9server un esprit de paix et de libert\u00e9.<br \/>\nEn toutes circonstances, l&rsquo;adh\u00e9rent doit respecter son slogan indissociable :<br \/>\n\u00ab\u00a0<b><i>Int\u00e8gre Conviviale Dynamique Libre Ind\u00e9pendante<\/i><\/b>\u00ab\u00a0.<br \/>\nLe club promeut et d\u00e9fend le Logiciel Libre et OpenSource par toutes actions, mais toujours dans la r\u00e9alit\u00e9 et la s\u00e9r\u00e9nit\u00e9. L&rsquo;association est totalement apolitique et la\u00efque.<\/p>\n<p><b>Article 2] \u00a0\u00a0<u>L&rsquo;inscription<\/u><\/b><br \/>\nTout membre doit avoir au minimum 16 ans r\u00e9volus. Il doit indiquer : sa civilit\u00e9, ses pr\u00e9nom et NOM, email, son d\u00e9partement ou pays, activit\u00e9, date de naissance, et si adh\u00e9rent (cotisant), son adresse, un t\u00e9l\u00e9phone, afin de donner un aper\u00e7u de r\u00e9alit\u00e9 de lui m\u00eame vis \u00e0 vis des autres membres. Ceci garantit une ambiance conviviale et sympathique, d&rsquo;entraides, de r\u00e9seau, n\u00e9cessaire dans toute association humaine.<br \/>\nL&rsquo;association se r\u00e9serve le droit d&rsquo;annuler une adh\u00e9sion si le MAIL d&rsquo;inscription rev\u00eat un caract\u00e8re trop farfelu ou bizarre, ainsi que des informations irr\u00e9elles ou contradictoires, apr\u00e8s un mail d&rsquo;avertissement, demandant de modifier les donn\u00e9es concern\u00e9es.<br \/>\nConform\u00e9ment \u00e0 l&rsquo;article 34 de la loi informatique et libert\u00e9s du 6 janvier 1978 (CNIL), tout membre a un droit permanent de modification ou suppression de toutes ses donn\u00e9es sur le site de mani\u00e8re ais\u00e9e.<br \/>\n<b>Cotisation<\/b>\u00a0:<br \/>\nSa cotisation annuelle d&rsquo;adh\u00e9sion est facultative et valid\u00e9e \u00e0 chaque AG.<\/p>\n<ul>\n<li><span style=\"color: #0000ff;\">Son tarif est pr\u00e9sent sur la page\u00a0<i>cotisation<\/i>\u00a0(clic)<\/span><\/li>\n<\/ul>\n<p>(le soutien est valable depuis sa date de paiement + 365 jours).<br \/>\nSelon d\u00e9cision de l&rsquo;AG du 22 Mai 2010 (non remise en cause depuis), seuls les membres \u00e0 jour de leur cotisation (adh\u00e9rents) ont droit \u00e0 tous les services du club.<\/p>\n<p><b>Mail d&rsquo;inscription<\/b>\u00a0: il ne peut pas comporter\u00a0<i><b>starinux<\/b><\/i>\u00a0avant le @ , pour ces 4 motifs : nom prot\u00e9g\u00e9 d\u00e9pos\u00e9 \u00e0 l&rsquo;INPI, confusion dans les bases de donn\u00e9es, pr\u00e9servation de notre responsabilit\u00e9 et \u00e9viter des malentendus.<\/p>\n<p><b>Article 3] \u00a0\u00a0<u>L&rsquo;organisation<\/u><\/b><br \/>\nL&rsquo;association poss\u00e8de deux Mailing-Listes :<br \/>\n1] La ML principale, r\u00e9serv\u00e9e exclusivement aux questions et d\u00e9bats techniques sur GNU\/Linux et les Logiciels Libres\u00a0:\u00a0 ml-starinux AT starinux POINT org<br \/>\n2] La ML d\u00e9bats, r\u00e9serv\u00e9e aux questions et d\u00e9bats de Soci\u00e9t\u00e9 (plus sujettes \u00e0 pol\u00e9miques) hors informatique mais de pr\u00e9f\u00e9rence autour du Logiciel Libre et Opensource : debats-starinux AT starinux POINT org<br \/>\n3] Chaque membre peut ne pas s&rsquo;inscrire \u00e0 une ou deux ML. Si il ne s&rsquo;inscrit pas \u00e0 la ML principale, il est mis en position\u00a0<i>abonnement<\/i>\u00a0et re\u00e7oit une newsletter p\u00e9riodique, si il le d\u00e9sire.<\/p>\n<p><b>Article 4] \u00a0\u00a0<u>Le format des courriels sur les deux ML<\/u><\/b><br \/>\nPar s\u00e9curit\u00e9, seul le format texte (non html) est autoris\u00e9 sur les ML de SX et les fichiers attach\u00e9s sont soumis \u00e0 autorisation, si ils sont trop volumineux.<\/p>\n<p><b>Article 5] \u00a0\u00a0<u>L&rsquo;attitude globale<\/u><\/b><br \/>\nDans tout contact, r\u00e9union, organis\u00e9s ou co-organis\u00e9s par StarinuX, sur la Mailing-Liste publique, tout membre doit \u00eatre parfaitement convivial ou tout au moins avoir une attitude de respect mutuel. Il ne peut \u00e9crire des propos visant \u00e0 d\u00e9grader et d\u00e9nigrer le ou les autres : insultes, railleries, cynisme, critiques acerbes, moqueries ou propos trop politis\u00e9s etc&#8230;<\/p>\n<p><b>Article 6] \u00a0\u00a0<u>Sur la ML principale<\/u>, propos NON \u00e0 l&rsquo;intention d&rsquo;un membre<\/b><br \/>\nSi un membre constate une information, des propos, un courriel qu&rsquo;il juge d\u00e9plaisants ou d\u00e9plac\u00e9s, vis\u00e9s \u00e0 l&rsquo;article 5], NON \u00e0 son intention, quelque soient les propos tenus, il lui est demand\u00e9 le silence, donc de ne pas y r\u00e9pondre. Seuls le webmaster et\/ou le mod\u00e9rateur peuvent et doivent r\u00e9gler le probl\u00e8me en priv\u00e9 avec le fautif (si ils ne r\u00e9agissent pas, les membres doivent leur signaler en priv\u00e9).<\/p>\n<p><b>Article 7] \u00a0\u00a0<u>Sur la ML principale<\/u>, propos \u00e0 l&rsquo;intention d&rsquo;un membre<\/b><br \/>\nSi un membre se sent bless\u00e9 par des propos ou des courriels \u00e0 SON INTENTION, quelques soient les propos tenus, il doit toujours y r\u00e9pondre par le calme et sans insultes, puis en avertir le webmaster ou les mod\u00e9rateurs, si ils n&rsquo;ont pas r\u00e9agi. Seuls ces derniers peuvent et doivent r\u00e9gler le probl\u00e8me, toujours en priv\u00e9.<\/p>\n<p><b>Article 8] \u00a0\u00a0<u>Qualifications de courriels d\u00e9plaisants<\/u>\u00a0sur la ML principale<\/b><br \/>\nA] Un email \u00e0 caract\u00e8re un peu niais, de niveau d\u00e9butant, d&rsquo;erreurs techniques, ne peut \u00eatre consid\u00e9r\u00e9 comme d\u00e9plaisant (soit on y r\u00e9pond gentiment ou alors par le silence). Seul le mod\u00e9rateur peut intervenir en priv\u00e9 vers l&rsquo;\u00e9metteur.<br \/>\nB] Un email cynique, visant \u00e0 r\u00e9gler le compte d&rsquo;une personne est, de fait, consid\u00e9r\u00e9 comme d\u00e9plaisant.<\/p>\n<p><b>Article 9] \u00a0\u00a0<u>Cons\u00e9quences<\/u><\/b><br \/>\n\u00c0 chaque manquement aux articles ci-dessus de 1] \u00e0 7], l&rsquo;adh\u00e9rent recevra un avertissement, puis au 2\u00e8me, sine die, il sera temporairement exclu du club, jusqu&rsquo;\u00e0 d\u00e9cision sur son cas par le CA. Le membre ne pourra JAMAIS contester les avertissements sur la ML publique, mais en priv\u00e9 avec le webmaster ou les mod\u00e9rateurs (ceci afin de pr\u00e9server la ML publique). Tout diff\u00e9rend ne peut se r\u00e9gler qu&rsquo;en priv\u00e9.<\/p>\n<p><b>Article 10] \u00a0\u00a0<u>Discussion et d\u00e9cision<\/u><\/b><br \/>\nC&rsquo;est aux membres du Conseil d&rsquo;Administration en priv\u00e9 de d\u00e9cider si le membre fautif peut r\u00e9int\u00e9grer le club ou si il est exclu selon un temps d\u00e9fini ou d\u00e9finitivement. La d\u00e9cision ne peut \u00eatre contest\u00e9e et est sans appel.<\/p>\n<p><b>Article 11] \u00a0\u00a0<u>La ML &#8211; D\u00e9bats de Soci\u00e9t\u00e9<\/u><\/b><br \/>\nSur cette ML, la convivialit\u00e9 est de rigueur, mais selon son objectif, on peut comprendre que certains d\u00e9bats passionn\u00e9s et de pol\u00e9miques, entra\u00eenent des courriels un peu vifs. L&rsquo;adh\u00e9rent inscrit sur cette ML, doit en accepter cette cons\u00e9quence. Par contre, toutes insultes graves, propos mena\u00e7ants, violents, racistes, x\u00e9nophobes, dangereux, seront trait\u00e9s par les articles 3] \u00e0 8] inclus. Cette ML comporte un mod\u00e9rateur.<\/p>\n<p><b>Article 12] \u00a0\u00a0<u>R\u00f4le des responsables<\/u><\/b><br \/>\nLe Bureau r\u00e9pondra aux requ\u00eates des adh\u00e9rents, toujours en priv\u00e9 et y apportera, dans la mesure du possible, une r\u00e9ponse juste et cr\u00e9dible, selon cette charte.<\/p>\n<p><b>Article 13] \u00a0\u00a0<u>Son application :<\/u><\/b><br \/>\nil est demand\u00e9 aux membres \u00e9lus, du Bureau, du CA, aux mod\u00e9rateurs, de faire respecter au mieux ce code de bonne conduite.<\/p>\n<p>(<i>charte adopt\u00e9e \u00e0 l&rsquo;unanimit\u00e9 par l&rsquo;AGO du 30\/06\/2012<\/i>).<\/p>\n","protected":false},"excerpt":{"rendered":"<p>Une tour sur un perron symbolisant la charte des habitants d&rsquo;une ville (espace communautaire) Des petites barri\u00e8res \u00a0 \u00a0 \u00a0qui renforcent la Libert\u00e9 LA CHARTE DE BIENS\u00c9ANCE DU CLUB StarinuX LIRE NOS STATUTS. Article 1] \u00a0\u00a0Pr\u00e9ambule Cette charte et les statuts de l&rsquo;association sont indissociables. Le club StarinuX est une association loi 1901, d\u00e9clar\u00e9e \u00e0 &hellip; <\/p>\n<p><a class=\"more-link btn\" href=\"https:\/\/www.starinux.org\/?page_id=21\">Lire la suite<\/a><\/p>\n","protected":false},"author":2,"featured_media":0,"parent":264,"menu_order":0,"comment_status":"closed","ping_status":"closed","template":"","meta":{"_bbp_topic_count":0,"_bbp_reply_count":0,"_bbp_total_topic_count":0,"_bbp_total_reply_count":0,"_bbp_voice_count":0,"_bbp_anonymous_reply_count":0,"_bbp_topic_count_hidden":0,"_bbp_reply_count_hidden":0,"_bbp_forum_subforum_count":0,"_crdt_document":"","_piecal_is_event":false,"_piecal_start_date":"","_piecal_end_date":"","_piecal_is_allday":false,"footnotes":""},"class_list":["post-21","page","type-page","status-publish","hentry","nodate","item-wrap"],"publishpress_future_action":{"enabled":false,"date":"2026-04-15 13:50:37","action":"change-status","newStatus":"draft","terms":[],"taxonomy":"","extraData":[]},"publishpress_future_workflow_manual_trigger":{"enabledWorkflows":[]},"_links":{"self":[{"href":"https:\/\/www.starinux.org\/index.php?rest_route=\/wp\/v2\/pages\/21","targetHints":{"allow":["GET"]}}],"collection":[{"href":"https:\/\/www.starinux.org\/index.php?rest_route=\/wp\/v2\/pages"}],"about":[{"href":"https:\/\/www.starinux.org\/index.php?rest_route=\/wp\/v2\/types\/page"}],"author":[{"embeddable":true,"href":"https:\/\/www.starinux.org\/index.php?rest_route=\/wp\/v2\/users\/2"}],"replies":[{"embeddable":true,"href":"https:\/\/www.starinux.org\/index.php?rest_route=%2Fwp%2Fv2%2Fcomments&post=21"}],"version-history":[{"count":12,"href":"https:\/\/www.starinux.org\/index.php?rest_route=\/wp\/v2\/pages\/21\/revisions"}],"predecessor-version":[{"id":990,"href":"https:\/\/www.starinux.org\/index.php?rest_route=\/wp\/v2\/pages\/21\/revisions\/990"}],"up":[{"embeddable":true,"href":"https:\/\/www.starinux.org\/index.php?rest_route=\/wp\/v2\/pages\/264"}],"wp:attachment":[{"href":"https:\/\/www.starinux.org\/index.php?rest_route=%2Fwp%2Fv2%2Fmedia&parent=21"}],"curies":[{"name":"wp","href":"https:\/\/api.w.org\/{rel}","templated":true}]}}