{"id":2048,"date":"2026-04-28T06:11:04","date_gmt":"2026-04-28T05:11:04","guid":{"rendered":"https:\/\/www.starinux.org\/?page_id=2048"},"modified":"2026-04-28T06:11:04","modified_gmt":"2026-04-28T05:11:04","slug":"hommage-a-notre-fondateur","status":"publish","type":"page","link":"https:\/\/www.starinux.org\/?page_id=2048","title":{"rendered":"Hommage \u00e0 notre Fondateur"},"content":{"rendered":"<p><img loading=\"lazy\" decoding=\"async\" class=\"alignnone size-full wp-image-1838\" src=\"https:\/\/www.starinux.org\/wp-content\/uploads\/2026\/03\/antoine.jpg\" alt=\"\" width=\"91\" height=\"105\" \/><\/p>\n<p><strong>HOMMAGE A ANTOINE WACHE 1950-2025<\/strong><\/p>\n<p>Notre pr\u00e9sident fondateur Antoine Wach\u00e9 est d\u00e9c\u00e9d\u00e9 en Aout 2025 .<\/p>\n<p>Antoine avait fond\u00e9 d\u2019abord le Club STARINUX en 2001 puis l\u2019Association STARINUX \u00e0 but non lucratif en 2008 \u00e0 Courbevoie. Son ambition \u00e9tait de promouvoir aupr\u00e8s d\u2019un public d\u2019informaticiens et de personnes soucieuses d\u2019acqu\u00e9rir de nouvelles connaissances, le logiciel libre en organisant des ateliers d\u2019une journ\u00e9e suivant le principe \u00ab\u00a0une journ\u00e9e pour acqu\u00e9rir les clefs d\u2019un logiciel\u00a0\u00bb .<\/p>\n<p>Durant 20 ans Antoine n\u2019a pas m\u00e9nag\u00e9 ses efforts pour faire vivre et d\u00e9velopper l\u2019association. Nous lui sommes largement redevables de toutes les connaissances sur les derniers logiciels open source dont nous avons b\u00e9n\u00e9fici\u00e9 \u00e0 travers les ateliers.<\/p>\n<p>Nous tenons aussi \u00e0 rappeler qu\u2019il avait conclu un accord de m\u00e9c\u00e9nat avec la fondation Free qui nous h\u00e9berge gracieusement.<\/p>\n<p>Son style \u00e9tait parfois un peu rugueux, mais c\u2019est le d\u00e9faut de ses qualit\u00e9s. il s\u2019\u00e9tait totalement investi pour faire, vivre STARINUX , le site qu\u2019il avait enti\u00e8rement \u00e9crit en langage PHP et maintenu en \u00e9tat op\u00e9rationnel au jour le jour ce qui en soi est un exploit sans compter ses bonnes relations avec la ville de Courbevoie qui nous met gracieusement une salle \u00e0 disposition pour nos ateliers.<\/p>\n<p>Il laisse un vide qui est difficile \u00e0 combler. Souhaitons que nous puissions poursuivre avec la m\u00eame \u00e9nergie l\u2019aventure STARINUX comme il l\u2019a fait pendant 25 ans. Qu\u2019il en soit ici remerci\u00e9. Ne l\u2019oublions pas.<\/p>\n<p>Le C.A de STARINUX<\/p>\n","protected":false},"excerpt":{"rendered":"<p>HOMMAGE A ANTOINE WACHE 1950-2025 Notre pr\u00e9sident fondateur Antoine Wach\u00e9 est d\u00e9c\u00e9d\u00e9 en Aout 2025 . Antoine avait fond\u00e9 d\u2019abord le Club STARINUX en 2001 puis l\u2019Association STARINUX \u00e0 but non lucratif en 2008 \u00e0 Courbevoie. Son ambition \u00e9tait de promouvoir aupr\u00e8s d\u2019un public d\u2019informaticiens et de personnes soucieuses d\u2019acqu\u00e9rir de nouvelles connaissances, le logiciel &hellip; <\/p>\n<p><a class=\"more-link btn\" href=\"https:\/\/www.starinux.org\/?page_id=2048\">Lire la suite<\/a><\/p>\n","protected":false},"author":54,"featured_media":0,"parent":0,"menu_order":0,"comment_status":"closed","ping_status":"closed","template":"","meta":{"_acf_changed":false,"_bbp_topic_count":0,"_bbp_reply_count":0,"_bbp_total_topic_count":0,"_bbp_total_reply_count":0,"_bbp_voice_count":0,"_bbp_anonymous_reply_count":0,"_bbp_topic_count_hidden":0,"_bbp_reply_count_hidden":0,"_bbp_forum_subforum_count":0,"_crdt_document":"","_piecal_is_event":false,"_piecal_start_date":"","_piecal_end_date":"","_piecal_is_allday":false,"footnotes":""},"class_list":["post-2048","page","type-page","status-publish","hentry","nodate","item-wrap"],"acf":[],"publishpress_future_action":{"enabled":false,"date":"2026-05-06 13:18:13","action":"change-status","newStatus":"draft","terms":[],"taxonomy":"","extraData":[]},"publishpress_future_workflow_manual_trigger":{"enabledWorkflows":[]},"_links":{"self":[{"href":"https:\/\/www.starinux.org\/index.php?rest_route=\/wp\/v2\/pages\/2048","targetHints":{"allow":["GET"]}}],"collection":[{"href":"https:\/\/www.starinux.org\/index.php?rest_route=\/wp\/v2\/pages"}],"about":[{"href":"https:\/\/www.starinux.org\/index.php?rest_route=\/wp\/v2\/types\/page"}],"author":[{"embeddable":true,"href":"https:\/\/www.starinux.org\/index.php?rest_route=\/wp\/v2\/users\/54"}],"replies":[{"embeddable":true,"href":"https:\/\/www.starinux.org\/index.php?rest_route=%2Fwp%2Fv2%2Fcomments&post=2048"}],"version-history":[{"count":1,"href":"https:\/\/www.starinux.org\/index.php?rest_route=\/wp\/v2\/pages\/2048\/revisions"}],"predecessor-version":[{"id":2049,"href":"https:\/\/www.starinux.org\/index.php?rest_route=\/wp\/v2\/pages\/2048\/revisions\/2049"}],"wp:attachment":[{"href":"https:\/\/www.starinux.org\/index.php?rest_route=%2Fwp%2Fv2%2Fmedia&parent=2048"}],"curies":[{"name":"wp","href":"https:\/\/api.w.org\/{rel}","templated":true}]}}