{"id":2009,"date":"2026-04-24T21:29:04","date_gmt":"2026-04-24T20:29:04","guid":{"rendered":"https:\/\/www.starinux.org\/?page_id=2009"},"modified":"2026-04-25T11:57:39","modified_gmt":"2026-04-25T10:57:39","slug":"la-france-choisit-la-souverainete-numerique","status":"publish","type":"page","link":"https:\/\/www.starinux.org\/?page_id=2009","title":{"rendered":"LA FRANCE CHOISIT LA SOUVERAINET\u00c9 NUM\u00c9RIQUE"},"content":{"rendered":"<p><strong>L\u2019Etat Fran\u00e7ais vient de prendre une d\u00e9cision importante le 08 Avril 2026 <\/strong><em>(Cf (*) en bas de page)<\/em><strong> en annon\u00e7ant son choix de privil\u00e9gier les logiciels libres dans le futur pour ses administrations<\/strong>, ce qui concerne environ <strong>deux millions de postes informatiques.<\/strong><\/p>\n<p><strong>Chez STARINUX nous se pouvons que nous f\u00e9liciter de ce changement qui conforte les id\u00e9es que nous soutenons depuis la cr\u00e9ation de STARINUX en 2008.<\/strong><\/p>\n<p>Il est probable que le <strong>succ\u00e8s de la migration des 112 000 postes de la Gendarmerie Nationale<\/strong> vers un <strong>LINUX<\/strong> bas\u00e9 sur <strong>UBUNTU<\/strong> a d\u00fb peser dans ce choix. La comparaison avec la Police Nationale qui est rest\u00e9e sous WINDOWS est aussi tr\u00e8s \u00e9loquente.<\/p>\n<p>En octobre 2024 un administrateur syst\u00e8me nous avait expos\u00e9 la route suivie par la Gendarmerie pour faire cette <strong>migration de 2009 \u00e0 2024.<\/strong><\/p>\n<p>Ce qui va \u00eatre particuli\u00e8rement int\u00e9ressant, c\u2019est de voir comment la France va g\u00e9rer cette op\u00e9ration. La migration se fera sans doute progressivement, avec des phases transitoires complexes \u00e0 g\u00e9rer et les probl\u00e8mes de compatibilit\u00e9 qui vont avec.<\/p>\n<p><strong>Soyons positif sur la capacit\u00e9 de l\u2019Etat \u00e0 mener \u00e0 bien une telle op\u00e9ration\u00a0!<\/strong><br \/>\nNous pouvons nous souvenir qu\u2019<strong>il<\/strong> <strong>a r\u00e9ussi le pr\u00e9l\u00e8vement \u00e0 la source des imp\u00f4ts et la d\u00e9claration d\u2019imp\u00f4ts en ligne<\/strong> sans bugs majeurs.<\/p>\n<p style=\"text-align: center;\">\u00a0*<br \/>\n*\u00a0 \u00a0 \u00a0 \u00a0 \u00a0 \u00a0 \u00a0 *<br \/>\n*<\/p>\n<p><strong>Une autre difficult\u00e9 \u00e0 pr\u00e9voir est bien s\u00fbr humaine\u00a0:<\/strong> changer sans trop de douleurs les habitudes des utilisateurs non informaticiens, habitu\u00e9s \u00e0 WINDOWS sur leurs ordinateurs personnels ou professionnels depuis plus de 20 ans ne va pas \u00eatre facile. Il va aussi se poser la question de la <strong>mont\u00e9e en comp\u00e9tence des administrateurs syst\u00e8mes et des consultants qui ne connaissent que Microsoft<\/strong>\u00a0; nous pouvons nous attendre \u00e0 de la r\u00e9sistance\u2026<\/p>\n<p style=\"text-align: center;\">\u00a0*<br \/>\n*\u00a0 \u00a0 \u00a0 \u00a0 \u00a0 \u00a0 \u00a0 *<br \/>\n*<\/p>\n<p>Pour m\u00e9moire, <strong>le\u00a0Minist\u00e8re de la D\u00e9fense avait sign\u00e9 un accord cadre avec Microsoft en 2009,<\/strong> obtenant des\u00a0tarifs avantageux\u00a0(100 \u20ac par poste) et des\u00a0rabais exceptionnels\u00a0(15 \u00e0 30 %) sur ses licences (<em>environ 50 000<\/em>),<strong> suscitant des inqui\u00e9tudes quant \u00e0 la\u00a0d\u00e9pendance technologique.<\/strong><\/p>\n<p style=\"text-align: left;\">Pour autant, <strong>SM Manche <\/strong>(D\u00e9partement 50)<strong> Num\u00e9rique <\/strong>a lanc\u00e9 un <strong>Appel d\u2019Offre March\u00e9 Public <\/strong>(N\u00b013\/joue\/002632712026 <em>\u2013 Cf (**) en bas de page<\/em>)<strong> le 17 avril 2026, pour <em>\u00ab\u00a0Acquisition et renouvellement des droits de licences Microsoft, abonnements aux services en ligne de Microsoft et prestations associ\u00e9es pour ses besoins et ceux de sa Centrale d&rsquo;Achats\u00a0(*) \u00bb.<\/em><\/strong><em> Description\u00a0:\u00a0<\/em><a href=\"https:\/\/www.francemarches.com\/fiches\/accord-cadre\"><em>Accord-cadre<\/em><\/a><em>\u00a0&#8211; <strong>Dur\u00e9e de 12 mois<\/strong> renouvelable 2 fois pour une dur\u00e9e maximale de trois ans ; maximum de <strong>30 000 000 euros HT. <\/strong>Selon nos sources<strong>, <\/strong><\/em>il s\u2019agirait en pratique de l\u2019<strong>achat de 50\u202f000 \u00e0 60 000 licences <\/strong>(<em>chiffres non officiels)<\/em><strong> Microsoft pour le Minist\u00e8re des Arm\u00e9es, <\/strong>dans le cadre de son programme de modernisation des outils informatiques (!).<\/p>\n<p style=\"text-align: center;\">*<br \/>\n*\u00a0 \u00a0 \u00a0 \u00a0 \u00a0 \u00a0 \u00a0 *<br \/>\n*<\/p>\n<p>En Allemagne, <strong>M\u00fcnich avait fait une tentative de migrer sur le libre en 2004<\/strong>. <strong>Ce changement a dur\u00e9 une d\u00e9cennie<\/strong> avant que M\u00fcnich ne revienne \u00e0 Windows, en grande partie parce que le Maire voulait&#8230; que Microsoft installe son si\u00e8ge europ\u00e9en \u00e0 M\u00fcnich. Le Si\u00e8ge social de <strong><em>Microsoft Europe (EMEA) <\/em><\/strong>a \u00e9t\u00e9 cr\u00e9\u00e9 le\u00a0<strong>13 novembre 2009<\/strong>, il y a\u00a016 ans.\u00a0Il est situ\u00e9 \u00e0 Issy-les-Moulineaux (F- 92130), \u00e0 deux pas du Minist\u00e8re des Arm\u00e9es.<br \/>\n<strong>Cet \u00e9lan prometteur vers le Libre en 2004 a \u00e9t\u00e9 port\u00e9 par le Programme du <em>Piraten Partei<\/em>, bas\u00e9 \u00e0 M\u00fcnich,<\/strong> quelques ann\u00e9es plus tard, et avec lequel nous sommes en contact apolitique, uniquement pour la partie <em>Open Source.<\/em> Le <em>Piraten Partei<\/em> a initi\u00e9 en 2022 un nouveau Programme intitul\u00e9 CEPP 2024 &#8211; <em>Common European Pirate Programme 2024 (Cf. (***) en bas de page).<\/em><\/p>\n<p style=\"text-align: center;\">\u00a0*<br \/>\n*\u00a0 \u00a0 \u00a0 \u00a0 \u00a0 \u00a0 \u00a0 *<br \/>\n*<\/p>\n<p style=\"text-align: left;\"><strong>En juin 2025 La Ministre danoise de la \u00ab\u00a0Digitalisation\u00a0\u00bb, Caroline Stage<\/strong>, a annonc\u00e9 une transition majeure du gouvernement danois <em>(Cf (****)) en bas de page<\/em>), qui <strong>pr\u00e9voit de remplacer les logiciels Microsoft,<\/strong> notamment Windows et Microsoft Office, <strong>par des alternatives <em>open-source<\/em> Linux et LibreOffice.<\/strong><br \/>\nEn effet, Caroline Stage a confirm\u00e9 son intention de rendre le Danemark le <strong>moins d\u00e9pendant des g\u00e9ants technologiques, y compris Microsoft.<\/strong><\/p>\n<p style=\"text-align: center;\">\u00a0*<br \/>\n*\u00a0 \u00a0 \u00a0 \u00a0 \u00a0 \u00a0 \u00a0 *<br \/>\n*<\/p>\n<h4>Affaire(s) \u00e0 suivre,,,<\/h4>\n<p>&nbsp;<\/p>\n<p>D.MOREAU, Guillaume, pour STARINUX<\/p>\n<p>___________________________________________________________<\/p>\n<p><strong>(*) Le texte du communiqu\u00e9 OFFICIEL du 08 avril 2026 :<\/strong><\/p>\n<p><a href=\"https:\/\/www.numerique.gouv.fr\/sinformer\/espace-presse\/souverainete-numerique-reduction-dependances-extra-europeennes\/\">https:\/\/www.numerique.gouv.fr\/sinformer\/espace-presse\/souverainete-numerique-reduction-dependances-extra-europeennes\/<\/a><\/p>\n<p>A l\u2019initiative du Premier Ministre, du Ministre de l&rsquo;Action et des Comptes publics, et de la Ministre d\u00e9l\u00e9gu\u00e9e charg\u00e9e de l\u2019Intelligence Artificielle et du Num\u00e9rique, la Direction Interminist\u00e9rielle du Num\u00e9rique (DINUM) a organis\u00e9 le mercredi 8 avril 2026, avec la Direction G\u00e9n\u00e9rale des Entreprises (DGE), l&rsquo;Agence Nationale de la S\u00e9curit\u00e9 des Syst\u00e8mes d&rsquo;Information (ANSSI) et la Direction des Achats de l&rsquo;Etat (DAE), un s\u00e9minaire interminist\u00e9riel visant \u00e0 renforcer la dynamique collective de r\u00e9duction des d\u00e9pendances num\u00e9riques extra-europ\u00e9ennes. R\u00e9unissant ministres, administrations, op\u00e9rateurs publics et acteurs priv\u00e9s, cet \u00e9v\u00e9nement marque une acc\u00e9l\u00e9ration de la strat\u00e9gie fran\u00e7aise et europ\u00e9enne en faveur de la souverainet\u00e9 num\u00e9rique.<\/p>\n<h3>Un engagement renforc\u00e9 de l\u2019Etat<\/h3>\n<p>Dans la continuit\u00e9 des directives r\u00e9centes communiqu\u00e9es par le Premier Ministre, notamment les circulaires relatives \u00e0 la commande publique num\u00e9rique ainsi qu&rsquo;\u00e0 la g\u00e9n\u00e9ralisation de l&rsquo;outil de visioconf\u00e9rence \u00ab Visio \u00bb, <strong>le s\u00e9minaire a permis de fixer un objectif clair : r\u00e9duire les d\u00e9pendances num\u00e9riques extra-europ\u00e9ennes de l&rsquo;Etat.<\/strong><\/p>\n<p>Plusieurs premi\u00e8res \u00e9tapes concr\u00e8tes illustrent d&rsquo;ores et d\u00e9j\u00e0 cette ambition :<\/p>\n<ul>\n<li>S&rsquo;agissant de l&rsquo;\u00e9volution du poste de travail, la DINUM annonce <strong>sa sortie de Windows au profit de postes sous syst\u00e8me d&rsquo;exploitation Linux.<\/strong><\/li>\n<li>S&rsquo;agissant de la migration vers des solutions souveraines, la Caisse Nationale d&rsquo;Assurance Maladie a annonc\u00e9 il y a quelques jours <strong>la migration de ses 80 000 agents<\/strong> vers des outils du Socle Interminist\u00e9riel des Logiciels Libres [SILL]\u00a0: Tchap, Visio et FranceTransfert (pour le transfert de documents).<\/li>\n<li>Le mois dernier, le Gouvernement annon\u00e7ait la migration de la plateforme des donn\u00e9es de sant\u00e9 vers une solution de confiance <strong>d&rsquo;ici \u00e0 fin 2026<\/strong>.<\/li>\n<\/ul>\n<h3>Une dynamique collective et europ\u00e9enne<\/h3>\n<p>Le s\u00e9minaire a permis de lancer une nouvelle m\u00e9thode pour sortir des d\u00e9pendances en formant des coalitions in\u00e9dites associant minist\u00e8res, grands op\u00e9rateurs publics et acteurs priv\u00e9s. Cette d\u00e9marche vise \u00e0 <strong>f\u00e9d\u00e9rer les \u00e9nergies publiques et priv\u00e9es<\/strong> autour de projets pr\u00e9cis, en s\u2019appuyant notamment sur les communs num\u00e9riques et les standards d\u2019interop\u00e9rabilit\u00e9 (initiatives <em>Open-Interop, OpenBuro<\/em>).<\/p>\n<p>___________________________________________________________<\/p>\n<p><em><strong>(**) Appel d&rsquo;Offre SM MANCHE MARITIME &#8211; Achat de licences Microsoft<\/strong><\/em><br \/>\n<a href=\"https:\/\/www.francemarches.com\/appel-offre\/13joue002632712026-2026-acquisition-renouvellement-droits\">https:\/\/www.francemarches.com\/appel-offre\/13joue002632712026-2026-acquisition-renouvellement-droits<br \/>\n___________________________________________________________<\/a><\/p>\n<p><em><strong>(***) Programme Piraten Partei (DE) pour l&rsquo;Open Source<\/strong><\/em><br \/>\n<em>\u00ab\u00a0The<strong> free software<\/strong> part of the current program is as follows: <strong>Pirates support the promotion of software<\/strong> that can be used, analyzed, disseminated and modified by anyone. <strong>Free\/Libre Open Source Software is essential<\/strong> for user&rsquo;s control of their own technical systems and provides a significant contribution to strengthening the autonomy and privacy of all users.\u00a0\u00bb<\/em><br \/>\n<a href=\"https:\/\/discourse.european-pirateparty.eu\/t\/current-text-of-the-program-and-suggestions\/176\">https:\/\/discourse.european-pirateparty.eu\/t\/current-text-of-the-program-and-suggestions\/176<\/a><br \/>\n___________________________________________________________<\/p>\n<p><em><strong>(****) <\/strong><\/em><a href=\"https:\/\/www.linuxtricks.fr\/news\/10-logiciels-libres\/570-souverainete-numerique-le-danemark-passe-a-linux-et-libreoffice\/\">https:\/\/www.linuxtricks.fr\/news\/10-logiciels-libres\/570-souverainete-numerique-le-danemark-passe-a-linux-et-libreoffice\/<\/a><\/p>\n","protected":false},"excerpt":{"rendered":"<p>L\u2019Etat Fran\u00e7ais vient de prendre une d\u00e9cision importante le 08 Avril 2026 (Cf (*) en bas de page) en annon\u00e7ant son choix de privil\u00e9gier les logiciels libres dans le futur pour ses administrations, ce qui concerne environ deux millions de postes informatiques. Chez STARINUX nous se pouvons que nous f\u00e9liciter de ce changement qui conforte &hellip; <\/p>\n<p><a class=\"more-link btn\" href=\"https:\/\/www.starinux.org\/?page_id=2009\">Lire la suite<\/a><\/p>\n","protected":false},"author":54,"featured_media":0,"parent":0,"menu_order":0,"comment_status":"closed","ping_status":"closed","template":"","meta":{"_acf_changed":false,"_bbp_topic_count":0,"_bbp_reply_count":0,"_bbp_total_topic_count":0,"_bbp_total_reply_count":0,"_bbp_voice_count":0,"_bbp_anonymous_reply_count":0,"_bbp_topic_count_hidden":0,"_bbp_reply_count_hidden":0,"_bbp_forum_subforum_count":0,"_crdt_document":"","_piecal_is_event":false,"_piecal_start_date":"","_piecal_end_date":"","_piecal_is_allday":false,"footnotes":""},"class_list":["post-2009","page","type-page","status-publish","hentry","nodate","item-wrap"],"acf":[],"publishpress_future_action":{"enabled":false,"date":"2026-05-02 14:45:56","action":"change-status","newStatus":"draft","terms":[],"taxonomy":"","extraData":[]},"publishpress_future_workflow_manual_trigger":{"enabledWorkflows":[]},"_links":{"self":[{"href":"https:\/\/www.starinux.org\/index.php?rest_route=\/wp\/v2\/pages\/2009","targetHints":{"allow":["GET"]}}],"collection":[{"href":"https:\/\/www.starinux.org\/index.php?rest_route=\/wp\/v2\/pages"}],"about":[{"href":"https:\/\/www.starinux.org\/index.php?rest_route=\/wp\/v2\/types\/page"}],"author":[{"embeddable":true,"href":"https:\/\/www.starinux.org\/index.php?rest_route=\/wp\/v2\/users\/54"}],"replies":[{"embeddable":true,"href":"https:\/\/www.starinux.org\/index.php?rest_route=%2Fwp%2Fv2%2Fcomments&post=2009"}],"version-history":[{"count":12,"href":"https:\/\/www.starinux.org\/index.php?rest_route=\/wp\/v2\/pages\/2009\/revisions"}],"predecessor-version":[{"id":2027,"href":"https:\/\/www.starinux.org\/index.php?rest_route=\/wp\/v2\/pages\/2009\/revisions\/2027"}],"wp:attachment":[{"href":"https:\/\/www.starinux.org\/index.php?rest_route=%2Fwp%2Fv2%2Fmedia&parent=2009"}],"curies":[{"name":"wp","href":"https:\/\/api.w.org\/{rel}","templated":true}]}}