{"id":1862,"date":"2026-03-20T14:38:46","date_gmt":"2026-03-20T13:38:46","guid":{"rendered":"https:\/\/www.starinux.org\/?page_id=1862"},"modified":"2026-03-27T11:27:07","modified_gmt":"2026-03-27T10:27:07","slug":"blog","status":"publish","type":"page","link":"https:\/\/www.starinux.org\/?page_id=1862","title":{"rendered":"Blog"},"content":{"rendered":"<style id=\"sp_tab_dynamic_style1945\">#sp-tabpro-wrapper_1945.sp-tab__lay-default .sp-tab__tab-content {width: 100%;}#sp-tabpro-wrapper_1945 .animated {-webkit-animation-duration: 500ms;animation-duration: 500ms;}#sp-wp-tabs-wrapper_1945 .sp-tab__nav { justify-content: center; }#sp-wp-tabs-wrapper_1945.sp-tab__lay-default.sp-tab__horizontal-bottom {display: flex;flex-direction: column-reverse;}#sp-wp-tabs-wrapper_1945.sp-tab__lay-default.sp-tab__horizontal-bottom > ul {border-top: 6px solid #ffffff;border-bottom: 0;margin-top: 0;}#sp-wp-tabs-wrapper_1945.sp-tab__lay-default.sp-tab__horizontal-bottom > ul > li .sp-tab__nav-link.sp-tab__active {border-color: transparent #ffffff#ffffff;margin-top: -6px;}#sp-wp-tabs-wrapper_1945.sp-tab__lay-default.sp-tab__horizontal-bottom > ul > li .sp-tab__nav-link,#sp-wp-tabs-wrapper_1945.sp-tab__lay-default.sp-tab__horizontal-bottom > ul > li a,#sp-wp-tabs-wrapper_1945.sp-tab__lay-default.sp-tab__horizontal-bottom > ul > .sp-tab__nav-item {border-top: 0;border-top-left-radius: 0;border-top-right-radius: 0;border-bottom-left-radius: 10px;border-bottom-right-radius: 10px;}#sp-wp-tabs-wrapper_1945.sp-tab__lay-default.sp-tab__horizontal-bottom > ul {border-bottom: none;}#sp-wp-tabs-wrapper_1945.sp-tab__lay-default.sp-tab__horizontal-bottom .sp-tab__tab-content .sp-tab__tab-pane {border-top: 10px ridge #ffffff;border-bottom: 0;}#sp-wp-tabs-wrapper_1945.sp-tab__lay-default .sp-tab__tab-content .sp-tab-content > ul,#sp-wp-tabs-wrapper_1945.sp-tab__lay-default .sp-tab__tab-content .sp-tab-content > ol {border-bottom: none;}#sp-wp-tabs-wrapper_1945 .sp-tab__nav-tabs .sp-tab__nav-item.show .sp-tab__nav-link,#sp-wp-tabs-wrapper_1945.sp-tab__lay-default ul li .sp-tab__nav-link.sp-tab__active {border-color: #ffffff#ffffff transparent;}#sp-wp-tabs-wrapper_1945 > .sp-tab__nav-tabs .sp-tab__nav-link.sp-tab__active .sp-tab__tab_title,#sp-wp-tabs-wrapper_1945.sp-tab__lay-default .sp-tab__nav-link > .sp-tab__card-header {color: #444;}#sp-wp-tabs-wrapper_1945.sp-tab__lay-default > ul > li > .sp-tab__nav-link,#sp-wp-tabs-wrapper_1945.sp-tab__lay-default > ul > li > a {cursor: pointer;border-color: #ffffff;padding-top: 15px;padding-right: 15px;padding-bottom: 15px;padding-left: 15px;}#sp-wp-tabs-wrapper_1945 > .sp-tab__nav-tabs .sp-tab__nav-link {border: 6px none #ffffff;height: 100%;}#sp-wp-tabs-wrapper_1945.sp-tab__lay-default > ul > li .sp-tab__nav-link,#sp-wp-tabs-wrapper_1945.sp-tab__lay-default > ul > li a,#sp-wp-tabs-wrapper_1945.sp-tab__lay-default > ul > .sp-tab__nav-item {border-top-left-radius: 10px;border-top-right-radius: 10px;}#sp-wp-tabs-wrapper_1945 .sp-tab__nav-tabs .sp-tab__nav-item {margin-bottom: -6px; }#sp-wp-tabs-wrapper_1945.sp-tab__lay-default > ul .sp-tab__nav-item {margin-right: 15px;}#sp-wp-tabs-wrapper_1945.sp-tab__lay-default.sp-tab__horizontal-bottom > ul .sp-tab__nav-item {margin-right: 15px;margin-top: 0;}#sp-wp-tabs-wrapper_1945.sp-tab__lay-default > ul .sp-tab__nav-item .sp-tab__nav-link:hover .sp-tab__tab_title,#sp-wp-tabs-wrapper_1945.sp-tab__lay-default > ul .sp-tab__nav-item a:hover .sp-tab__tab_title,#sp-wp-tabs-wrapper_1945.sp-tab__lay-default .sp-tab__nav-link.collapsed .sp-tab__card-header:hover {color: #444;transition: .3s;}#sp-wp-tabs-wrapper_1945.sp-tab__lay-default > ul .sp-tab__nav-item,#sp-wp-tabs-wrapper_1945.sp-tab__lay-default .sp-tab__nav-link.collapsed > .sp-tab__card-header {background-color: #af16a0;transition: 0.3s;}#sp-wp-tabs-wrapper_1945 > .sp-tab__nav-tabs > .sp-tab__nav-item.show .sp-tab__nav-link,#sp-wp-tabs-wrapper_1945 > .sp-tab__nav-tabs > .sp-tab__nav-item .sp-tab__nav-link.sp-tab__active,#sp-wp-tabs-wrapper_1945.sp-tab__lay-default .sp-tab__nav-link > .sp-tab__card-header {background-color: #dd3333;}#sp-tabs-wrapper_1945.sp-tab__lay-default > ul .sp-tab__nav-item .sp-tab__nav-link:not(.sp-tab__active):hover,#sp-tabs-wrapper_1945.sp-tab__lay-default .sp-tab__tab-content > .sp-tab__tab-pane .sp-tab__card-header:hover {background-color: #dd3333;}#sp-wp-tabs-wrapper_1945.sp-tab__lay-default > ul .sp-tab__nav-item:not(.sp-tab__active):hover,#sp-wp-tabs-wrapper_1945.sp-tab__lay-default .sp-tab__nav-link.collapsed > .sp-tab__card-header:hover {background-color: #dd3333;}#sp-wp-tabs-wrapper_1945.sp-tab__lay-default > ul .sp-tab__nav-item:last-child {margin-right: 0;}#sp-wp-tabs-wrapper_1945.sp-tab__lay-default > .sp-tab__tab-content .sp-tab__tab-pane {border: 10px ridge #ffffff;padding-top: 20px;padding-right: 20px;padding-bottom: 20px;padding-left: 30px;background-color: #ffffff;}#sp-wp-tabs-wrapper_1945.sp-tab__lay-default > ul {border-bottom: 10px ridge #ffffff;}#sp-wp-tabs-wrapper_1945.sp-tab__lay-default > .sp-tab__tab-content .sp-tab__tab-pane {border-top: 0px;}@media(max-width:480px) {#sp-wp-tabs-wrapper_1945.sp-tab__lay-default > ul li.sp-tab__nav-item {width: 100%;margin-right: 0px;}#sp-wp-tabs-wrapper_1945.sp-tab__lay-default > ul li.sp-tab__nav-item:last-child {margin-bottom: -1px;}}#poststuff h2.sp-tab__section_title_1945, h2.sp-tab__section_title_1945 ,.editor-styles-wrapper .wp-block h2.sp-tab__section_title_1945{margin-bottom: 30px !important;font-weight: 600;font-style: normal;font-size: 28px;line-height: 28px;letter-spacing: 0px;padding: 0;color: #444444;}#sp-wp-tabs-wrapper_1945.sp-tab__lay-default > ul .sp-tab__nav-item .sp-tab__tab_title,#sp-wp-tabs-wrapper_1945.sp-tab__lay-default span > .sp-tab__card-header {font-weight: 600;font-style: normal;font-size: 16px;line-height: 22px;letter-spacing: 0px;color: #444;margin: 0px;}#sp-wp-tabs-wrapper_1945.sp-tab__lay-default > .sp-tab__tab-content .sp-tab__tab-pane,#sp-wp-tabs-wrapper_1945.sp-tab__lay-default > .sp-tab__tab-content .sp-tab__tab-pane p {font-weight: 400;font-style: normal;font-size: 16px;line-height: 24px;letter-spacing: 0px;color: #444;}#sp-wp-tabs-wrapper_1945.sp-tab__lay-default > .sp-tab__tab-content .sp-tab__tab-pane ul li a, #sp-wp-tabs-wrapper_1945.sp-tab__lay-default .sp-tab__tab-content .sp-tab__tab-pane ol li a {color: #444;}<\/style>\t<h2 class=\"sp-tab__section_title_1945\"> Onglets Blog<\/h2>\n\t\t\t<div id=\"sp-wp-tabs-wrapper_1945\" class=\"sp-tab__lay-default\" data-preloader=\"1\" data-activemode=\"tabs-activator-event-click\" data-anchor_linking=\"1\">\n\t\t\t<div class=\"sp-tab__preloader\">\n\t\t<div class=\"sp-tab__spinner\">\n\t\t\t<div class=\"rect1\"><\/div>\n\t\t\t<div class=\"rect2\"><\/div>\n\t\t\t<div class=\"rect3\"><\/div>\n\t\t\t<div class=\"rect4\"><\/div>\n\t\t\t<div class=\"rect5\"><\/div>\n\t\t<\/div>\n\t<\/div>\n\t<ul class=\"sp-tab__nav sp-tab__nav-tabs\" id=\"sp-tab__ul\" role=\"tablist\">\n\t\t\t\t<li class=\"sp-tab__nav-item\" role=\"presentation\">\n\t\t\t\t<span class=\"sp-tab__nav-link sp-tab__active\" data-sptoggle=\"tab\" for=\"#tab-19451\" role=\"tab\" aria-controls=tab-19451 aria-selected=true tabindex=0>\n\t\t\t\t\t<span class=\"tab_title_area\"><H4 class=\"sp-tab__tab_title\">     Articles<\/H4><\/span>\n\t\t\t\t<\/span>\n\t\t\t<\/li>\n\t\t\t\t\t\t<li class=\"sp-tab__nav-item\" role=\"presentation\">\n\t\t\t\t<span class=\"sp-tab__nav-link\" data-sptoggle=\"tab\" for=\"#tab-19452\" role=\"tab\" aria-controls=tab-19452 aria-selected=true tabindex=0>\n\t\t\t\t\t<span class=\"tab_title_area\"><H4 class=\"sp-tab__tab_title\">Liens<\/H4><\/span>\n\t\t\t\t<\/span>\n\t\t\t<\/li>\n\t\t\t\t\t\t<li class=\"sp-tab__nav-item\" role=\"presentation\">\n\t\t\t\t<span class=\"sp-tab__nav-link\" data-sptoggle=\"tab\" for=\"#tab-19453\" role=\"tab\" aria-controls=tab-19453 aria-selected=true tabindex=0>\n\t\t\t\t\t<span class=\"tab_title_area\"><H4 class=\"sp-tab__tab_title\">Forum<\/H4><\/span>\n\t\t\t\t<\/span>\n\t\t\t<\/li>\n\t\t\t<\/ul>\n<div class=\"sp-tab__tab-content\">\n\t\t\t\t<div id=\"tab-19451\" class=\"sp-tab__tab-pane sp-tab__show sp-tab__active\" role=\"tabpanel\">\n\t\t\t\t\t<div class=\"sp-tab-content animated fadeInDown\"><\/div>\n\t\t\t\t<\/div>\n\t\t\t\t\t\t\t\t<div id=\"tab-19452\" class=\"sp-tab__tab-pane \" role=\"tabpanel\">\n\t\t\t\t\t<div class=\"sp-tab-content animated fadeInDown\"><p><strong>UNE VICTOIRE SIGNIFICATIVE POUR LE LOGICIEL LIBRE\u00a0:<\/strong><\/p>\n<p>L\u2019\u00e9cole Polytechnique a finalement renonc\u00e9 \u00e0 son projet de migration de son environnement num\u00e9rique de travail vers\u00a0 Microsoft 365, Le projet faisait face \u00e0 de vives critiques de la part des d\u00e9fenseurs du logiciel libre et de la souverainet\u00e9 num\u00e9rique fran\u00e7aise.<\/p>\n<p>Nous profitons de cette\u00a0 nouvelle pour rappeler un fait\u00a0 largement m\u00e9connu , la gendarmerie fran\u00e7aise un organisme d\u2019int\u00e9r\u00eat vital\u00a0 (O.I.V)\u00a0 utilise une solution libre bas\u00e9e sur ubuntu pour ses plus de 100 00 postes utilisateurs , il y a un an nous avions organis\u00e9 chez STARINUX une conf\u00e9rence sur le th\u00e9me de la migration du Syst\u00e9me d'information la gendarmerie de microsoft vers ubuntu.<\/p>\n<p>D.MOREAU pour STARINUX.<\/p>\n<p><a href=\"https:\/\/www.lesnumeriques.com\/informatique\/une-premiere-victoire-polytechnique-claque-la-porte-a-microsoft-365-et-choisit-le-logiciel-libre-la-revolte-gagne-les-universites-n243905.html\">https:\/\/www.lesnumeriques.com\/informatique\/une-premiere-victoire-polytechnique-claque-la-porte-a-microsoft-365-et-choisit-le-logiciel-libre-la-revolte-gagne-les-universites-n243905.html<\/a><\/p>\n<p>&nbsp;<\/p>\n<\/div>\n\t\t\t\t<\/div>\n\t\t\t\t\t\t\t\t<div id=\"tab-19453\" class=\"sp-tab__tab-pane \" role=\"tabpanel\">\n\t\t\t\t\t<div class=\"sp-tab-content animated fadeInDown\">\n<div id=\"bbpress-forums\" class=\"bbpress-wrapper\">\n\n\t\n\t<div class=\"bbp-search-form\">\n\t\t<form role=\"search\" method=\"get\" id=\"bbp-search-form\">\n\t\t\t<div>\n\t\t\t\t<label class=\"screen-reader-text hidden\" for=\"bbp_search\">Rechercher<\/label>\n\t\t\t\t<input type=\"hidden\" name=\"action\" value=\"bbp-search-request\" \/>\n\t\t\t\t<input type=\"text\" value=\"\" name=\"bbp_search\" id=\"bbp_search\" \/>\n\t\t\t\t<input class=\"button\" type=\"submit\" id=\"bbp_search_submit\" value=\"Rechercher\" \/>\n\t\t\t<\/div>\n\t\t<\/form>\n\t<\/div>\n\n\n\t<div class=\"bbp-breadcrumb\"><p><a href=\"https:\/\/www.starinux.org\" class=\"bbp-breadcrumb-home\">Accueil<\/a> <span class=\"bbp-breadcrumb-sep\">&rsaquo;<\/span> <span class=\"bbp-breadcrumb-current\">Forums<\/span><\/p><\/div>\n\t\n\t\n\t\n\t\t\n<ul id=\"forums-list-0\" class=\"bbp-forums\">\n\n\t<li class=\"bbp-header\">\n\n\t\t<ul class=\"forum-titles\">\n\t\t\t<li class=\"bbp-forum-info\">Forum<\/li>\n\t\t\t<li class=\"bbp-forum-topic-count\">Sujets<\/li>\n\t\t\t<li class=\"bbp-forum-reply-count\">Messages<\/li>\n\t\t\t<li class=\"bbp-forum-freshness\">Derni\u00e8re publication<\/li>\n\t\t<\/ul>\n\n\t<\/li><!-- .bbp-header -->\n\n\t<li class=\"bbp-body\">\n\n\t\t\n\t\t\t\n<ul id=\"bbp-forum-1928\" class=\"loop-item-0 bbp-forum-status-open bbp-forum-visibility-publish odd  post-1928 forum type-forum status-publish hentry nodate item-wrap\">\n\t<li class=\"bbp-forum-info\">\n\n\t\t\n\t\t\n\t\t<a class=\"bbp-forum-title\" href=\"https:\/\/www.starinux.org\/?forum=forum\">Forum<\/a>\n\n\t\t\n\t\t\n\t\t<div class=\"bbp-forum-content\"><\/div>\n\n\t\t\n\t\t\n\t\t\n\t\t\n\t\t\n\t<\/li>\n\n\t<li class=\"bbp-forum-topic-count\">2<\/li>\n\n\t<li class=\"bbp-forum-reply-count\">2<\/li>\n\n\t<li class=\"bbp-forum-freshness\">\n\n\t\t\n\t\tAucun Sujet\n\t\t\n\t\t<p class=\"bbp-topic-meta\">\n\n\t\t\t\n\t\t\t<span class=\"bbp-topic-freshness-author\"><a href=\"https:\/\/www.starinux.org\/?bbp_user=2\" title=\"Voir le profil de Pascal\" class=\"bbp-author-link\"><span  class=\"bbp-author-avatar\"><img alt='' src='https:\/\/secure.gravatar.com\/avatar\/bd1b32a587f621224d2893a554f0bbdbbb81bb975406d3d2d82d993e8530f84c?s=14&#038;d=identicon&#038;r=g' srcset='https:\/\/secure.gravatar.com\/avatar\/bd1b32a587f621224d2893a554f0bbdbbb81bb975406d3d2d82d993e8530f84c?s=28&#038;d=identicon&#038;r=g 2x' class='avatar avatar-14 photo' height='14' width='14' \/><\/span><span  class=\"bbp-author-name\">Pascal<\/span><\/a><\/span>\n\n\t\t\t\n\t\t<\/p>\n\t<\/li>\n<\/ul><!-- #bbp-forum-1928 -->\n\n\t\t\n\t<\/li><!-- .bbp-body -->\n\n\t<li class=\"bbp-footer\">\n\n\t\t<div class=\"tr\">\n\t\t\t<p class=\"td colspan4\">&nbsp;<\/p>\n\t\t<\/div><!-- .tr -->\n\n\t<\/li><!-- .bbp-footer -->\n\n<\/ul><!-- .forums-directory -->\n\n\n\t\n\t\n<\/div>\n\n<\/div>\n\t\t\t\t<\/div>\n\t\t\t\t<\/div>\n\t\t<\/div>\n\t\t\n","protected":false},"excerpt":{"rendered":"","protected":false},"author":2,"featured_media":0,"parent":0,"menu_order":0,"comment_status":"closed","ping_status":"closed","template":"","meta":{"_bbp_topic_count":0,"_bbp_reply_count":0,"_bbp_total_topic_count":0,"_bbp_total_reply_count":0,"_bbp_voice_count":0,"_bbp_anonymous_reply_count":0,"_bbp_topic_count_hidden":0,"_bbp_reply_count_hidden":0,"_bbp_forum_subforum_count":0,"_crdt_document":"","_piecal_is_event":false,"_piecal_start_date":"","_piecal_end_date":"","_piecal_is_allday":false,"footnotes":""},"class_list":["post-1862","page","type-page","status-publish","hentry","nodate","item-wrap"],"publishpress_future_action":{"enabled":false,"date":"2026-04-15 13:01:16","action":"change-status","newStatus":"draft","terms":[],"taxonomy":"","extraData":[]},"publishpress_future_workflow_manual_trigger":{"enabledWorkflows":[]},"_links":{"self":[{"href":"https:\/\/www.starinux.org\/index.php?rest_route=\/wp\/v2\/pages\/1862","targetHints":{"allow":["GET"]}}],"collection":[{"href":"https:\/\/www.starinux.org\/index.php?rest_route=\/wp\/v2\/pages"}],"about":[{"href":"https:\/\/www.starinux.org\/index.php?rest_route=\/wp\/v2\/types\/page"}],"author":[{"embeddable":true,"href":"https:\/\/www.starinux.org\/index.php?rest_route=\/wp\/v2\/users\/2"}],"replies":[{"embeddable":true,"href":"https:\/\/www.starinux.org\/index.php?rest_route=%2Fwp%2Fv2%2Fcomments&post=1862"}],"version-history":[{"count":4,"href":"https:\/\/www.starinux.org\/index.php?rest_route=\/wp\/v2\/pages\/1862\/revisions"}],"predecessor-version":[{"id":1972,"href":"https:\/\/www.starinux.org\/index.php?rest_route=\/wp\/v2\/pages\/1862\/revisions\/1972"}],"wp:attachment":[{"href":"https:\/\/www.starinux.org\/index.php?rest_route=%2Fwp%2Fv2%2Fmedia&parent=1862"}],"curies":[{"name":"wp","href":"https:\/\/api.w.org\/{rel}","templated":true}]}}