{"id":102,"date":"2025-04-18T16:36:49","date_gmt":"2025-04-18T16:36:49","guid":{"rendered":"https:\/\/twp.starinux.org\/?page_id=102"},"modified":"2026-03-13T21:05:17","modified_gmt":"2026-03-13T20:05:17","slug":"accueil","status":"publish","type":"page","link":"https:\/\/www.starinux.org\/","title":{"rendered":"Accueil"},"content":{"rendered":"\n<p class=\"wp-block-paragraph\"><em><strong>Notre Mission<\/strong><\/em> :<\/p>\n\n\n\n<h4 class=\"wp-block-heading has-very-light-gray-to-cyan-bluish-gray-gradient-background has-text-color has-background has-link-color wp-elements-e93991855ecafd766e8cbe2cbf074c6a\" style=\"color:#701f98\">L&rsquo;association StarinuX, 444 membres (46 adh\u00e9rents) oeuvre pour le bien commun de la VRAIE INFORMATIQUE: le syst\u00e8me GNU\/LINUX, le LOGICIEL LIBRE &amp; OPEN SOURCE \u00e0 travers son r\u00e9seau d&rsquo;entraide convivial pour les particuliers et professionnels. Elle est devenue une association reconnue par ses nombreuses activit\u00e9s : ateliers, conf\u00e9rences, \u00e9v\u00e9nements et un site riche en informations (blog),&#8230;<\/h4>\n\n\n\n<p class=\"wp-block-paragraph\"><\/p>\n\n\n\n<h4 class=\"wp-block-heading has-text-color has-background has-link-color wp-elements-a7d4b8e00bb883f23502a07eaee70c8f\" style=\"color:#6819a4;background-color:#e3e6e8\">Voici un aper\u00e7u du programme que propose notre association concernant les ateliers, \u00e9v\u00e9nements, conf\u00e9rences, blog,&#8230;:<\/h4>\n\n\n<div class=\"bdpp-block-wrap \"><div id=\"bdpp-post-gridbox-1\" class=\"bdpp-wrap bdpp-lite bdpp-post-grid-box-wrap bdpp-post-data-wrap bdpp-design-1 bdpp-layout-1807 bdpp-clearfix\">\r\n\t<div class=\"bdpp-post-grid-box-inr-wrap bdpp-post-data-inr-wrap bdpp-clearfix\">\t<div class=\"bdpp-post-gridbox bdpp-post-gridbox-left bdpp-col-2 bdpp-columns bdpp-post-1757 bdpp-post-standard  bdpp-has-thumb\">\r\n\t\t<div class=\"bdpp-post-grid-content\">\r\n\t\t\t\t\r\n\t\t\t<div class=\"bdpp-post-img-link\">\t\r\n\t\t\t\t<a class=\"bdpp-post-linkoverlay\" href=\"https:\/\/www.starinux.org\/?p=1757\"><\/a>\r\n\t\t\t\t<div class=\"bdpp-post-img-bg\" style=\"height:500px; background-image:url(https:\/\/www.starinux.org\/wp-content\/uploads\/2026\/02\/ADA-compress.png);\"><\/div>\r\n\t\t\t\t\t\t\t<\/div>\r\n\t\t\t\t\t\t<div class=\"bdpp-post-cats\"><a class=\"bdpp-post-cat-link bdpp-post-cat-3 bdpp-post-cat-ateliers-a-venir\" href=\"https:\/\/www.starinux.org\/?cat=3\">Ateliers \u00e0 venir<\/a><\/div>\r\n\t\t\t\r\n\t\t\t<div class=\"bdpp-post-content-overlay\">\r\n\t\t\t\t<h2 class=\"bdpp-post-title\">\r\n\t\t\t\t\t<a href=\"https:\/\/www.starinux.org\/?p=1757\">ATELIER ADA SAMEDI 18 AVRIL 2026<\/a>\r\n\t\t\t\t<\/h2>\r\n\r\n\t\t\t\t\t\t\t<\/div>\r\n\t\t<\/div>\r\n\t<\/div>\r\n\r\n<div class=\"bdpp-post-gridbox bdpp-post-gridbox-right bdpp-col-2 bdpp-columns bdpp-post-1745 bdpp-post-standard  bdpp-has-thumb\">\r\n\t<div class=\"bdpp-post-grid-content bdpp-clearfix\">\r\n\t\t\t\t<div class=\"bdpp-col-s-4 bdpp-columns\">\r\n\t\t\t<div class=\"bdpp-post-img-bg\">\r\n\t\t\t\t<a href=\"https:\/\/www.starinux.org\/?p=1745\">\r\n\t\t\t\t\t<img decoding=\"async\" src=\"https:\/\/www.starinux.org\/wp-content\/uploads\/2026\/02\/PHOTOROVER25FEV2026V2-150x150.jpg\" class=\"bdpp-img bdpp-post-feat-img\" alt=\"ATELIER(S) : PROJET ROBOTIQUE AVEC ARDUINO \u00a0\u00a0\u00a0\" \/>\r\n\t\t\t\t\t\t\t\t\t<\/a>\r\n\t\t\t<\/div>\r\n\t\t<\/div>\r\n\t\t\r\n\t\t<div class=\"bdpp-col-s-8 bdpp-columns\">\r\n\t\t\t\t\t\t<div class=\"bdpp-post-cats\"><a class=\"bdpp-post-cat-link bdpp-post-cat-3 bdpp-post-cat-ateliers-a-venir\" href=\"https:\/\/www.starinux.org\/?cat=3\">Ateliers \u00e0 venir<\/a><\/div>\r\n\t\t\t\r\n\t\t\t<div class=\"bdpp-post-content-overlay\">\r\n\t\t\t\t<h4 class=\"bdpp-post-title\">\r\n\t\t\t\t\t<a href=\"https:\/\/www.starinux.org\/?p=1745\">ATELIER(S) : PROJET ROBOTIQUE AVEC ARDUINO \u00a0\u00a0\u00a0<\/a>\r\n\t\t\t\t<\/h4>\r\n\r\n\t\t\t\t\t\t\t<\/div>\r\n\t\t<\/div>\r\n\t<\/div>\r\n<\/div>\r\n\r\n<div class=\"bdpp-post-gridbox bdpp-post-gridbox-right bdpp-col-2 bdpp-columns bdpp-post-1721 bdpp-post-standard  bdpp-has-thumb\">\r\n\t<div class=\"bdpp-post-grid-content bdpp-clearfix\">\r\n\t\t\t\t<div class=\"bdpp-col-s-4 bdpp-columns\">\r\n\t\t\t<div class=\"bdpp-post-img-bg\">\r\n\t\t\t\t<a href=\"https:\/\/www.starinux.org\/?p=1721\">\r\n\t\t\t\t\t<img decoding=\"async\" src=\"https:\/\/www.starinux.org\/wp-content\/uploads\/2026\/01\/TUXWITHPADLOCK-200x300.png\" class=\"bdpp-img bdpp-post-feat-img\" alt=\"\u2006 \u2006CHIFFREMENT SAMEDI 21 FEVRIER 2026\u2006 \u2006\" \/>\r\n\t\t\t\t\t\t\t\t\t<\/a>\r\n\t\t\t<\/div>\r\n\t\t<\/div>\r\n\t\t\r\n\t\t<div class=\"bdpp-col-s-8 bdpp-columns\">\r\n\t\t\t\t\t\t<div class=\"bdpp-post-cats\"><a class=\"bdpp-post-cat-link bdpp-post-cat-16 bdpp-post-cat-ateliers-passes\" href=\"https:\/\/www.starinux.org\/?cat=16\">Ateliers pass\u00e9s<\/a><\/div>\r\n\t\t\t\r\n\t\t\t<div class=\"bdpp-post-content-overlay\">\r\n\t\t\t\t<h4 class=\"bdpp-post-title\">\r\n\t\t\t\t\t<a href=\"https:\/\/www.starinux.org\/?p=1721\">\u2006 \u2006CHIFFREMENT SAMEDI 21 FEVRIER 2026\u2006 \u2006<\/a>\r\n\t\t\t\t<\/h4>\r\n\r\n\t\t\t\t\t\t\t<\/div>\r\n\t\t<\/div>\r\n\t<\/div>\r\n<\/div>\r\n\r\n<div class=\"bdpp-post-gridbox bdpp-post-gridbox-right bdpp-col-2 bdpp-columns bdpp-post-1632 bdpp-post-standard  bdpp-has-thumb\">\r\n\t<div class=\"bdpp-post-grid-content bdpp-clearfix\">\r\n\t\t\t\t<div class=\"bdpp-col-s-4 bdpp-columns\">\r\n\t\t\t<div class=\"bdpp-post-img-bg\">\r\n\t\t\t\t<a href=\"https:\/\/www.starinux.org\/?p=1632\">\r\n\t\t\t\t\t<img decoding=\"async\" src=\"https:\/\/www.starinux.org\/wp-content\/uploads\/2026\/01\/FIC2026-235x300.png\" class=\"bdpp-img bdpp-post-feat-img\" alt=\"FIC LILLE 31 Mars 2 Avril \u00a02026\" \/>\r\n\t\t\t\t\t\t\t\t\t<\/a>\r\n\t\t\t<\/div>\r\n\t\t<\/div>\r\n\t\t\r\n\t\t<div class=\"bdpp-col-s-8 bdpp-columns\">\r\n\t\t\t\t\t\t<div class=\"bdpp-post-cats\"><a class=\"bdpp-post-cat-link bdpp-post-cat-19 bdpp-post-cat-evenements-a-venir\" href=\"https:\/\/www.starinux.org\/?cat=19\">Ev\u00e8nements \u00e0 venir<\/a><\/div>\r\n\t\t\t\r\n\t\t\t<div class=\"bdpp-post-content-overlay\">\r\n\t\t\t\t<h4 class=\"bdpp-post-title\">\r\n\t\t\t\t\t<a href=\"https:\/\/www.starinux.org\/?p=1632\">FIC LILLE 31 Mars 2 Avril \u00a02026<\/a>\r\n\t\t\t\t<\/h4>\r\n\r\n\t\t\t\t\t\t\t<\/div>\r\n\t\t<\/div>\r\n\t<\/div>\r\n<\/div>\r\n\r\n<div class=\"bdpp-post-gridbox bdpp-post-gridbox-right bdpp-col-2 bdpp-columns bdpp-post-1890 bdpp-post-standard  bdpp-no-thumb\">\r\n\t<div class=\"bdpp-post-grid-content bdpp-clearfix\">\r\n\t\t\r\n\t\t<div class=\"bdpp-col-s-12 bdpp-columns\">\r\n\t\t\t\t\t\t<div class=\"bdpp-post-cats\"><a class=\"bdpp-post-cat-link bdpp-post-cat-19 bdpp-post-cat-evenements-a-venir\" href=\"https:\/\/www.starinux.org\/?cat=19\">Ev\u00e8nements \u00e0 venir<\/a><\/div>\r\n\t\t\t\r\n\t\t\t<div class=\"bdpp-post-content-overlay\">\r\n\t\t\t\t<h4 class=\"bdpp-post-title\">\r\n\t\t\t\t\t<a href=\"https:\/\/www.starinux.org\/?p=1890\">JOURNEE DU LOGICIEL  LIBRE 2026   LYON ENS 30\/05\/26 &#8211; 31\/05\/26<\/a>\r\n\t\t\t\t<\/h4>\r\n\r\n\t\t\t\t\t\t\t<\/div>\r\n\t\t<\/div>\r\n\t<\/div>\r\n<\/div>\r\n\t<\/div>\r\n\t<\/div><\/div>\n\n\n<figure><span style=\"font-size: revert; background-color: #ffffff; color: #333399;\"><a href=\"https:\/\/www.starinux.org\/?page_id=211\"><span style=\"color: #800080;\"><strong>Tous nos Ateliers sont \u00e0 retrouver \u00e9galement dans le menu \u00ab\u00a0<em>Nos Ateliers\u00a0\u00bb\/\u00a0\u00bbAteliers \u00e0 venir<\/em>\u00a0\u00bb&nbsp;<\/strong><\/span><\/a><\/span><b style=\"color: #002fa7; font-size: revert;\">&nbsp; &nbsp; <\/b><\/figure>\n\n\n\n<p class=\"has-text-align-center has-vivid-red-color has-very-light-gray-to-cyan-bluish-gray-gradient-background has-text-color has-background has-link-color wp-elements-39dd4d595a091051364ea4f38866fadc wp-block-paragraph\">****<strong> POUR S&rsquo;INSCRIRE \u00e0 UN ATELIER, VOUS DEVEZ ETRE ADHERENT<\/strong> ****<br>a)<strong> <\/strong>Si vous \u00eates adh\u00e9rent, vous devez vous connecter au pr\u00e9alable: Menu \u00ab\u00a0<em>Se connecter<\/em>\u00ab\u00a0<br>b) Sinon vous pouvez adh\u00e9rer: Menu \u00ab\u00a0<em>Contact\/Adh\u00e9rer<\/em>\u00ab\u00a0<\/p>\n","protected":false},"excerpt":{"rendered":"<p>Notre Mission : L&rsquo;association StarinuX, 444 membres (46 adh\u00e9rents) oeuvre pour le bien commun de la VRAIE INFORMATIQUE: le syst\u00e8me GNU\/LINUX, le LOGICIEL LIBRE &amp; OPEN SOURCE \u00e0 travers son r\u00e9seau d&rsquo;entraide convivial pour les particuliers et professionnels. Elle est devenue une association reconnue par ses nombreuses activit\u00e9s : ateliers, conf\u00e9rences, \u00e9v\u00e9nements et un site &hellip; <\/p>\n<p><a class=\"more-link btn\" href=\"https:\/\/www.starinux.org\/\">Lire la suite<\/a><\/p>\n","protected":false},"author":2,"featured_media":0,"parent":0,"menu_order":0,"comment_status":"closed","ping_status":"closed","template":"","meta":{"_bbp_topic_count":0,"_bbp_reply_count":0,"_bbp_total_topic_count":0,"_bbp_total_reply_count":0,"_bbp_voice_count":0,"_bbp_anonymous_reply_count":0,"_bbp_topic_count_hidden":0,"_bbp_reply_count_hidden":0,"_bbp_forum_subforum_count":0,"_crdt_document":"","_piecal_is_event":false,"_piecal_start_date":"","_piecal_end_date":"","_piecal_is_allday":false,"footnotes":""},"class_list":["post-102","page","type-page","status-publish","hentry","nodate","item-wrap"],"publishpress_future_action":{"enabled":false,"date":"2026-04-15 12:14:20","action":"change-status","newStatus":"draft","terms":[],"taxonomy":"","extraData":[]},"publishpress_future_workflow_manual_trigger":{"enabledWorkflows":[]},"_links":{"self":[{"href":"https:\/\/www.starinux.org\/index.php?rest_route=\/wp\/v2\/pages\/102","targetHints":{"allow":["GET"]}}],"collection":[{"href":"https:\/\/www.starinux.org\/index.php?rest_route=\/wp\/v2\/pages"}],"about":[{"href":"https:\/\/www.starinux.org\/index.php?rest_route=\/wp\/v2\/types\/page"}],"author":[{"embeddable":true,"href":"https:\/\/www.starinux.org\/index.php?rest_route=\/wp\/v2\/users\/2"}],"replies":[{"embeddable":true,"href":"https:\/\/www.starinux.org\/index.php?rest_route=%2Fwp%2Fv2%2Fcomments&post=102"}],"version-history":[{"count":55,"href":"https:\/\/www.starinux.org\/index.php?rest_route=\/wp\/v2\/pages\/102\/revisions"}],"predecessor-version":[{"id":1918,"href":"https:\/\/www.starinux.org\/index.php?rest_route=\/wp\/v2\/pages\/102\/revisions\/1918"}],"wp:attachment":[{"href":"https:\/\/www.starinux.org\/index.php?rest_route=%2Fwp%2Fv2%2Fmedia&parent=102"}],"curies":[{"name":"wp","href":"https:\/\/api.w.org\/{rel}","templated":true}]}}